{"id":329,"date":"2020-05-22T07:57:18","date_gmt":"2020-05-22T07:57:18","guid":{"rendered":"http:\/\/www.rito.pt\/rito\/?page_id=329"},"modified":"2024-12-11T13:42:30","modified_gmt":"2024-12-11T13:42:30","slug":"competicao","status":"publish","type":"page","link":"http:\/\/www.rito.pt\/en\/competicao\/","title":{"rendered":"Competition"},"content":{"rendered":"<div data-elementor-type=\"wp-page\" data-elementor-id=\"329\" class=\"elementor elementor-329\" data-elementor-settings=\"[]\">\n\t\t\t<div class=\"elementor-inner\">\n\t\t\t\t<div class=\"elementor-section-wrap\">\n\t\t\t\t\t\t\t<section class=\"elementor-element elementor-element-e0e1880 elementor-section-boxed elementor-section-height-default elementor-section-height-default elementor-section elementor-top-section\" data-id=\"e0e1880\" data-element_type=\"section\">\n\t\t\t\t\t\t<div class=\"elementor-container elementor-column-gap-default\">\n\t\t\t\t<div class=\"elementor-row\">\n\t\t\t\t<div class=\"elementor-element elementor-element-fdf028a elementor-column elementor-col-100 elementor-top-column\" data-id=\"fdf028a\" data-element_type=\"column\">\n\t\t\t<div class=\"elementor-column-wrap  elementor-element-populated\">\n\t\t\t\t\t<div class=\"elementor-widget-wrap\">\n\t\t\t\t<div class=\"elementor-element elementor-element-45db104 elementor-widget elementor-widget-heading\" data-id=\"45db104\" data-element_type=\"widget\" data-widget_type=\"heading.default\">\n\t\t\t\t<div class=\"elementor-widget-container\">\n\t\t\t<h2 class=\"elementor-heading-title elementor-size-default\">COMPETITION<\/h2>\t\t<\/div>\n\t\t\t\t<\/div>\n\t\t\t\t<section class=\"elementor-element elementor-element-61d7b36 elementor-section-boxed elementor-section-height-default elementor-section-height-default elementor-section elementor-inner-section\" data-id=\"61d7b36\" data-element_type=\"section\">\n\t\t\t\t\t\t<div class=\"elementor-container elementor-column-gap-default\">\n\t\t\t\t<div class=\"elementor-row\">\n\t\t\t\t<div class=\"elementor-element elementor-element-d392f18 elementor-column elementor-col-100 elementor-inner-column\" data-id=\"d392f18\" data-element_type=\"column\">\n\t\t\t<div class=\"elementor-column-wrap  elementor-element-populated\">\n\t\t\t\t\t<div class=\"elementor-widget-wrap\">\n\t\t\t\t<div class=\"elementor-element elementor-element-1107119 elementor-widget elementor-widget-text-editor\" data-id=\"1107119\" data-element_type=\"widget\" data-widget_type=\"text-editor.default\">\n\t\t\t\t<div class=\"elementor-widget-container\">\n\t\t\t\t\t<div class=\"elementor-text-editor elementor-clearfix\"><p>\u00a0\u00a0 Our main products are enlisted below. However, our technical capabilities are a lot wider than that. Please let us know what you are looking for and we shall try and find solutions for you.<\/p><p>\u00a0\u00a0 -Synchronized gear boxes\/ A Group Crabot<br \/>\u00a0\u00a0 -Live Ring and Pinion Sets - A Group<br \/>\u00a0\u00a0 -Limited Slip Differentials<br \/>\u00a0\u00a0 -Reducing box with inverter and limited slip differential<br \/>\u00a0\u00a0 -Assisted Steering Reduction gears<br \/>\u00a0\u00a0 -Rack gear and Steering pinion sets - A Group<br \/>\u00a0\u00a0 -Semi-Axles<br \/>\u00a0\u00a0 -Full Pistons, Cylinder Liners, Segment Sets<br \/>\u00a0\u00a0 -Motorcycle Crankshafts<br \/>\u00a0\u00a0 -Motorcycle connecting-rods<br \/>\u00a0\u00a0 -Transmission sets\/Motorcycle Gearboxes<br \/>\u00a0\u00a0 -Sundries<\/p><\/div>\n\t\t\t\t<\/div>\n\t\t\t\t<\/div>\n\t\t\t\t\t\t<\/div>\n\t\t\t<\/div>\n\t\t<\/div>\n\t\t\t\t\t\t<\/div>\n\t\t\t<\/div>\n\t\t<\/section>\n\t\t\t\t\t\t<\/div>\n\t\t\t<\/div>\n\t\t<\/div>\n\t\t\t\t\t\t<\/div>\n\t\t\t<\/div>\n\t\t<\/section>\n\t\t\t\t<section class=\"elementor-element elementor-element-1668fae elementor-section-boxed elementor-section-height-default elementor-section-height-default elementor-section elementor-top-section\" data-id=\"1668fae\" data-element_type=\"section\">\n\t\t\t\t\t\t<div class=\"elementor-container elementor-column-gap-default\">\n\t\t\t\t<div class=\"elementor-row\">\n\t\t\t\t<div class=\"elementor-element elementor-element-20e0741 elementor-column elementor-col-100 elementor-top-column\" data-id=\"20e0741\" data-element_type=\"column\">\n\t\t\t<div class=\"elementor-column-wrap  elementor-element-populated\">\n\t\t\t\t\t<div class=\"elementor-widget-wrap\">\n\t\t\t\t<div class=\"elementor-element elementor-element-266d903 elementor-grid-1 elementor-posts--thumbnail-left elementor-grid-tablet-2 elementor-grid-mobile-1 elementor-widget elementor-widget-posts\" data-id=\"266d903\" data-element_type=\"widget\" data-settings=\"{&quot;classic_columns&quot;:&quot;1&quot;,&quot;classic_columns_tablet&quot;:&quot;2&quot;,&quot;classic_columns_mobile&quot;:&quot;1&quot;,&quot;classic_row_gap&quot;:{&quot;unit&quot;:&quot;px&quot;,&quot;size&quot;:35,&quot;sizes&quot;:[]}}\" data-widget_type=\"posts.classic\">\n\t\t\t\t<div class=\"elementor-widget-container\">\n\t\t\t\t\t<div class=\"elementor-posts-container elementor-posts elementor-posts--skin-classic elementor-grid\">\n\t\t\t\t<article class=\"elementor-post elementor-grid-item post-554 post type-post status-publish format-standard has-post-thumbnail hentry category-competicao category-produtos\">\n\t\t\t\t<a class=\"elementor-post__thumbnail__link\" href=\"http:\/\/www.rito.pt\/en\/conjunto-caixa-redutora-com-inversor-e-autoblocante-redutora-de-ligacao\/\" >\n\t\t\t<div class=\"elementor-post__thumbnail\"><img width=\"800\" height=\"600\" src=\"http:\/\/www.rito.pt\/wp-content\/uploads\/2020\/09\/caixavelocidadesengrenagens.jpg\" class=\"attachment-full size-full\" alt=\"\" loading=\"lazy\" srcset=\"http:\/\/www.rito.pt\/wp-content\/uploads\/2020\/09\/caixavelocidadesengrenagens.jpg 800w, http:\/\/www.rito.pt\/wp-content\/uploads\/2020\/09\/caixavelocidadesengrenagens-300x225.jpg 300w, http:\/\/www.rito.pt\/wp-content\/uploads\/2020\/09\/caixavelocidadesengrenagens-768x576.jpg 768w, http:\/\/www.rito.pt\/wp-content\/uploads\/2020\/09\/caixavelocidadesengrenagens-195x146.jpg 195w, http:\/\/www.rito.pt\/wp-content\/uploads\/2020\/09\/caixavelocidadesengrenagens-50x38.jpg 50w, http:\/\/www.rito.pt\/wp-content\/uploads\/2020\/09\/caixavelocidadesengrenagens-100x75.jpg 100w\" sizes=\"(max-width: 800px) 100vw, 800px\" \/><\/div>\n\t\t<\/a>\n\t\t\t\t<div class=\"elementor-post__text\">\n\t\t\t\t<h3 class=\"elementor-post__title\">\n\t\t\t<a href=\"http:\/\/www.rito.pt\/en\/conjunto-caixa-redutora-com-inversor-e-autoblocante-redutora-de-ligacao\/\" >\n\t\t\t\tSet Reducer Box with Inverter and Autoblocante + Reducer of Connection\t\t\t<\/a>\n\t\t<\/h3>\n\t\t\t\t<\/div>\n\t\t\t\t<\/article>\n\t\t\t\t<article class=\"elementor-post elementor-grid-item post-552 post type-post status-publish format-standard has-post-thumbnail hentry category-competicao category-produtos\">\n\t\t\t\t<a class=\"elementor-post__thumbnail__link\" href=\"http:\/\/www.rito.pt\/en\/caixa-redutora-com-inversor-e-autoblocante-4wd\/\" >\n\t\t\t<div class=\"elementor-post__thumbnail\"><img width=\"800\" height=\"600\" src=\"http:\/\/www.rito.pt\/wp-content\/uploads\/2020\/09\/desenvolvimentoproduto.jpg\" class=\"attachment-full size-full\" alt=\"\" loading=\"lazy\" srcset=\"http:\/\/www.rito.pt\/wp-content\/uploads\/2020\/09\/desenvolvimentoproduto.jpg 800w, http:\/\/www.rito.pt\/wp-content\/uploads\/2020\/09\/desenvolvimentoproduto-300x225.jpg 300w, http:\/\/www.rito.pt\/wp-content\/uploads\/2020\/09\/desenvolvimentoproduto-768x576.jpg 768w, http:\/\/www.rito.pt\/wp-content\/uploads\/2020\/09\/desenvolvimentoproduto-195x146.jpg 195w, http:\/\/www.rito.pt\/wp-content\/uploads\/2020\/09\/desenvolvimentoproduto-50x38.jpg 50w, http:\/\/www.rito.pt\/wp-content\/uploads\/2020\/09\/desenvolvimentoproduto-100x75.jpg 100w\" sizes=\"(max-width: 800px) 100vw, 800px\" \/><\/div>\n\t\t<\/a>\n\t\t\t\t<div class=\"elementor-post__text\">\n\t\t\t\t<h3 class=\"elementor-post__title\">\n\t\t\t<a href=\"http:\/\/www.rito.pt\/en\/caixa-redutora-com-inversor-e-autoblocante-4wd\/\" >\n\t\t\t\tReducer Box with Inverter and Autoblocante 4WD\t\t\t<\/a>\n\t\t<\/h3>\n\t\t\t\t<\/div>\n\t\t\t\t<\/article>\n\t\t\t\t<article class=\"elementor-post elementor-grid-item post-445 post type-post status-publish format-standard has-post-thumbnail hentry category-competicao category-produtos\">\n\t\t\t\t<a class=\"elementor-post__thumbnail__link\" href=\"http:\/\/www.rito.pt\/en\/redutora-de-direccao\/\" >\n\t\t\t<div class=\"elementor-post__thumbnail\"><img width=\"800\" height=\"600\" src=\"http:\/\/www.rito.pt\/wp-content\/uploads\/2020\/05\/Redutora-de-direccao-assistida_FRAME.jpg\" class=\"attachment-full size-full\" alt=\"\" loading=\"lazy\" srcset=\"http:\/\/www.rito.pt\/wp-content\/uploads\/2020\/05\/Redutora-de-direccao-assistida_FRAME.jpg 800w, http:\/\/www.rito.pt\/wp-content\/uploads\/2020\/05\/Redutora-de-direccao-assistida_FRAME-300x225.jpg 300w, http:\/\/www.rito.pt\/wp-content\/uploads\/2020\/05\/Redutora-de-direccao-assistida_FRAME-768x576.jpg 768w, http:\/\/www.rito.pt\/wp-content\/uploads\/2020\/05\/Redutora-de-direccao-assistida_FRAME-195x146.jpg 195w, http:\/\/www.rito.pt\/wp-content\/uploads\/2020\/05\/Redutora-de-direccao-assistida_FRAME-50x38.jpg 50w, http:\/\/www.rito.pt\/wp-content\/uploads\/2020\/05\/Redutora-de-direccao-assistida_FRAME-100x75.jpg 100w\" sizes=\"(max-width: 800px) 100vw, 800px\" \/><\/div>\n\t\t<\/a>\n\t\t\t\t<div class=\"elementor-post__text\">\n\t\t\t\t<h3 class=\"elementor-post__title\">\n\t\t\t<a href=\"http:\/\/www.rito.pt\/en\/redutora-de-direccao\/\" >\n\t\t\t\tAssisted Steering Reduction gear\t\t\t<\/a>\n\t\t<\/h3>\n\t\t\t\t<\/div>\n\t\t\t\t<\/article>\n\t\t\t\t<article class=\"elementor-post elementor-grid-item post-443 post type-post status-publish format-standard has-post-thumbnail hentry category-competicao category-produtos\">\n\t\t\t\t<a class=\"elementor-post__thumbnail__link\" href=\"http:\/\/www.rito.pt\/en\/caixa-de-velocidade-sincronizada-grupo-a\/\" >\n\t\t\t<div class=\"elementor-post__thumbnail\"><img width=\"800\" height=\"600\" src=\"http:\/\/www.rito.pt\/wp-content\/uploads\/2020\/05\/Caixa-de-Velocidades-Sincronizada-Alfa-Romeo-Grupo-A-FRAME.jpg\" class=\"attachment-full size-full\" alt=\"\" loading=\"lazy\" srcset=\"http:\/\/www.rito.pt\/wp-content\/uploads\/2020\/05\/Caixa-de-Velocidades-Sincronizada-Alfa-Romeo-Grupo-A-FRAME.jpg 800w, http:\/\/www.rito.pt\/wp-content\/uploads\/2020\/05\/Caixa-de-Velocidades-Sincronizada-Alfa-Romeo-Grupo-A-FRAME-300x225.jpg 300w, http:\/\/www.rito.pt\/wp-content\/uploads\/2020\/05\/Caixa-de-Velocidades-Sincronizada-Alfa-Romeo-Grupo-A-FRAME-768x576.jpg 768w, http:\/\/www.rito.pt\/wp-content\/uploads\/2020\/05\/Caixa-de-Velocidades-Sincronizada-Alfa-Romeo-Grupo-A-FRAME-195x146.jpg 195w, http:\/\/www.rito.pt\/wp-content\/uploads\/2020\/05\/Caixa-de-Velocidades-Sincronizada-Alfa-Romeo-Grupo-A-FRAME-50x38.jpg 50w, http:\/\/www.rito.pt\/wp-content\/uploads\/2020\/05\/Caixa-de-Velocidades-Sincronizada-Alfa-Romeo-Grupo-A-FRAME-100x75.jpg 100w\" sizes=\"(max-width: 800px) 100vw, 800px\" \/><\/div>\n\t\t<\/a>\n\t\t\t\t<div class=\"elementor-post__text\">\n\t\t\t\t<h3 class=\"elementor-post__title\">\n\t\t\t<a href=\"http:\/\/www.rito.pt\/en\/caixa-de-velocidade-sincronizada-grupo-a\/\" >\n\t\t\t\tSynchronized Gearbox A Group\t\t\t<\/a>\n\t\t<\/h3>\n\t\t\t\t<\/div>\n\t\t\t\t<\/article>\n\t\t\t\t<article class=\"elementor-post elementor-grid-item post-441 post type-post status-publish format-standard has-post-thumbnail hentry category-competicao category-produtos\">\n\t\t\t\t<a class=\"elementor-post__thumbnail__link\" href=\"http:\/\/www.rito.pt\/en\/caixa-redutora-c-inversor-e-autoblocante\/\" >\n\t\t\t<div class=\"elementor-post__thumbnail\"><img width=\"800\" height=\"600\" src=\"http:\/\/www.rito.pt\/wp-content\/uploads\/2020\/05\/REDUTORA-NOVA.jpg\" class=\"attachment-full size-full\" alt=\"\" loading=\"lazy\" srcset=\"http:\/\/www.rito.pt\/wp-content\/uploads\/2020\/05\/REDUTORA-NOVA.jpg 800w, http:\/\/www.rito.pt\/wp-content\/uploads\/2020\/05\/REDUTORA-NOVA-300x225.jpg 300w, http:\/\/www.rito.pt\/wp-content\/uploads\/2020\/05\/REDUTORA-NOVA-768x576.jpg 768w, http:\/\/www.rito.pt\/wp-content\/uploads\/2020\/05\/REDUTORA-NOVA-195x146.jpg 195w, http:\/\/www.rito.pt\/wp-content\/uploads\/2020\/05\/REDUTORA-NOVA-50x38.jpg 50w, http:\/\/www.rito.pt\/wp-content\/uploads\/2020\/05\/REDUTORA-NOVA-100x75.jpg 100w\" sizes=\"(max-width: 800px) 100vw, 800px\" \/><\/div>\n\t\t<\/a>\n\t\t\t\t<div class=\"elementor-post__text\">\n\t\t\t\t<h3 class=\"elementor-post__title\">\n\t\t\t<a href=\"http:\/\/www.rito.pt\/en\/caixa-redutora-c-inversor-e-autoblocante\/\" >\n\t\t\t\tInverter and Limited Slip Reduction gear\t\t\t<\/a>\n\t\t<\/h3>\n\t\t\t\t<\/div>\n\t\t\t\t<\/article>\n\t\t\t\t<article class=\"elementor-post elementor-grid-item post-439 post type-post status-publish format-standard has-post-thumbnail hentry category-competicao category-produtos\">\n\t\t\t\t<a class=\"elementor-post__thumbnail__link\" href=\"http:\/\/www.rito.pt\/en\/manga-de-eixo-porca-central-e-suporte-de-disco-de-travao-porsche\/\" >\n\t\t\t<div class=\"elementor-post__thumbnail\"><img width=\"800\" height=\"600\" src=\"http:\/\/www.rito.pt\/wp-content\/uploads\/2020\/05\/Manga-de-Eixo-Dianteira-e-Suporte-de-Disco-de-Travao-LOLA-T70.jpg\" class=\"attachment-full size-full\" alt=\"\" loading=\"lazy\" srcset=\"http:\/\/www.rito.pt\/wp-content\/uploads\/2020\/05\/Manga-de-Eixo-Dianteira-e-Suporte-de-Disco-de-Travao-LOLA-T70.jpg 800w, http:\/\/www.rito.pt\/wp-content\/uploads\/2020\/05\/Manga-de-Eixo-Dianteira-e-Suporte-de-Disco-de-Travao-LOLA-T70-300x225.jpg 300w, http:\/\/www.rito.pt\/wp-content\/uploads\/2020\/05\/Manga-de-Eixo-Dianteira-e-Suporte-de-Disco-de-Travao-LOLA-T70-768x576.jpg 768w, http:\/\/www.rito.pt\/wp-content\/uploads\/2020\/05\/Manga-de-Eixo-Dianteira-e-Suporte-de-Disco-de-Travao-LOLA-T70-195x146.jpg 195w, http:\/\/www.rito.pt\/wp-content\/uploads\/2020\/05\/Manga-de-Eixo-Dianteira-e-Suporte-de-Disco-de-Travao-LOLA-T70-50x38.jpg 50w, http:\/\/www.rito.pt\/wp-content\/uploads\/2020\/05\/Manga-de-Eixo-Dianteira-e-Suporte-de-Disco-de-Travao-LOLA-T70-100x75.jpg 100w\" sizes=\"(max-width: 800px) 100vw, 800px\" \/><\/div>\n\t\t<\/a>\n\t\t\t\t<div class=\"elementor-post__text\">\n\t\t\t\t<h3 class=\"elementor-post__title\">\n\t\t\t<a href=\"http:\/\/www.rito.pt\/en\/manga-de-eixo-porca-central-e-suporte-de-disco-de-travao-porsche\/\" >\n\t\t\t\tPorsche Axle Sleeve, Center Nut and Brake Disc Holder\t\t\t<\/a>\n\t\t<\/h3>\n\t\t\t\t<\/div>\n\t\t\t\t<\/article>\n\t\t\t\t<article class=\"elementor-post elementor-grid-item post-437 post type-post status-publish format-standard has-post-thumbnail hentry category-competicao category-produtos\">\n\t\t\t\t<a class=\"elementor-post__thumbnail__link\" href=\"http:\/\/www.rito.pt\/en\/diferencial-autoblocante\/\" >\n\t\t\t<div class=\"elementor-post__thumbnail\"><img width=\"800\" height=\"600\" src=\"http:\/\/www.rito.pt\/wp-content\/uploads\/2020\/05\/Autoblocante-Suzuki-Vitara-1.jpg\" class=\"attachment-full size-full\" alt=\"\" loading=\"lazy\" srcset=\"http:\/\/www.rito.pt\/wp-content\/uploads\/2020\/05\/Autoblocante-Suzuki-Vitara-1.jpg 800w, http:\/\/www.rito.pt\/wp-content\/uploads\/2020\/05\/Autoblocante-Suzuki-Vitara-1-300x225.jpg 300w, http:\/\/www.rito.pt\/wp-content\/uploads\/2020\/05\/Autoblocante-Suzuki-Vitara-1-768x576.jpg 768w, http:\/\/www.rito.pt\/wp-content\/uploads\/2020\/05\/Autoblocante-Suzuki-Vitara-1-195x146.jpg 195w, http:\/\/www.rito.pt\/wp-content\/uploads\/2020\/05\/Autoblocante-Suzuki-Vitara-1-50x38.jpg 50w, http:\/\/www.rito.pt\/wp-content\/uploads\/2020\/05\/Autoblocante-Suzuki-Vitara-1-100x75.jpg 100w\" sizes=\"(max-width: 800px) 100vw, 800px\" \/><\/div>\n\t\t<\/a>\n\t\t\t\t<div class=\"elementor-post__text\">\n\t\t\t\t<h3 class=\"elementor-post__title\">\n\t\t\t<a href=\"http:\/\/www.rito.pt\/en\/diferencial-autoblocante\/\" >\n\t\t\t\tLimited Slip Differentia\t\t\t<\/a>\n\t\t<\/h3>\n\t\t\t\t<\/div>\n\t\t\t\t<\/article>\n\t\t\t\t<article class=\"elementor-post elementor-grid-item post-435 post type-post status-publish format-standard has-post-thumbnail hentry category-caixas-de-velocidades-engrenagens category-competicao category-produtos\">\n\t\t\t\t<a class=\"elementor-post__thumbnail__link\" href=\"http:\/\/www.rito.pt\/en\/caixa-peugeot-citroen-be-3-4\/\" >\n\t\t\t<div class=\"elementor-post__thumbnail\"><img width=\"800\" height=\"600\" src=\"http:\/\/www.rito.pt\/wp-content\/uploads\/2020\/05\/CAIXA-PEUGEOT-CRABOT-BE3_4-FRAME-1.jpg\" class=\"attachment-full size-full\" alt=\"\" loading=\"lazy\" srcset=\"http:\/\/www.rito.pt\/wp-content\/uploads\/2020\/05\/CAIXA-PEUGEOT-CRABOT-BE3_4-FRAME-1.jpg 800w, http:\/\/www.rito.pt\/wp-content\/uploads\/2020\/05\/CAIXA-PEUGEOT-CRABOT-BE3_4-FRAME-1-300x225.jpg 300w, http:\/\/www.rito.pt\/wp-content\/uploads\/2020\/05\/CAIXA-PEUGEOT-CRABOT-BE3_4-FRAME-1-768x576.jpg 768w, http:\/\/www.rito.pt\/wp-content\/uploads\/2020\/05\/CAIXA-PEUGEOT-CRABOT-BE3_4-FRAME-1-195x146.jpg 195w, http:\/\/www.rito.pt\/wp-content\/uploads\/2020\/05\/CAIXA-PEUGEOT-CRABOT-BE3_4-FRAME-1-50x38.jpg 50w, http:\/\/www.rito.pt\/wp-content\/uploads\/2020\/05\/CAIXA-PEUGEOT-CRABOT-BE3_4-FRAME-1-100x75.jpg 100w\" sizes=\"(max-width: 800px) 100vw, 800px\" \/><\/div>\n\t\t<\/a>\n\t\t\t\t<div class=\"elementor-post__text\">\n\t\t\t\t<h3 class=\"elementor-post__title\">\n\t\t\t<a href=\"http:\/\/www.rito.pt\/en\/caixa-peugeot-citroen-be-3-4\/\" >\n\t\t\t\tGearbox Peugeot\/Citr\u00f6en BE 3\/4\t\t\t<\/a>\n\t\t<\/h3>\n\t\t\t\t<\/div>\n\t\t\t\t<\/article>\n\t\t\t\t<article class=\"elementor-post elementor-grid-item post-433 post type-post status-publish format-standard has-post-thumbnail hentry category-competicao category-produtos\">\n\t\t\t\t<a class=\"elementor-post__thumbnail__link\" href=\"http:\/\/www.rito.pt\/en\/caixa-mitsubishi-lancer-evolution-iv-ix\/\" >\n\t\t\t<div class=\"elementor-post__thumbnail\"><img width=\"800\" height=\"600\" src=\"http:\/\/www.rito.pt\/wp-content\/uploads\/2020\/05\/CAIXA-MITSUBISHI-CRABOT-FRAME.jpg\" class=\"attachment-full size-full\" alt=\"\" loading=\"lazy\" srcset=\"http:\/\/www.rito.pt\/wp-content\/uploads\/2020\/05\/CAIXA-MITSUBISHI-CRABOT-FRAME.jpg 800w, http:\/\/www.rito.pt\/wp-content\/uploads\/2020\/05\/CAIXA-MITSUBISHI-CRABOT-FRAME-300x225.jpg 300w, http:\/\/www.rito.pt\/wp-content\/uploads\/2020\/05\/CAIXA-MITSUBISHI-CRABOT-FRAME-768x576.jpg 768w, http:\/\/www.rito.pt\/wp-content\/uploads\/2020\/05\/CAIXA-MITSUBISHI-CRABOT-FRAME-195x146.jpg 195w, http:\/\/www.rito.pt\/wp-content\/uploads\/2020\/05\/CAIXA-MITSUBISHI-CRABOT-FRAME-50x38.jpg 50w, http:\/\/www.rito.pt\/wp-content\/uploads\/2020\/05\/CAIXA-MITSUBISHI-CRABOT-FRAME-100x75.jpg 100w\" sizes=\"(max-width: 800px) 100vw, 800px\" \/><\/div>\n\t\t<\/a>\n\t\t\t\t<div class=\"elementor-post__text\">\n\t\t\t\t<h3 class=\"elementor-post__title\">\n\t\t\t<a href=\"http:\/\/www.rito.pt\/en\/caixa-mitsubishi-lancer-evolution-iv-ix\/\" >\n\t\t\t\tGearbox Mitsubishi Lancer Evolution IV\/IX\t\t\t<\/a>\n\t\t<\/h3>\n\t\t\t\t<\/div>\n\t\t\t\t<\/article>\n\t\t\t\t<article class=\"elementor-post elementor-grid-item post-395 post type-post status-publish format-standard has-post-thumbnail hentry category-competicao category-motociclismo category-produtos\">\n\t\t\t\t<a class=\"elementor-post__thumbnail__link\" href=\"http:\/\/www.rito.pt\/en\/cambotas-completas-para-motociclos\/\" >\n\t\t\t<div class=\"elementor-post__thumbnail\"><img width=\"800\" height=\"600\" src=\"http:\/\/www.rito.pt\/wp-content\/uploads\/2020\/05\/CAMBOTA-TACOS-AND-FRAME.jpg\" class=\"attachment-full size-full\" alt=\"\" loading=\"lazy\" srcset=\"http:\/\/www.rito.pt\/wp-content\/uploads\/2020\/05\/CAMBOTA-TACOS-AND-FRAME.jpg 800w, http:\/\/www.rito.pt\/wp-content\/uploads\/2020\/05\/CAMBOTA-TACOS-AND-FRAME-300x225.jpg 300w, http:\/\/www.rito.pt\/wp-content\/uploads\/2020\/05\/CAMBOTA-TACOS-AND-FRAME-768x576.jpg 768w, http:\/\/www.rito.pt\/wp-content\/uploads\/2020\/05\/CAMBOTA-TACOS-AND-FRAME-195x146.jpg 195w, http:\/\/www.rito.pt\/wp-content\/uploads\/2020\/05\/CAMBOTA-TACOS-AND-FRAME-50x38.jpg 50w, http:\/\/www.rito.pt\/wp-content\/uploads\/2020\/05\/CAMBOTA-TACOS-AND-FRAME-100x75.jpg 100w\" sizes=\"(max-width: 800px) 100vw, 800px\" \/><\/div>\n\t\t<\/a>\n\t\t\t\t<div class=\"elementor-post__text\">\n\t\t\t\t<h3 class=\"elementor-post__title\">\n\t\t\t<a href=\"http:\/\/www.rito.pt\/en\/cambotas-completas-para-motociclos\/\" >\n\t\t\t\tMotorcycle Crankshafts\t\t\t<\/a>\n\t\t<\/h3>\n\t\t\t\t<\/div>\n\t\t\t\t<\/article>\n\t\t\t\t<\/div>\n\t\t\t\t<\/div>\n\t\t\t\t<\/div>\n\t\t\t\t\t\t<\/div>\n\t\t\t<\/div>\n\t\t<\/div>\n\t\t\t\t\t\t<\/div>\n\t\t\t<\/div>\n\t\t<\/section>\n\t\t\t\t<section class=\"elementor-element elementor-element-6d5915c elementor-section-boxed elementor-section-height-default elementor-section-height-default elementor-section elementor-top-section\" data-id=\"6d5915c\" data-element_type=\"section\">\n\t\t\t\t\t\t<div class=\"elementor-container elementor-column-gap-default\">\n\t\t\t\t<div class=\"elementor-row\">\n\t\t\t\t<div class=\"elementor-element elementor-element-707181d elementor-column elementor-col-100 elementor-top-column\" data-id=\"707181d\" data-element_type=\"column\">\n\t\t\t<div class=\"elementor-column-wrap  elementor-element-populated\">\n\t\t\t\t\t<div class=\"elementor-widget-wrap\">\n\t\t\t\t<section class=\"elementor-element elementor-element-a945c13 elementor-section-boxed elementor-section-height-default elementor-section-height-default elementor-section elementor-inner-section\" data-id=\"a945c13\" data-element_type=\"section\">\n\t\t\t\t\t\t<div class=\"elementor-container elementor-column-gap-default\">\n\t\t\t\t<div class=\"elementor-row\">\n\t\t\t\t<div class=\"elementor-element elementor-element-a834fe1 elementor-column elementor-col-50 elementor-inner-column\" data-id=\"a834fe1\" data-element_type=\"column\">\n\t\t\t<div class=\"elementor-column-wrap  elementor-element-populated\">\n\t\t\t\t\t<div class=\"elementor-widget-wrap\">\n\t\t\t\t<div class=\"elementor-element elementor-element-fb5dac2 elementor-widget elementor-widget-heading\" data-id=\"fb5dac2\" data-element_type=\"widget\" data-widget_type=\"heading.default\">\n\t\t\t\t<div class=\"elementor-widget-container\">\n\t\t\t<h4 class=\"elementor-heading-title elementor-size-default\">Experience<\/h4>\t\t<\/div>\n\t\t\t\t<\/div>\n\t\t\t\t<div class=\"elementor-element elementor-element-c6f3757 elementor-widget elementor-widget-text-editor\" data-id=\"c6f3757\" data-element_type=\"widget\" data-widget_type=\"text-editor.default\">\n\t\t\t\t<div class=\"elementor-widget-container\">\n\t\t\t\t\t<div class=\"elementor-text-editor elementor-clearfix\"><p>\u00a0\u00a0 A new activity under the name Contest has been implemented in this company, due to the enthusiasm and commitment of its technicians in the quest for new challenges and solutions. Their idea is that of using new raw materials, new heat treatment proceedings, new technologies, new tools and new production processes. This company has developed, throughout the past decade, innovative solutions with the support of a few brand teams and technicians, conveying confidence to our business partners.<\/p><p>\u00a0\u00a0 Our CAD systems as well as our computerized calculus programmes enable us to simulate various solutions for our goals and to define better working processes.\nOur experience and creativity, gathered along more than a decade, is focussed on cars and motorcycling with the aim to develop the motor sports activity.<\/p><\/div>\n\t\t\t\t<\/div>\n\t\t\t\t<\/div>\n\t\t\t\t\t\t<\/div>\n\t\t\t<\/div>\n\t\t<\/div>\n\t\t\t\t<div class=\"elementor-element elementor-element-97808f1 elementor-column elementor-col-50 elementor-inner-column\" data-id=\"97808f1\" data-element_type=\"column\">\n\t\t\t<div class=\"elementor-column-wrap  elementor-element-populated\">\n\t\t\t\t\t<div class=\"elementor-widget-wrap\">\n\t\t\t\t<div class=\"elementor-element elementor-element-44f5910 elementor-widget elementor-widget-heading\" data-id=\"44f5910\" data-element_type=\"widget\" data-widget_type=\"heading.default\">\n\t\t\t\t<div class=\"elementor-widget-container\">\n\t\t\t<h4 class=\"elementor-heading-title elementor-size-default\">Technology<\/h4>\t\t<\/div>\n\t\t\t\t<\/div>\n\t\t\t\t<div class=\"elementor-element elementor-element-ad492bf elementor-widget elementor-widget-text-editor\" data-id=\"ad492bf\" data-element_type=\"widget\" data-widget_type=\"text-editor.default\">\n\t\t\t\t<div class=\"elementor-widget-container\">\n\t\t\t\t\t<div class=\"elementor-text-editor elementor-clearfix\"><p>\u00a0\u00a0 Among the \"state-of-the-art\" technologies that we use, we should like to stress the Plasma projection of several materials, non-deforming laser welding of thermal pre-treated units, electro-discharge wire-cut, shock treatment to increase fatigue strength \"Shot Peening\".<\/p><p>\u00a0\u00a0 Our CAD systems as well as our computerized calculus programmes enable us to simulate various solutions for our goals and to define better working processes.<\/p><p>\u00a0\u00a0 Load-break rating to be borne by spare parts is increased by the use of special tools. The execution and finishing qualities are considerably increased due to the use of CNC machinery.<\/p><\/div>\n\t\t\t\t<\/div>\n\t\t\t\t<\/div>\n\t\t\t\t\t\t<\/div>\n\t\t\t<\/div>\n\t\t<\/div>\n\t\t\t\t\t\t<\/div>\n\t\t\t<\/div>\n\t\t<\/section>\n\t\t\t\t\t\t<\/div>\n\t\t\t<\/div>\n\t\t<\/div>\n\t\t\t\t\t\t<\/div>\n\t\t\t<\/div>\n\t\t<\/section>\n\t\t\t\t\t\t<\/div>\n\t\t\t<\/div>\n\t\t<\/div>","protected":false},"excerpt":{"rendered":"<p>COMPETI\u00c7\u00c3O &nbsp;&nbsp; Temos como principais produtos que fabricamos os abaixo mencionados. No entanto n\u00e3o se esgotam com eles as nossas possibilidades de o ajudar a resolver<\/p>","protected":false},"author":1,"featured_media":0,"parent":0,"menu_order":0,"comment_status":"closed","ping_status":"closed","template":"","meta":{"spay_email":""},"_links":{"self":[{"href":"http:\/\/www.rito.pt\/en\/wp-json\/wp\/v2\/pages\/329"}],"collection":[{"href":"http:\/\/www.rito.pt\/en\/wp-json\/wp\/v2\/pages"}],"about":[{"href":"http:\/\/www.rito.pt\/en\/wp-json\/wp\/v2\/types\/page"}],"author":[{"embeddable":true,"href":"http:\/\/www.rito.pt\/en\/wp-json\/wp\/v2\/users\/1"}],"replies":[{"embeddable":true,"href":"http:\/\/www.rito.pt\/en\/wp-json\/wp\/v2\/comments?post=329"}],"version-history":[{"count":12,"href":"http:\/\/www.rito.pt\/en\/wp-json\/wp\/v2\/pages\/329\/revisions"}],"predecessor-version":[{"id":896,"href":"http:\/\/www.rito.pt\/en\/wp-json\/wp\/v2\/pages\/329\/revisions\/896"}],"wp:attachment":[{"href":"http:\/\/www.rito.pt\/en\/wp-json\/wp\/v2\/media?parent=329"}],"curies":[{"name":"wp","href":"https:\/\/api.w.org\/{rel}","templated":true}]}}