{"id":594,"date":"2020-09-23T14:17:09","date_gmt":"2020-09-23T14:17:09","guid":{"rendered":"http:\/\/www.rito.pt\/rito\/?page_id=594"},"modified":"2020-10-22T15:13:49","modified_gmt":"2020-10-22T15:13:49","slug":"desenvolvimento-de-produto","status":"publish","type":"page","link":"http:\/\/www.rito.pt\/en\/desenvolvimento-de-produto\/","title":{"rendered":"Product development"},"content":{"rendered":"<div data-elementor-type=\"wp-page\" data-elementor-id=\"594\" class=\"elementor elementor-594\" data-elementor-settings=\"[]\">\n\t\t\t<div class=\"elementor-inner\">\n\t\t\t\t<div class=\"elementor-section-wrap\">\n\t\t\t\t\t\t\t<section class=\"elementor-element elementor-element-8ab76ec elementor-section-boxed elementor-section-height-default elementor-section-height-default elementor-section elementor-top-section\" data-id=\"8ab76ec\" data-element_type=\"section\">\n\t\t\t\t\t\t<div class=\"elementor-container elementor-column-gap-default\">\n\t\t\t\t<div class=\"elementor-row\">\n\t\t\t\t<div class=\"elementor-element elementor-element-ec0339e elementor-column elementor-col-100 elementor-top-column\" data-id=\"ec0339e\" data-element_type=\"column\">\n\t\t\t<div class=\"elementor-column-wrap  elementor-element-populated\">\n\t\t\t\t\t<div class=\"elementor-widget-wrap\">\n\t\t\t\t<div class=\"elementor-element elementor-element-52ee384 elementor-widget elementor-widget-menu-anchor\" data-id=\"52ee384\" data-element_type=\"widget\" data-widget_type=\"menu-anchor.default\">\n\t\t\t\t<div class=\"elementor-widget-container\">\n\t\t\t\t\t<div id=\"des\" class=\"elementor-menu-anchor\"><\/div>\n\t\t\t\t<\/div>\n\t\t\t\t<\/div>\n\t\t\t\t<div class=\"elementor-element elementor-element-c07a78e elementor-widget elementor-widget-heading\" data-id=\"c07a78e\" data-element_type=\"widget\" data-widget_type=\"heading.default\">\n\t\t\t\t<div class=\"elementor-widget-container\">\n\t\t\t<h2 class=\"elementor-heading-title elementor-size-default\">Product development<\/h2>\t\t<\/div>\n\t\t\t\t<\/div>\n\t\t\t\t\t\t<\/div>\n\t\t\t<\/div>\n\t\t<\/div>\n\t\t\t\t\t\t<\/div>\n\t\t\t<\/div>\n\t\t<\/section>\n\t\t\t\t<section class=\"elementor-element elementor-element-6cf6407 elementor-section-content-middle elementor-section-boxed elementor-section-height-default elementor-section-height-default elementor-section elementor-top-section\" data-id=\"6cf6407\" data-element_type=\"section\">\n\t\t\t\t\t\t<div class=\"elementor-container elementor-column-gap-default\">\n\t\t\t\t<div class=\"elementor-row\">\n\t\t\t\t<div class=\"elementor-element elementor-element-7bb3c25 elementor-column elementor-col-50 elementor-top-column\" data-id=\"7bb3c25\" data-element_type=\"column\">\n\t\t\t<div class=\"elementor-column-wrap  elementor-element-populated\">\n\t\t\t\t\t<div class=\"elementor-widget-wrap\">\n\t\t\t\t<div class=\"elementor-element elementor-element-a57cba1 elementor-widget elementor-widget-text-editor\" data-id=\"a57cba1\" data-element_type=\"widget\" data-widget_type=\"text-editor.default\">\n\t\t\t\t<div class=\"elementor-widget-container\">\n\t\t\t\t\t<div class=\"elementor-text-editor elementor-clearfix\"><div id=\"detalhe\"><p><span class=\"titulo1\">TECHNOLOGY<\/span>\u00a0<\/p><p>\u00a0\u00a0 We support technology with \u201cknow how\u201d which has been gathered during more than 50 years by our technicians and staff in general.<\/p><p>\u00a0\u00a0 Modern CNC equipments enable a better production process and ensure dimensional and finishing quality. Computerized support such as the new Production Program (Sipro-Ind\u00fastria), Quality Program (SIQA), Monitor and Measurement Device Control Program (DMM) and Computer Aided Design (Auto-Cad) help us in preparing success for the future.<\/p><\/div><\/div>\n\t\t\t\t<\/div>\n\t\t\t\t<\/div>\n\t\t\t\t\t\t<\/div>\n\t\t\t<\/div>\n\t\t<\/div>\n\t\t\t\t<div class=\"elementor-element elementor-element-cd8d5e7 elementor-column elementor-col-50 elementor-top-column\" data-id=\"cd8d5e7\" data-element_type=\"column\">\n\t\t\t<div class=\"elementor-column-wrap  elementor-element-populated\">\n\t\t\t\t\t<div class=\"elementor-widget-wrap\">\n\t\t\t\t<div class=\"elementor-element elementor-element-a406015 elementor-widget elementor-widget-image\" data-id=\"a406015\" data-element_type=\"widget\" data-widget_type=\"image.default\">\n\t\t\t\t<div class=\"elementor-widget-container\">\n\t\t\t\t\t<div class=\"elementor-image\">\n\t\t\t\t\t\t\t\t\t\t<img width=\"1000\" height=\"667\" src=\"http:\/\/www.rito.pt\/wp-content\/uploads\/2020\/05\/IMG_24290.jpg\" class=\"attachment-large size-large\" alt=\"\" loading=\"lazy\" srcset=\"http:\/\/www.rito.pt\/wp-content\/uploads\/2020\/05\/IMG_24290.jpg 1000w, http:\/\/www.rito.pt\/wp-content\/uploads\/2020\/05\/IMG_24290-300x200.jpg 300w, http:\/\/www.rito.pt\/wp-content\/uploads\/2020\/05\/IMG_24290-768x512.jpg 768w, http:\/\/www.rito.pt\/wp-content\/uploads\/2020\/05\/IMG_24290-219x146.jpg 219w, http:\/\/www.rito.pt\/wp-content\/uploads\/2020\/05\/IMG_24290-50x33.jpg 50w, http:\/\/www.rito.pt\/wp-content\/uploads\/2020\/05\/IMG_24290-112x75.jpg 112w\" sizes=\"(max-width: 1000px) 100vw, 1000px\" \/>\t\t\t\t\t\t\t\t\t\t\t<\/div>\n\t\t\t\t<\/div>\n\t\t\t\t<\/div>\n\t\t\t\t\t\t<\/div>\n\t\t\t<\/div>\n\t\t<\/div>\n\t\t\t\t\t\t<\/div>\n\t\t\t<\/div>\n\t\t<\/section>\n\t\t\t\t<section class=\"elementor-element elementor-element-5211310 elementor-section-content-middle elementor-section-boxed elementor-section-height-default elementor-section-height-default elementor-section elementor-top-section\" data-id=\"5211310\" data-element_type=\"section\">\n\t\t\t\t\t\t<div class=\"elementor-container elementor-column-gap-default\">\n\t\t\t\t<div class=\"elementor-row\">\n\t\t\t\t<div class=\"elementor-element elementor-element-b787005 elementor-column elementor-col-50 elementor-top-column\" data-id=\"b787005\" data-element_type=\"column\">\n\t\t\t<div class=\"elementor-column-wrap  elementor-element-populated\">\n\t\t\t\t\t<div class=\"elementor-widget-wrap\">\n\t\t\t\t<div class=\"elementor-element elementor-element-139f3f6 elementor-widget elementor-widget-image\" data-id=\"139f3f6\" data-element_type=\"widget\" data-widget_type=\"image.default\">\n\t\t\t\t<div class=\"elementor-widget-container\">\n\t\t\t\t\t<div class=\"elementor-image\">\n\t\t\t\t\t\t\t\t\t\t<img width=\"800\" height=\"600\" src=\"http:\/\/www.rito.pt\/wp-content\/uploads\/2020\/05\/Motor-de-2-Tempos-_50cc_Bicilindrico-do-Ano-1951__.jpg\" class=\"attachment-large size-large\" alt=\"\" loading=\"lazy\" srcset=\"http:\/\/www.rito.pt\/wp-content\/uploads\/2020\/05\/Motor-de-2-Tempos-_50cc_Bicilindrico-do-Ano-1951__.jpg 800w, http:\/\/www.rito.pt\/wp-content\/uploads\/2020\/05\/Motor-de-2-Tempos-_50cc_Bicilindrico-do-Ano-1951__-300x225.jpg 300w, http:\/\/www.rito.pt\/wp-content\/uploads\/2020\/05\/Motor-de-2-Tempos-_50cc_Bicilindrico-do-Ano-1951__-768x576.jpg 768w, http:\/\/www.rito.pt\/wp-content\/uploads\/2020\/05\/Motor-de-2-Tempos-_50cc_Bicilindrico-do-Ano-1951__-195x146.jpg 195w, http:\/\/www.rito.pt\/wp-content\/uploads\/2020\/05\/Motor-de-2-Tempos-_50cc_Bicilindrico-do-Ano-1951__-50x38.jpg 50w, http:\/\/www.rito.pt\/wp-content\/uploads\/2020\/05\/Motor-de-2-Tempos-_50cc_Bicilindrico-do-Ano-1951__-100x75.jpg 100w\" sizes=\"(max-width: 800px) 100vw, 800px\" \/>\t\t\t\t\t\t\t\t\t\t\t<\/div>\n\t\t\t\t<\/div>\n\t\t\t\t<\/div>\n\t\t\t\t\t\t<\/div>\n\t\t\t<\/div>\n\t\t<\/div>\n\t\t\t\t<div class=\"elementor-element elementor-element-1bb82bd elementor-column elementor-col-50 elementor-top-column\" data-id=\"1bb82bd\" data-element_type=\"column\">\n\t\t\t<div class=\"elementor-column-wrap  elementor-element-populated\">\n\t\t\t\t\t<div class=\"elementor-widget-wrap\">\n\t\t\t\t<div class=\"elementor-element elementor-element-e34d43b elementor-widget elementor-widget-text-editor\" data-id=\"e34d43b\" data-element_type=\"widget\" data-widget_type=\"text-editor.default\">\n\t\t\t\t<div class=\"elementor-widget-container\">\n\t\t\t\t\t<div class=\"elementor-text-editor elementor-clearfix\"><div id=\"detalhe\"><p><span class=\"titulo1\">INNOVATION<\/span><\/p><p>\u00a0\u00a0 One of the first important achievements of the company was the design and production of a 50 c.c. two-cylinder, two-stroke engine back in 1951.<\/p><p>\u00a0\u00a0 In close cooperation with the company Entreposto, Rito developed and produced a differential set and steering box for the new motor vehicle model SADO. In the 80\u2019s and 90\u2019s, Rito also designed and produced synchronized gear and clutch boxes. Such boxes are still part of our daily production.<\/p><p>\u00a0\u00a0 Due to the special soil morphology in Madeira Island, we have researched, assessed and produced differential sets and gear boxes with adequate transmission relationships.  These innovative achievements were to be built in brand new passenger cars and buses of several automotive brands and models.<\/p><p>\u00a0\u00a0 We have participated in the national project for the construction of an electric car, designing and producing a fully innovative rotor wheel transmission system.<\/p><\/div><\/div>\n\t\t\t\t<\/div>\n\t\t\t\t<\/div>\n\t\t\t\t\t\t<\/div>\n\t\t\t<\/div>\n\t\t<\/div>\n\t\t\t\t\t\t<\/div>\n\t\t\t<\/div>\n\t\t<\/section>\n\t\t\t\t<section class=\"elementor-element elementor-element-df35e0d elementor-section-boxed elementor-section-height-default elementor-section-height-default elementor-section elementor-top-section\" data-id=\"df35e0d\" data-element_type=\"section\">\n\t\t\t\t\t\t<div class=\"elementor-container elementor-column-gap-default\">\n\t\t\t\t<div class=\"elementor-row\">\n\t\t\t\t<div class=\"elementor-element elementor-element-af9bf09 elementor-column elementor-col-100 elementor-top-column\" data-id=\"af9bf09\" data-element_type=\"column\">\n\t\t\t<div class=\"elementor-column-wrap  elementor-element-populated\">\n\t\t\t\t\t<div class=\"elementor-widget-wrap\">\n\t\t\t\t<div class=\"elementor-element elementor-element-d419ed7 elementor-widget elementor-widget-text-editor\" data-id=\"d419ed7\" data-element_type=\"widget\" data-widget_type=\"text-editor.default\">\n\t\t\t\t<div class=\"elementor-widget-container\">\n\t\t\t\t\t<div class=\"elementor-text-editor elementor-clearfix\"><p>QUALITY<\/p><p>THE <strong><em>Ant\u00f3nio Ferreira Rito &amp; Filhos, L.da.<\/em><\/strong> it has vast knowledge and technological experience and intends to grow its market and improve its products and services in order to continuously improve its management system.<\/p><p>The maintenance of the Quality System at Ant\u00f3nio Ferreira Rito &amp; Filhos, Lda allows us to improve and develop the internal and external communication of our organization, in order to satisfy the needs of the market and relevant stakeholders, ensuring compliance with all regulatory and regulatory requirements. applicable legal requirements.<\/p><p>The objective is to increase the productivity and quality of the final product through the improvement of techniques and methods in the manufacturing processes and even better management and training of human resources.<br \/>It is intended, therefore, to continuously increase the degree of customer confidence and satisfaction as well as to improve customer support.<\/p><p>The company also aims to increase the capacity for technical-commercial intervention with the customer, by looking for new markets, systematically improving the relationship with our external suppliers, aiming at improving the requirements of our product and service.<br \/>These are the guidelines for Quality that Management and its most directly responsible people support. With the collaboration of all, it will be possible to implement these strategies successfully.<\/p><\/div>\n\t\t\t\t<\/div>\n\t\t\t\t<\/div>\n\t\t\t\t\t\t<\/div>\n\t\t\t<\/div>\n\t\t<\/div>\n\t\t\t\t\t\t<\/div>\n\t\t\t<\/div>\n\t\t<\/section>\n\t\t\t\t<section class=\"elementor-element elementor-element-74d7dbc elementor-section-boxed elementor-section-height-default elementor-section-height-default elementor-section elementor-top-section\" data-id=\"74d7dbc\" data-element_type=\"section\">\n\t\t\t\t\t\t<div class=\"elementor-container elementor-column-gap-default\">\n\t\t\t\t<div class=\"elementor-row\">\n\t\t\t\t<div class=\"elementor-element elementor-element-dafbc5b elementor-column elementor-col-100 elementor-top-column\" data-id=\"dafbc5b\" data-element_type=\"column\">\n\t\t\t<div class=\"elementor-column-wrap  elementor-element-populated\">\n\t\t\t\t\t<div class=\"elementor-widget-wrap\">\n\t\t\t\t<div class=\"elementor-element elementor-element-fe80580 elementor-widget elementor-widget-gallery\" data-id=\"fe80580\" data-element_type=\"widget\" data-settings=\"{&quot;columns&quot;:5,&quot;gap&quot;:{&quot;unit&quot;:&quot;px&quot;,&quot;size&quot;:11,&quot;sizes&quot;:[]},&quot;aspect_ratio&quot;:&quot;4:3&quot;,&quot;lazyload&quot;:&quot;yes&quot;,&quot;gallery_layout&quot;:&quot;grid&quot;,&quot;columns_tablet&quot;:2,&quot;columns_mobile&quot;:1,&quot;gap_tablet&quot;:{&quot;unit&quot;:&quot;px&quot;,&quot;size&quot;:10,&quot;sizes&quot;:[]},&quot;gap_mobile&quot;:{&quot;unit&quot;:&quot;px&quot;,&quot;size&quot;:10,&quot;sizes&quot;:[]},&quot;link_to&quot;:&quot;file&quot;,&quot;overlay_background&quot;:&quot;yes&quot;,&quot;content_hover_animation&quot;:&quot;fade-in&quot;}\" data-widget_type=\"gallery.default\">\n\t\t\t\t<div class=\"elementor-widget-container\">\n\t\t\t\t\t<div class=\"elementor-gallery__container\">\n\t\t\t\t\t\t\t<a class=\"e-gallery-item elementor-gallery-item elementor-animated-content\" href=\"http:\/\/www.rito.pt\/wp-content\/uploads\/2020\/05\/CAIXA-MITSUBISHI-CRABOT-FRAME.jpg\" data-elementor-open-lightbox=\"yes\" data-elementor-lightbox-slideshow=\"all-fe80580\" data-elementor-lightbox-title=\"CAIXA MITSUBISHI CRABOT FRAME\">\n\t\t\t\t\t<div class=\"e-gallery-image elementor-gallery-item__image\" data-thumbnail=\"http:\/\/www.rito.pt\/wp-content\/uploads\/2020\/05\/CAIXA-MITSUBISHI-CRABOT-FRAME-300x225.jpg\" data-width=\"300\" data-height=\"225\" alt=\"\" ><\/div>\n\t\t\t\t\t\t\t\t\t\t<div class=\"elementor-gallery-item__overlay\"><\/div>\n\t\t\t\t\t\t\t\t\t\t\t\t\t\t<\/a>\n\t\t\t\t\t\t\t<a class=\"e-gallery-item elementor-gallery-item elementor-animated-content\" href=\"http:\/\/www.rito.pt\/wp-content\/uploads\/2020\/05\/CAMBOTA-TACOS-AND-FRAME.jpg\" data-elementor-open-lightbox=\"yes\" data-elementor-lightbox-slideshow=\"all-fe80580\" data-elementor-lightbox-title=\"CAMBOTA TACOS AND FRAME\">\n\t\t\t\t\t<div class=\"e-gallery-image elementor-gallery-item__image\" data-thumbnail=\"http:\/\/www.rito.pt\/wp-content\/uploads\/2020\/05\/CAMBOTA-TACOS-AND-FRAME-300x225.jpg\" data-width=\"300\" data-height=\"225\" alt=\"\" ><\/div>\n\t\t\t\t\t\t\t\t\t\t<div class=\"elementor-gallery-item__overlay\"><\/div>\n\t\t\t\t\t\t\t\t\t\t\t\t\t\t<\/a>\n\t\t\t\t\t\t\t<a class=\"e-gallery-item elementor-gallery-item elementor-animated-content\" href=\"http:\/\/www.rito.pt\/wp-content\/uploads\/2020\/05\/Bielas-Motociclismo-FRAME.jpg\" data-elementor-open-lightbox=\"yes\" data-elementor-lightbox-slideshow=\"all-fe80580\" data-elementor-lightbox-title=\"Bielas Motociclismo FRAME\">\n\t\t\t\t\t<div class=\"e-gallery-image elementor-gallery-item__image\" data-thumbnail=\"http:\/\/www.rito.pt\/wp-content\/uploads\/2020\/05\/Bielas-Motociclismo-FRAME-300x225.jpg\" data-width=\"300\" data-height=\"225\" alt=\"\" ><\/div>\n\t\t\t\t\t\t\t\t\t\t<div class=\"elementor-gallery-item__overlay\"><\/div>\n\t\t\t\t\t\t\t\t\t\t\t\t\t\t<\/a>\n\t\t\t\t\t\t\t<a class=\"e-gallery-item elementor-gallery-item elementor-animated-content\" href=\"http:\/\/www.rito.pt\/wp-content\/uploads\/2020\/05\/Cambotas-Completas-para-Motociclos-de-CompeticaoFRAME.jpg\" data-elementor-open-lightbox=\"yes\" data-elementor-lightbox-slideshow=\"all-fe80580\" data-elementor-lightbox-title=\"Cambotas Completas para Motociclos de CompeticaoFRAME\">\n\t\t\t\t\t<div class=\"e-gallery-image elementor-gallery-item__image\" data-thumbnail=\"http:\/\/www.rito.pt\/wp-content\/uploads\/2020\/05\/Cambotas-Completas-para-Motociclos-de-CompeticaoFRAME-300x225.jpg\" data-width=\"300\" data-height=\"225\" alt=\"\" ><\/div>\n\t\t\t\t\t\t\t\t\t\t<div class=\"elementor-gallery-item__overlay\"><\/div>\n\t\t\t\t\t\t\t\t\t\t\t\t\t\t<\/a>\n\t\t\t\t\t\t\t<a class=\"e-gallery-item elementor-gallery-item elementor-animated-content\" href=\"http:\/\/www.rito.pt\/wp-content\/uploads\/2020\/04\/pistoes-completosFRAME.jpg\" data-elementor-open-lightbox=\"yes\" data-elementor-lightbox-slideshow=\"all-fe80580\" data-elementor-lightbox-title=\"pistoes completosFRAME\">\n\t\t\t\t\t<div class=\"e-gallery-image elementor-gallery-item__image\" data-thumbnail=\"http:\/\/www.rito.pt\/wp-content\/uploads\/2020\/04\/pistoes-completosFRAME-300x225.jpg\" data-width=\"300\" data-height=\"225\" alt=\"\" ><\/div>\n\t\t\t\t\t\t\t\t\t\t<div class=\"elementor-gallery-item__overlay\"><\/div>\n\t\t\t\t\t\t\t\t\t\t\t\t\t\t<\/a>\n\t\t\t\t\t<\/div>\n\t\t\t<\/div>\n\t\t\t\t<\/div>\n\t\t\t\t\t\t<\/div>\n\t\t\t<\/div>\n\t\t<\/div>\n\t\t\t\t\t\t<\/div>\n\t\t\t<\/div>\n\t\t<\/section>\n\t\t\t\t\t\t<\/div>\n\t\t\t<\/div>\n\t\t<\/div>","protected":false},"excerpt":{"rendered":"<p>Desenvolvimento de Produto TECNOLOGIA\u00a0 \u00a0\u00a0 A base deste conceito \u00e9 sustentada pelo \u201cknow how\u201d adquirido em mais de meio s\u00e9culo de actividade pelos nossos servi\u00e7os t\u00e9cnicos<span class=\"excerpt-hellip\"> [\u2026]<\/span><\/p>","protected":false},"author":1,"featured_media":0,"parent":0,"menu_order":0,"comment_status":"closed","ping_status":"closed","template":"","meta":{"spay_email":""},"_links":{"self":[{"href":"http:\/\/www.rito.pt\/en\/wp-json\/wp\/v2\/pages\/594"}],"collection":[{"href":"http:\/\/www.rito.pt\/en\/wp-json\/wp\/v2\/pages"}],"about":[{"href":"http:\/\/www.rito.pt\/en\/wp-json\/wp\/v2\/types\/page"}],"author":[{"embeddable":true,"href":"http:\/\/www.rito.pt\/en\/wp-json\/wp\/v2\/users\/1"}],"replies":[{"embeddable":true,"href":"http:\/\/www.rito.pt\/en\/wp-json\/wp\/v2\/comments?post=594"}],"version-history":[{"count":9,"href":"http:\/\/www.rito.pt\/en\/wp-json\/wp\/v2\/pages\/594\/revisions"}],"predecessor-version":[{"id":809,"href":"http:\/\/www.rito.pt\/en\/wp-json\/wp\/v2\/pages\/594\/revisions\/809"}],"wp:attachment":[{"href":"http:\/\/www.rito.pt\/en\/wp-json\/wp\/v2\/media?parent=594"}],"curies":[{"name":"wp","href":"https:\/\/api.w.org\/{rel}","templated":true}]}}