{"id":594,"date":"2020-09-23T14:17:09","date_gmt":"2020-09-23T14:17:09","guid":{"rendered":"http:\/\/www.rito.pt\/rito\/?page_id=594"},"modified":"2020-10-22T15:13:49","modified_gmt":"2020-10-22T15:13:49","slug":"desenvolvimento-de-produto","status":"publish","type":"page","link":"http:\/\/www.rito.pt\/es\/desenvolvimento-de-produto\/","title":{"rendered":"Desarrollo de producto"},"content":{"rendered":"<div data-elementor-type=\"wp-page\" data-elementor-id=\"594\" class=\"elementor elementor-594\" data-elementor-settings=\"[]\">\n\t\t\t<div class=\"elementor-inner\">\n\t\t\t\t<div class=\"elementor-section-wrap\">\n\t\t\t\t\t\t\t<section class=\"elementor-element elementor-element-8ab76ec elementor-section-boxed elementor-section-height-default elementor-section-height-default elementor-section elementor-top-section\" data-id=\"8ab76ec\" data-element_type=\"section\">\n\t\t\t\t\t\t<div class=\"elementor-container elementor-column-gap-default\">\n\t\t\t\t<div class=\"elementor-row\">\n\t\t\t\t<div class=\"elementor-element elementor-element-ec0339e elementor-column elementor-col-100 elementor-top-column\" data-id=\"ec0339e\" data-element_type=\"column\">\n\t\t\t<div class=\"elementor-column-wrap  elementor-element-populated\">\n\t\t\t\t\t<div class=\"elementor-widget-wrap\">\n\t\t\t\t<div class=\"elementor-element elementor-element-52ee384 elementor-widget elementor-widget-menu-anchor\" data-id=\"52ee384\" data-element_type=\"widget\" data-widget_type=\"menu-anchor.default\">\n\t\t\t\t<div class=\"elementor-widget-container\">\n\t\t\t\t\t<div id=\"des\" class=\"elementor-menu-anchor\"><\/div>\n\t\t\t\t<\/div>\n\t\t\t\t<\/div>\n\t\t\t\t<div class=\"elementor-element elementor-element-c07a78e elementor-widget elementor-widget-heading\" data-id=\"c07a78e\" data-element_type=\"widget\" data-widget_type=\"heading.default\">\n\t\t\t\t<div class=\"elementor-widget-container\">\n\t\t\t<h2 class=\"elementor-heading-title elementor-size-default\">Desarrollo de producto<\/h2>\t\t<\/div>\n\t\t\t\t<\/div>\n\t\t\t\t\t\t<\/div>\n\t\t\t<\/div>\n\t\t<\/div>\n\t\t\t\t\t\t<\/div>\n\t\t\t<\/div>\n\t\t<\/section>\n\t\t\t\t<section class=\"elementor-element elementor-element-6cf6407 elementor-section-content-middle elementor-section-boxed elementor-section-height-default elementor-section-height-default elementor-section elementor-top-section\" data-id=\"6cf6407\" data-element_type=\"section\">\n\t\t\t\t\t\t<div class=\"elementor-container elementor-column-gap-default\">\n\t\t\t\t<div class=\"elementor-row\">\n\t\t\t\t<div class=\"elementor-element elementor-element-7bb3c25 elementor-column elementor-col-50 elementor-top-column\" data-id=\"7bb3c25\" data-element_type=\"column\">\n\t\t\t<div class=\"elementor-column-wrap  elementor-element-populated\">\n\t\t\t\t\t<div class=\"elementor-widget-wrap\">\n\t\t\t\t<div class=\"elementor-element elementor-element-a57cba1 elementor-widget elementor-widget-text-editor\" data-id=\"a57cba1\" data-element_type=\"widget\" data-widget_type=\"text-editor.default\">\n\t\t\t\t<div class=\"elementor-widget-container\">\n\t\t\t\t\t<div class=\"elementor-text-editor elementor-clearfix\"><div id=\"detalhe\"><p><span class=\"titulo1\">TECNOLOG\u00cdA<\/span>\u00a0<\/p><p>\u00a0\u00a0 La base de este concepto se sustenta en el &quot;know how&quot; adquirido en m\u00e1s de medio siglo de actividad por nuestros servicios t\u00e9cnicos y otros empleados.<\/p><p>\u00a0\u00a0 Los equipos CNC de \u00faltima generaci\u00f3n han alterado sustancialmente los procesos de fabricaci\u00f3n, adem\u00e1s de garantizar a\u00fan m\u00e1s la calidad del acabado y las dimensiones. El soporte de soporte inform\u00e1tico como el nuevo Programa de Producci\u00f3n (Sipro-Ind\u00fastria), Programa de Calidad (SIQA), Programa de Control de Dispositivos de Medici\u00f3n y Monitoreo (DMM) y Dise\u00f1o Asistido por Computador (Auto-Cad) son una garant\u00eda. el \u00e9xito de los procesos y el futuro que nos pertenece.<\/p><\/div><\/div>\n\t\t\t\t<\/div>\n\t\t\t\t<\/div>\n\t\t\t\t\t\t<\/div>\n\t\t\t<\/div>\n\t\t<\/div>\n\t\t\t\t<div class=\"elementor-element elementor-element-cd8d5e7 elementor-column elementor-col-50 elementor-top-column\" data-id=\"cd8d5e7\" data-element_type=\"column\">\n\t\t\t<div class=\"elementor-column-wrap  elementor-element-populated\">\n\t\t\t\t\t<div class=\"elementor-widget-wrap\">\n\t\t\t\t<div class=\"elementor-element elementor-element-a406015 elementor-widget elementor-widget-image\" data-id=\"a406015\" data-element_type=\"widget\" data-widget_type=\"image.default\">\n\t\t\t\t<div class=\"elementor-widget-container\">\n\t\t\t\t\t<div class=\"elementor-image\">\n\t\t\t\t\t\t\t\t\t\t<img width=\"1000\" height=\"667\" src=\"http:\/\/www.rito.pt\/wp-content\/uploads\/2020\/05\/IMG_24290.jpg\" class=\"attachment-large size-large\" alt=\"\" loading=\"lazy\" srcset=\"http:\/\/www.rito.pt\/wp-content\/uploads\/2020\/05\/IMG_24290.jpg 1000w, http:\/\/www.rito.pt\/wp-content\/uploads\/2020\/05\/IMG_24290-300x200.jpg 300w, http:\/\/www.rito.pt\/wp-content\/uploads\/2020\/05\/IMG_24290-768x512.jpg 768w, http:\/\/www.rito.pt\/wp-content\/uploads\/2020\/05\/IMG_24290-219x146.jpg 219w, http:\/\/www.rito.pt\/wp-content\/uploads\/2020\/05\/IMG_24290-50x33.jpg 50w, http:\/\/www.rito.pt\/wp-content\/uploads\/2020\/05\/IMG_24290-112x75.jpg 112w\" sizes=\"(max-width: 1000px) 100vw, 1000px\" \/>\t\t\t\t\t\t\t\t\t\t\t<\/div>\n\t\t\t\t<\/div>\n\t\t\t\t<\/div>\n\t\t\t\t\t\t<\/div>\n\t\t\t<\/div>\n\t\t<\/div>\n\t\t\t\t\t\t<\/div>\n\t\t\t<\/div>\n\t\t<\/section>\n\t\t\t\t<section class=\"elementor-element elementor-element-5211310 elementor-section-content-middle elementor-section-boxed elementor-section-height-default elementor-section-height-default elementor-section elementor-top-section\" data-id=\"5211310\" data-element_type=\"section\">\n\t\t\t\t\t\t<div class=\"elementor-container elementor-column-gap-default\">\n\t\t\t\t<div class=\"elementor-row\">\n\t\t\t\t<div class=\"elementor-element elementor-element-b787005 elementor-column elementor-col-50 elementor-top-column\" data-id=\"b787005\" data-element_type=\"column\">\n\t\t\t<div class=\"elementor-column-wrap  elementor-element-populated\">\n\t\t\t\t\t<div class=\"elementor-widget-wrap\">\n\t\t\t\t<div class=\"elementor-element elementor-element-139f3f6 elementor-widget elementor-widget-image\" data-id=\"139f3f6\" data-element_type=\"widget\" data-widget_type=\"image.default\">\n\t\t\t\t<div class=\"elementor-widget-container\">\n\t\t\t\t\t<div class=\"elementor-image\">\n\t\t\t\t\t\t\t\t\t\t<img width=\"800\" height=\"600\" src=\"http:\/\/www.rito.pt\/wp-content\/uploads\/2020\/05\/Motor-de-2-Tempos-_50cc_Bicilindrico-do-Ano-1951__.jpg\" class=\"attachment-large size-large\" alt=\"\" loading=\"lazy\" srcset=\"http:\/\/www.rito.pt\/wp-content\/uploads\/2020\/05\/Motor-de-2-Tempos-_50cc_Bicilindrico-do-Ano-1951__.jpg 800w, http:\/\/www.rito.pt\/wp-content\/uploads\/2020\/05\/Motor-de-2-Tempos-_50cc_Bicilindrico-do-Ano-1951__-300x225.jpg 300w, http:\/\/www.rito.pt\/wp-content\/uploads\/2020\/05\/Motor-de-2-Tempos-_50cc_Bicilindrico-do-Ano-1951__-768x576.jpg 768w, http:\/\/www.rito.pt\/wp-content\/uploads\/2020\/05\/Motor-de-2-Tempos-_50cc_Bicilindrico-do-Ano-1951__-195x146.jpg 195w, http:\/\/www.rito.pt\/wp-content\/uploads\/2020\/05\/Motor-de-2-Tempos-_50cc_Bicilindrico-do-Ano-1951__-50x38.jpg 50w, http:\/\/www.rito.pt\/wp-content\/uploads\/2020\/05\/Motor-de-2-Tempos-_50cc_Bicilindrico-do-Ano-1951__-100x75.jpg 100w\" sizes=\"(max-width: 800px) 100vw, 800px\" \/>\t\t\t\t\t\t\t\t\t\t\t<\/div>\n\t\t\t\t<\/div>\n\t\t\t\t<\/div>\n\t\t\t\t\t\t<\/div>\n\t\t\t<\/div>\n\t\t<\/div>\n\t\t\t\t<div class=\"elementor-element elementor-element-1bb82bd elementor-column elementor-col-50 elementor-top-column\" data-id=\"1bb82bd\" data-element_type=\"column\">\n\t\t\t<div class=\"elementor-column-wrap  elementor-element-populated\">\n\t\t\t\t\t<div class=\"elementor-widget-wrap\">\n\t\t\t\t<div class=\"elementor-element elementor-element-e34d43b elementor-widget elementor-widget-text-editor\" data-id=\"e34d43b\" data-element_type=\"widget\" data-widget_type=\"text-editor.default\">\n\t\t\t\t<div class=\"elementor-widget-container\">\n\t\t\t\t\t<div class=\"elementor-text-editor elementor-clearfix\"><div id=\"detalhe\"><p><span class=\"titulo1\">INNOVACI\u00d3N<\/span><\/p><p>\u00a0\u00a0 Uno de los primeros grandes momentos de la empresa fue el proyecto y concepci\u00f3n de un motor de 2 tiempos, con 50 cc de cilindrada y dos cilindros en 1951.<\/p><p>\u00a0\u00a0 En colaboraci\u00f3n con la empresa Entreposto, desarrolla y fabrica un conjunto diferencial y mecanismo de direcci\u00f3n para el veh\u00edculo de motor modelo SADO. Tambi\u00e9n para m\u00e1quinas industriales de los a\u00f1os 80 y 90 dise\u00f1amos y fabricamos reductores sincronizados y enganches laterales. Hoy en d\u00eda, este tipo de cajas sigue siendo parte de nuestra fabricaci\u00f3n.<\/p><p>\u00a0\u00a0 Debido a la morfolog\u00eda del terreno en la isla de Madeira, estudiamos, calculamos y ejecutamos conjuntos diferenciales y cajas de cambio con relaciones de transmisi\u00f3n adecuadas. Estas innovaciones est\u00e1n destinadas a veh\u00edculos de pasajeros ligeros y pesados de varias marcas y modelos con cero kil\u00f3metros.<\/p><p>\u00a0\u00a0 En el proyecto nacional para la construcci\u00f3n de un veh\u00edculo de motor el\u00e9ctrico, dise\u00f1amos y ejecutamos un sistema de transmisi\u00f3n de rueda motriz completamente innovador.<\/p><\/div><\/div>\n\t\t\t\t<\/div>\n\t\t\t\t<\/div>\n\t\t\t\t\t\t<\/div>\n\t\t\t<\/div>\n\t\t<\/div>\n\t\t\t\t\t\t<\/div>\n\t\t\t<\/div>\n\t\t<\/section>\n\t\t\t\t<section class=\"elementor-element elementor-element-df35e0d elementor-section-boxed elementor-section-height-default elementor-section-height-default elementor-section elementor-top-section\" data-id=\"df35e0d\" data-element_type=\"section\">\n\t\t\t\t\t\t<div class=\"elementor-container elementor-column-gap-default\">\n\t\t\t\t<div class=\"elementor-row\">\n\t\t\t\t<div class=\"elementor-element elementor-element-af9bf09 elementor-column elementor-col-100 elementor-top-column\" data-id=\"af9bf09\" data-element_type=\"column\">\n\t\t\t<div class=\"elementor-column-wrap  elementor-element-populated\">\n\t\t\t\t\t<div class=\"elementor-widget-wrap\">\n\t\t\t\t<div class=\"elementor-element elementor-element-d419ed7 elementor-widget elementor-widget-text-editor\" data-id=\"d419ed7\" data-element_type=\"widget\" data-widget_type=\"text-editor.default\">\n\t\t\t\t<div class=\"elementor-widget-container\">\n\t\t\t\t\t<div class=\"elementor-text-editor elementor-clearfix\"><p>CALIDAD<\/p><p>LOS <strong><em>Ant\u00f3nio Ferreira Rito y Filhos, L.da.<\/em><\/strong> tiene un vasto conocimiento y experiencia tecnol\u00f3gica y tiene la intenci\u00f3n de hacer crecer su mercado y mejorar sus productos y servicios para mejorar continuamente su sistema de gesti\u00f3n.<\/p><p>El mantenimiento del Sistema de Calidad en Ant\u00f3nio Ferreira Rito &amp; Filhos, Lda nos permite mejorar y desarrollar la comunicaci\u00f3n interna y externa de nuestra organizaci\u00f3n, con el fin de satisfacer las necesidades del mercado y grupos de inter\u00e9s relevantes, asegurando el cumplimiento de todos los requisitos normativos y reglamentarios. requisitos legales aplicables.<\/p><p>El objetivo es incrementar la productividad y calidad del producto final mediante la mejora de t\u00e9cnicas y m\u00e9todos en los procesos de fabricaci\u00f3n e incluso una mejor gesti\u00f3n y formaci\u00f3n de los recursos humanos.<br \/>Por lo tanto, se pretende aumentar continuamente el grado de confianza y satisfacci\u00f3n del cliente, as\u00ed como mejorar la atenci\u00f3n al cliente.<\/p><p>La empresa tambi\u00e9n tiene como objetivo incrementar la capacidad de intervenci\u00f3n t\u00e9cnico-comercial con el cliente, buscando nuevos mercados, mejorando sistem\u00e1ticamente la relaci\u00f3n con nuestros proveedores externos, con el objetivo de mejorar los requerimientos de nuestro producto y servicio.<br \/>Estos son los lineamientos de Calidad que apoyan la Gerencia y sus responsables m\u00e1s directos. Con la colaboraci\u00f3n de todos, ser\u00e1 posible implementar estas estrategias con \u00e9xito.<\/p><\/div>\n\t\t\t\t<\/div>\n\t\t\t\t<\/div>\n\t\t\t\t\t\t<\/div>\n\t\t\t<\/div>\n\t\t<\/div>\n\t\t\t\t\t\t<\/div>\n\t\t\t<\/div>\n\t\t<\/section>\n\t\t\t\t<section class=\"elementor-element elementor-element-74d7dbc elementor-section-boxed elementor-section-height-default elementor-section-height-default elementor-section elementor-top-section\" data-id=\"74d7dbc\" data-element_type=\"section\">\n\t\t\t\t\t\t<div class=\"elementor-container elementor-column-gap-default\">\n\t\t\t\t<div class=\"elementor-row\">\n\t\t\t\t<div class=\"elementor-element elementor-element-dafbc5b elementor-column elementor-col-100 elementor-top-column\" data-id=\"dafbc5b\" data-element_type=\"column\">\n\t\t\t<div class=\"elementor-column-wrap  elementor-element-populated\">\n\t\t\t\t\t<div class=\"elementor-widget-wrap\">\n\t\t\t\t<div class=\"elementor-element elementor-element-fe80580 elementor-widget elementor-widget-gallery\" data-id=\"fe80580\" data-element_type=\"widget\" data-settings=\"{&quot;columns&quot;:5,&quot;gap&quot;:{&quot;unit&quot;:&quot;px&quot;,&quot;size&quot;:11,&quot;sizes&quot;:[]},&quot;aspect_ratio&quot;:&quot;4:3&quot;,&quot;lazyload&quot;:&quot;yes&quot;,&quot;gallery_layout&quot;:&quot;grid&quot;,&quot;columns_tablet&quot;:2,&quot;columns_mobile&quot;:1,&quot;gap_tablet&quot;:{&quot;unit&quot;:&quot;px&quot;,&quot;size&quot;:10,&quot;sizes&quot;:[]},&quot;gap_mobile&quot;:{&quot;unit&quot;:&quot;px&quot;,&quot;size&quot;:10,&quot;sizes&quot;:[]},&quot;link_to&quot;:&quot;file&quot;,&quot;overlay_background&quot;:&quot;yes&quot;,&quot;content_hover_animation&quot;:&quot;fade-in&quot;}\" data-widget_type=\"gallery.default\">\n\t\t\t\t<div class=\"elementor-widget-container\">\n\t\t\t\t\t<div class=\"elementor-gallery__container\">\n\t\t\t\t\t\t\t<a class=\"e-gallery-item elementor-gallery-item elementor-animated-content\" href=\"http:\/\/www.rito.pt\/wp-content\/uploads\/2020\/05\/CAIXA-MITSUBISHI-CRABOT-FRAME.jpg\" data-elementor-open-lightbox=\"yes\" data-elementor-lightbox-slideshow=\"all-fe80580\" data-elementor-lightbox-title=\"CAIXA MITSUBISHI CRABOT FRAME\">\n\t\t\t\t\t<div class=\"e-gallery-image elementor-gallery-item__image\" data-thumbnail=\"http:\/\/www.rito.pt\/wp-content\/uploads\/2020\/05\/CAIXA-MITSUBISHI-CRABOT-FRAME-300x225.jpg\" data-width=\"300\" data-height=\"225\" alt=\"\" ><\/div>\n\t\t\t\t\t\t\t\t\t\t<div class=\"elementor-gallery-item__overlay\"><\/div>\n\t\t\t\t\t\t\t\t\t\t\t\t\t\t<\/a>\n\t\t\t\t\t\t\t<a class=\"e-gallery-item elementor-gallery-item elementor-animated-content\" href=\"http:\/\/www.rito.pt\/wp-content\/uploads\/2020\/05\/CAMBOTA-TACOS-AND-FRAME.jpg\" data-elementor-open-lightbox=\"yes\" data-elementor-lightbox-slideshow=\"all-fe80580\" data-elementor-lightbox-title=\"CAMBOTA TACOS AND FRAME\">\n\t\t\t\t\t<div class=\"e-gallery-image elementor-gallery-item__image\" data-thumbnail=\"http:\/\/www.rito.pt\/wp-content\/uploads\/2020\/05\/CAMBOTA-TACOS-AND-FRAME-300x225.jpg\" data-width=\"300\" data-height=\"225\" alt=\"\" ><\/div>\n\t\t\t\t\t\t\t\t\t\t<div class=\"elementor-gallery-item__overlay\"><\/div>\n\t\t\t\t\t\t\t\t\t\t\t\t\t\t<\/a>\n\t\t\t\t\t\t\t<a class=\"e-gallery-item elementor-gallery-item elementor-animated-content\" href=\"http:\/\/www.rito.pt\/wp-content\/uploads\/2020\/05\/Bielas-Motociclismo-FRAME.jpg\" data-elementor-open-lightbox=\"yes\" data-elementor-lightbox-slideshow=\"all-fe80580\" data-elementor-lightbox-title=\"Bielas Motociclismo FRAME\">\n\t\t\t\t\t<div class=\"e-gallery-image elementor-gallery-item__image\" data-thumbnail=\"http:\/\/www.rito.pt\/wp-content\/uploads\/2020\/05\/Bielas-Motociclismo-FRAME-300x225.jpg\" data-width=\"300\" data-height=\"225\" alt=\"\" ><\/div>\n\t\t\t\t\t\t\t\t\t\t<div class=\"elementor-gallery-item__overlay\"><\/div>\n\t\t\t\t\t\t\t\t\t\t\t\t\t\t<\/a>\n\t\t\t\t\t\t\t<a class=\"e-gallery-item elementor-gallery-item elementor-animated-content\" href=\"http:\/\/www.rito.pt\/wp-content\/uploads\/2020\/05\/Cambotas-Completas-para-Motociclos-de-CompeticaoFRAME.jpg\" data-elementor-open-lightbox=\"yes\" data-elementor-lightbox-slideshow=\"all-fe80580\" data-elementor-lightbox-title=\"Cambotas Completas para Motociclos de CompeticaoFRAME\">\n\t\t\t\t\t<div class=\"e-gallery-image elementor-gallery-item__image\" data-thumbnail=\"http:\/\/www.rito.pt\/wp-content\/uploads\/2020\/05\/Cambotas-Completas-para-Motociclos-de-CompeticaoFRAME-300x225.jpg\" data-width=\"300\" data-height=\"225\" alt=\"\" ><\/div>\n\t\t\t\t\t\t\t\t\t\t<div class=\"elementor-gallery-item__overlay\"><\/div>\n\t\t\t\t\t\t\t\t\t\t\t\t\t\t<\/a>\n\t\t\t\t\t\t\t<a class=\"e-gallery-item elementor-gallery-item elementor-animated-content\" href=\"http:\/\/www.rito.pt\/wp-content\/uploads\/2020\/04\/pistoes-completosFRAME.jpg\" data-elementor-open-lightbox=\"yes\" data-elementor-lightbox-slideshow=\"all-fe80580\" data-elementor-lightbox-title=\"pistoes completosFRAME\">\n\t\t\t\t\t<div class=\"e-gallery-image elementor-gallery-item__image\" data-thumbnail=\"http:\/\/www.rito.pt\/wp-content\/uploads\/2020\/04\/pistoes-completosFRAME-300x225.jpg\" data-width=\"300\" data-height=\"225\" alt=\"\" ><\/div>\n\t\t\t\t\t\t\t\t\t\t<div class=\"elementor-gallery-item__overlay\"><\/div>\n\t\t\t\t\t\t\t\t\t\t\t\t\t\t<\/a>\n\t\t\t\t\t<\/div>\n\t\t\t<\/div>\n\t\t\t\t<\/div>\n\t\t\t\t\t\t<\/div>\n\t\t\t<\/div>\n\t\t<\/div>\n\t\t\t\t\t\t<\/div>\n\t\t\t<\/div>\n\t\t<\/section>\n\t\t\t\t\t\t<\/div>\n\t\t\t<\/div>\n\t\t<\/div>","protected":false},"excerpt":{"rendered":"<p>Desenvolvimento de Produto TECNOLOGIA\u00a0 \u00a0\u00a0 A base deste conceito \u00e9 sustentada pelo \u201cknow how\u201d adquirido em mais de meio s\u00e9culo de actividade pelos nossos servi\u00e7os t\u00e9cnicos<span class=\"excerpt-hellip\"> [\u2026]<\/span><\/p>","protected":false},"author":1,"featured_media":0,"parent":0,"menu_order":0,"comment_status":"closed","ping_status":"closed","template":"","meta":{"spay_email":""},"_links":{"self":[{"href":"http:\/\/www.rito.pt\/es\/wp-json\/wp\/v2\/pages\/594"}],"collection":[{"href":"http:\/\/www.rito.pt\/es\/wp-json\/wp\/v2\/pages"}],"about":[{"href":"http:\/\/www.rito.pt\/es\/wp-json\/wp\/v2\/types\/page"}],"author":[{"embeddable":true,"href":"http:\/\/www.rito.pt\/es\/wp-json\/wp\/v2\/users\/1"}],"replies":[{"embeddable":true,"href":"http:\/\/www.rito.pt\/es\/wp-json\/wp\/v2\/comments?post=594"}],"version-history":[{"count":9,"href":"http:\/\/www.rito.pt\/es\/wp-json\/wp\/v2\/pages\/594\/revisions"}],"predecessor-version":[{"id":809,"href":"http:\/\/www.rito.pt\/es\/wp-json\/wp\/v2\/pages\/594\/revisions\/809"}],"wp:attachment":[{"href":"http:\/\/www.rito.pt\/es\/wp-json\/wp\/v2\/media?parent=594"}],"curies":[{"name":"wp","href":"https:\/\/api.w.org\/{rel}","templated":true}]}}