{"id":634,"date":"2020-09-25T09:21:45","date_gmt":"2020-09-25T09:21:45","guid":{"rendered":"http:\/\/www.rito.pt\/rito\/?page_id=634"},"modified":"2020-10-22T15:10:35","modified_gmt":"2020-10-22T15:10:35","slug":"reacondicionamento-de-motores","status":"publish","type":"page","link":"http:\/\/www.rito.pt\/es\/reacondicionamento-de-motores\/","title":{"rendered":"Reacondicionamiento del motor"},"content":{"rendered":"<div data-elementor-type=\"wp-page\" data-elementor-id=\"634\" class=\"elementor elementor-634\" data-elementor-settings=\"[]\">\n\t\t\t<div class=\"elementor-inner\">\n\t\t\t\t<div class=\"elementor-section-wrap\">\n\t\t\t\t\t\t\t<section class=\"elementor-element elementor-element-e5ef9d8 elementor-section-boxed elementor-section-height-default elementor-section-height-default elementor-section elementor-top-section\" data-id=\"e5ef9d8\" data-element_type=\"section\">\n\t\t\t\t\t\t<div class=\"elementor-container elementor-column-gap-default\">\n\t\t\t\t<div class=\"elementor-row\">\n\t\t\t\t<div class=\"elementor-element elementor-element-e3b7ed1 elementor-column elementor-col-100 elementor-top-column\" data-id=\"e3b7ed1\" data-element_type=\"column\">\n\t\t\t<div class=\"elementor-column-wrap  elementor-element-populated\">\n\t\t\t\t\t<div class=\"elementor-widget-wrap\">\n\t\t\t\t<div class=\"elementor-element elementor-element-c212923 elementor-widget elementor-widget-menu-anchor\" data-id=\"c212923\" data-element_type=\"widget\" data-widget_type=\"menu-anchor.default\">\n\t\t\t\t<div class=\"elementor-widget-container\">\n\t\t\t\t\t<div id=\"rea\" class=\"elementor-menu-anchor\"><\/div>\n\t\t\t\t<\/div>\n\t\t\t\t<\/div>\n\t\t\t\t<div class=\"elementor-element elementor-element-c2ed5a2 elementor-widget elementor-widget-heading\" data-id=\"c2ed5a2\" data-element_type=\"widget\" data-widget_type=\"heading.default\">\n\t\t\t\t<div class=\"elementor-widget-container\">\n\t\t\t<h2 class=\"elementor-heading-title elementor-size-default\">Reacondicionamiento del motor<\/h2>\t\t<\/div>\n\t\t\t\t<\/div>\n\t\t\t\t\t\t<\/div>\n\t\t\t<\/div>\n\t\t<\/div>\n\t\t\t\t\t\t<\/div>\n\t\t\t<\/div>\n\t\t<\/section>\n\t\t\t\t<section class=\"elementor-element elementor-element-b368ec3 elementor-section-boxed elementor-section-height-default elementor-section-height-default elementor-section elementor-top-section\" data-id=\"b368ec3\" data-element_type=\"section\">\n\t\t\t\t\t\t<div class=\"elementor-container elementor-column-gap-default\">\n\t\t\t\t<div class=\"elementor-row\">\n\t\t\t\t<div class=\"elementor-element elementor-element-00d4c09 elementor-column elementor-col-50 elementor-top-column\" data-id=\"00d4c09\" data-element_type=\"column\">\n\t\t\t<div class=\"elementor-column-wrap  elementor-element-populated\">\n\t\t\t\t\t<div class=\"elementor-widget-wrap\">\n\t\t\t\t<div class=\"elementor-element elementor-element-7d23111 elementor-widget elementor-widget-text-editor\" data-id=\"7d23111\" data-element_type=\"widget\" data-widget_type=\"text-editor.default\">\n\t\t\t\t<div class=\"elementor-widget-container\">\n\t\t\t\t\t<div class=\"elementor-text-editor elementor-clearfix\"><p>\u00a0\u00a0 Nuestro Departamento de Reacondicionamiento de Motores existe desde la fundaci\u00f3n de la empresa en 1947, por lo que tenemos experiencia en la reconstrucci\u00f3n de todo tipo de motores de combusti\u00f3n interna.<\/p><p align=\"justify\">\u00a0\u00a0 Tambi\u00e9n contamos con una amplia experiencia en la preparaci\u00f3n de motores para la competici\u00f3n de velocidad, todo terreno (Rally, Ralicross, Autocross), motociclismo, entre otros.<\/p><p align=\"justify\">\u00a0\u00a0 En el \u00e1rea de autos hist\u00f3ricos, realizamos todo tipo de reparaciones, manteniendo las caracter\u00edsticas originales de los motores, pero valor\u00e1ndolos con la introducci\u00f3n de tecnolog\u00eda de punta que les brinda mayor desempe\u00f1o y confiabilidad. Estos servicios han merecido un gran reconocimiento nacional e internacional, en concreto por parte de coleccionistas y profesionales especializados de pa\u00edses con gran experiencia en la restauraci\u00f3n de coches antiguos, como Espa\u00f1a, Francia, Alemania e Inglaterra.<\/p><p align=\"justify\">\u00a0<\/p><\/div>\n\t\t\t\t<\/div>\n\t\t\t\t<\/div>\n\t\t\t\t\t\t<\/div>\n\t\t\t<\/div>\n\t\t<\/div>\n\t\t\t\t<div class=\"elementor-element elementor-element-a5d650e elementor-column elementor-col-50 elementor-top-column\" data-id=\"a5d650e\" data-element_type=\"column\">\n\t\t\t<div class=\"elementor-column-wrap  elementor-element-populated\">\n\t\t\t\t\t<div class=\"elementor-widget-wrap\">\n\t\t\t\t<div class=\"elementor-element elementor-element-c8e7493 elementor-widget elementor-widget-image\" data-id=\"c8e7493\" data-element_type=\"widget\" data-widget_type=\"image.default\">\n\t\t\t\t<div class=\"elementor-widget-container\">\n\t\t\t\t\t<div class=\"elementor-image\">\n\t\t\t\t\t\t\t\t\t\t<img width=\"408\" height=\"306\" src=\"http:\/\/www.rito.pt\/wp-content\/uploads\/2020\/09\/3-0-copy.jpg\" class=\"attachment-full size-full\" alt=\"\" loading=\"lazy\" srcset=\"http:\/\/www.rito.pt\/wp-content\/uploads\/2020\/09\/3-0-copy.jpg 408w, http:\/\/www.rito.pt\/wp-content\/uploads\/2020\/09\/3-0-copy-300x225.jpg 300w, http:\/\/www.rito.pt\/wp-content\/uploads\/2020\/09\/3-0-copy-195x146.jpg 195w, http:\/\/www.rito.pt\/wp-content\/uploads\/2020\/09\/3-0-copy-50x38.jpg 50w, http:\/\/www.rito.pt\/wp-content\/uploads\/2020\/09\/3-0-copy-100x75.jpg 100w\" sizes=\"(max-width: 408px) 100vw, 408px\" \/>\t\t\t\t\t\t\t\t\t\t\t<\/div>\n\t\t\t\t<\/div>\n\t\t\t\t<\/div>\n\t\t\t\t\t\t<\/div>\n\t\t\t<\/div>\n\t\t<\/div>\n\t\t\t\t\t\t<\/div>\n\t\t\t<\/div>\n\t\t<\/section>\n\t\t\t\t<section class=\"elementor-element elementor-element-2b2eee5 elementor-section-boxed elementor-section-height-default elementor-section-height-default elementor-section elementor-top-section\" data-id=\"2b2eee5\" data-element_type=\"section\">\n\t\t\t\t\t\t<div class=\"elementor-container elementor-column-gap-default\">\n\t\t\t\t<div class=\"elementor-row\">\n\t\t\t\t<div class=\"elementor-element elementor-element-f794e78 elementor-column elementor-col-100 elementor-top-column\" data-id=\"f794e78\" data-element_type=\"column\">\n\t\t\t<div class=\"elementor-column-wrap  elementor-element-populated\">\n\t\t\t\t\t<div class=\"elementor-widget-wrap\">\n\t\t\t\t<section class=\"elementor-element elementor-element-5bbc0fc elementor-section-boxed elementor-section-height-default elementor-section-height-default elementor-section elementor-inner-section\" data-id=\"5bbc0fc\" data-element_type=\"section\">\n\t\t\t\t\t\t<div class=\"elementor-container elementor-column-gap-default\">\n\t\t\t\t<div class=\"elementor-row\">\n\t\t\t\t<div class=\"elementor-element elementor-element-8f54e25 elementor-column elementor-col-100 elementor-inner-column\" data-id=\"8f54e25\" data-element_type=\"column\">\n\t\t\t<div class=\"elementor-column-wrap  elementor-element-populated\">\n\t\t\t\t\t<div class=\"elementor-widget-wrap\">\n\t\t\t\t<div class=\"elementor-element elementor-element-b2c4190 elementor-widget elementor-widget-text-editor\" data-id=\"b2c4190\" data-element_type=\"widget\" data-widget_type=\"text-editor.default\">\n\t\t\t\t<div class=\"elementor-widget-container\">\n\t\t\t\t\t<div class=\"elementor-text-editor elementor-clearfix\"><p align=\"justify\">\u00a0\u00a0 Siempre respetando las recomendaciones de los fabricantes y agregando valor utilizando la \u00faltima tecnolog\u00eda, realizamos las siguientes operaciones.\u00a0<\/p><p align=\"justify\">COLA\u00c7AS:<br \/>Descarbonizaci\u00f3n, prueba de estanqueidad, rectificaci\u00f3n de asientos, v\u00e1lvulas y puesta a punto.<\/p><p align=\"justify\">BLOQUES MOTOR:<br \/>Prueba, refrentado, enderezamiento de cilindros, revestimiento y mandrinado en l\u00ednea.<\/p><p align=\"justify\">VARILLAS:<br \/>Rectificaci\u00f3n de rodamientos, montaje de ojales y bielas.<\/p><p align=\"justify\">CAMBOTS:<br \/>Rectificaci\u00f3n, montaje y ajuste.<\/p><p align=\"justify\">MOTOR:<br \/>Premontaje final para prueba y ajuste.<\/p><p align=\"justify\">PARES:<br \/>Desmontaje, evaluaci\u00f3n y reconstrucci\u00f3n.<\/p><p align=\"justify\">\u00a0\u00a0 Reconstrucci\u00f3n parcial de piezas da\u00f1adas como: ejes primario y secundario, pi\u00f1ones de arrastre, cojinetes diferenciales, transmisiones, bombas de aceite y otros. En caso de imposibilidad de reparaci\u00f3n, tambi\u00e9n podemos recurrir a la fabricaci\u00f3n de piezas nuevas en nuestro centro de producci\u00f3n.<\/p><\/div>\n\t\t\t\t<\/div>\n\t\t\t\t<\/div>\n\t\t\t\t\t\t<\/div>\n\t\t\t<\/div>\n\t\t<\/div>\n\t\t\t\t\t\t<\/div>\n\t\t\t<\/div>\n\t\t<\/section>\n\t\t\t\t\t\t<\/div>\n\t\t\t<\/div>\n\t\t<\/div>\n\t\t\t\t\t\t<\/div>\n\t\t\t<\/div>\n\t\t<\/section>\n\t\t\t\t\t\t<\/div>\n\t\t\t<\/div>\n\t\t<\/div>","protected":false},"excerpt":{"rendered":"<p>Reacondicionamento de Motores \u00a0\u00a0 O nosso Departamento de Reacondicionamento de motores existe desde a funda\u00e7\u00e3o da empresa em 1947, tendo por isso experi\u00eancia na reconstru\u00e7\u00e3o de<span class=\"excerpt-hellip\"> [\u2026]<\/span><\/p>","protected":false},"author":1,"featured_media":0,"parent":0,"menu_order":0,"comment_status":"closed","ping_status":"closed","template":"","meta":{"spay_email":""},"_links":{"self":[{"href":"http:\/\/www.rito.pt\/es\/wp-json\/wp\/v2\/pages\/634"}],"collection":[{"href":"http:\/\/www.rito.pt\/es\/wp-json\/wp\/v2\/pages"}],"about":[{"href":"http:\/\/www.rito.pt\/es\/wp-json\/wp\/v2\/types\/page"}],"author":[{"embeddable":true,"href":"http:\/\/www.rito.pt\/es\/wp-json\/wp\/v2\/users\/1"}],"replies":[{"embeddable":true,"href":"http:\/\/www.rito.pt\/es\/wp-json\/wp\/v2\/comments?post=634"}],"version-history":[{"count":9,"href":"http:\/\/www.rito.pt\/es\/wp-json\/wp\/v2\/pages\/634\/revisions"}],"predecessor-version":[{"id":807,"href":"http:\/\/www.rito.pt\/es\/wp-json\/wp\/v2\/pages\/634\/revisions\/807"}],"wp:attachment":[{"href":"http:\/\/www.rito.pt\/es\/wp-json\/wp\/v2\/media?parent=634"}],"curies":[{"name":"wp","href":"https:\/\/api.w.org\/{rel}","templated":true}]}}