{"id":635,"date":"2020-09-25T09:35:46","date_gmt":"2020-09-25T09:35:46","guid":{"rendered":"http:\/\/www.rito.pt\/rito\/?page_id=635"},"modified":"2020-10-22T15:12:39","modified_gmt":"2020-10-22T15:12:39","slug":"subcontratacao","status":"publish","type":"page","link":"http:\/\/www.rito.pt\/es\/subcontratacao\/","title":{"rendered":"Subcontrataci\u00f3n"},"content":{"rendered":"<div data-elementor-type=\"wp-page\" data-elementor-id=\"635\" class=\"elementor elementor-635\" data-elementor-settings=\"[]\">\n\t\t\t<div class=\"elementor-inner\">\n\t\t\t\t<div class=\"elementor-section-wrap\">\n\t\t\t\t\t\t\t<section class=\"elementor-element elementor-element-8ab76ec elementor-section-boxed elementor-section-height-default elementor-section-height-default elementor-section elementor-top-section\" data-id=\"8ab76ec\" data-element_type=\"section\">\n\t\t\t\t\t\t<div class=\"elementor-container elementor-column-gap-default\">\n\t\t\t\t<div class=\"elementor-row\">\n\t\t\t\t<div class=\"elementor-element elementor-element-ec0339e elementor-column elementor-col-100 elementor-top-column\" data-id=\"ec0339e\" data-element_type=\"column\">\n\t\t\t<div class=\"elementor-column-wrap  elementor-element-populated\">\n\t\t\t\t\t<div class=\"elementor-widget-wrap\">\n\t\t\t\t<div class=\"elementor-element elementor-element-52ee384 elementor-widget elementor-widget-menu-anchor\" data-id=\"52ee384\" data-element_type=\"widget\" data-widget_type=\"menu-anchor.default\">\n\t\t\t\t<div class=\"elementor-widget-container\">\n\t\t\t\t\t<div id=\"des\" class=\"elementor-menu-anchor\"><\/div>\n\t\t\t\t<\/div>\n\t\t\t\t<\/div>\n\t\t\t\t<div class=\"elementor-element elementor-element-c07a78e elementor-widget elementor-widget-heading\" data-id=\"c07a78e\" data-element_type=\"widget\" data-widget_type=\"heading.default\">\n\t\t\t\t<div class=\"elementor-widget-container\">\n\t\t\t<h2 class=\"elementor-heading-title elementor-size-default\">Subcontrataci\u00f3n<\/h2>\t\t<\/div>\n\t\t\t\t<\/div>\n\t\t\t\t\t\t<\/div>\n\t\t\t<\/div>\n\t\t<\/div>\n\t\t\t\t\t\t<\/div>\n\t\t\t<\/div>\n\t\t<\/section>\n\t\t\t\t<section class=\"elementor-element elementor-element-6cf6407 elementor-section-content-middle elementor-section-boxed elementor-section-height-default elementor-section-height-default elementor-section elementor-top-section\" data-id=\"6cf6407\" data-element_type=\"section\">\n\t\t\t\t\t\t<div class=\"elementor-container elementor-column-gap-default\">\n\t\t\t\t<div class=\"elementor-row\">\n\t\t\t\t<div class=\"elementor-element elementor-element-7bb3c25 elementor-column elementor-col-50 elementor-top-column\" data-id=\"7bb3c25\" data-element_type=\"column\">\n\t\t\t<div class=\"elementor-column-wrap  elementor-element-populated\">\n\t\t\t\t\t<div class=\"elementor-widget-wrap\">\n\t\t\t\t<div class=\"elementor-element elementor-element-a57cba1 elementor-widget elementor-widget-text-editor\" data-id=\"a57cba1\" data-element_type=\"widget\" data-widget_type=\"text-editor.default\">\n\t\t\t\t<div class=\"elementor-widget-container\">\n\t\t\t\t\t<div class=\"elementor-text-editor elementor-clearfix\"><div id=\"detalhe\"><p><span class=\"titulo1\">TECNOLOG\u00cdA<\/span>\u00a0<\/p><p>\u00a0\u00a0 La base de este concepto se sustenta en el &quot;know how&quot; adquirido en m\u00e1s de medio siglo de actividad por nuestros servicios t\u00e9cnicos y otros empleados.<\/p><p>\u00a0\u00a0 Los equipos CNC de \u00faltima generaci\u00f3n han alterado sustancialmente los procesos de fabricaci\u00f3n, adem\u00e1s de garantizar a\u00fan m\u00e1s la calidad del acabado y las dimensiones. El soporte de soporte inform\u00e1tico como el nuevo Programa de Producci\u00f3n (Sipro-Ind\u00fastria), Programa de Calidad (SIQA), Programa de Control de Dispositivos de Medici\u00f3n y Monitoreo (DMM) y Dise\u00f1o Asistido por Computador (Auto-Cad) son una garant\u00eda. el \u00e9xito de los procesos y el futuro que nos pertenece.<\/p><\/div><\/div>\n\t\t\t\t<\/div>\n\t\t\t\t<\/div>\n\t\t\t\t\t\t<\/div>\n\t\t\t<\/div>\n\t\t<\/div>\n\t\t\t\t<div class=\"elementor-element elementor-element-cd8d5e7 elementor-column elementor-col-50 elementor-top-column\" data-id=\"cd8d5e7\" data-element_type=\"column\">\n\t\t\t<div class=\"elementor-column-wrap  elementor-element-populated\">\n\t\t\t\t\t<div class=\"elementor-widget-wrap\">\n\t\t\t\t<div class=\"elementor-element elementor-element-12974d6 elementor-widget elementor-widget-image\" data-id=\"12974d6\" data-element_type=\"widget\" data-widget_type=\"image.default\">\n\t\t\t\t<div class=\"elementor-widget-container\">\n\t\t\t\t\t<div class=\"elementor-image\">\n\t\t\t\t\t\t\t\t\t\t<img width=\"1024\" height=\"512\" src=\"http:\/\/www.rito.pt\/wp-content\/uploads\/2020\/09\/IMG_6319-copy-1024x512.jpg\" class=\"attachment-large size-large\" alt=\"\" loading=\"lazy\" srcset=\"http:\/\/www.rito.pt\/wp-content\/uploads\/2020\/09\/IMG_6319-copy-1024x512.jpg 1024w, http:\/\/www.rito.pt\/wp-content\/uploads\/2020\/09\/IMG_6319-copy-300x150.jpg 300w, http:\/\/www.rito.pt\/wp-content\/uploads\/2020\/09\/IMG_6319-copy-768x384.jpg 768w, http:\/\/www.rito.pt\/wp-content\/uploads\/2020\/09\/IMG_6319-copy-1536x768.jpg 1536w, http:\/\/www.rito.pt\/wp-content\/uploads\/2020\/09\/IMG_6319-copy-260x130.jpg 260w, http:\/\/www.rito.pt\/wp-content\/uploads\/2020\/09\/IMG_6319-copy-50x25.jpg 50w, http:\/\/www.rito.pt\/wp-content\/uploads\/2020\/09\/IMG_6319-copy-150x75.jpg 150w, http:\/\/www.rito.pt\/wp-content\/uploads\/2020\/09\/IMG_6319-copy.jpg 1920w\" sizes=\"(max-width: 1024px) 100vw, 1024px\" \/>\t\t\t\t\t\t\t\t\t\t\t<\/div>\n\t\t\t\t<\/div>\n\t\t\t\t<\/div>\n\t\t\t\t\t\t<\/div>\n\t\t\t<\/div>\n\t\t<\/div>\n\t\t\t\t\t\t<\/div>\n\t\t\t<\/div>\n\t\t<\/section>\n\t\t\t\t<section class=\"elementor-element elementor-element-6781f81 elementor-section-boxed elementor-section-height-default elementor-section-height-default elementor-section elementor-top-section\" data-id=\"6781f81\" data-element_type=\"section\">\n\t\t\t\t\t\t<div class=\"elementor-container elementor-column-gap-default\">\n\t\t\t\t<div class=\"elementor-row\">\n\t\t\t\t<div class=\"elementor-element elementor-element-f85ab82 elementor-column elementor-col-100 elementor-top-column\" data-id=\"f85ab82\" data-element_type=\"column\">\n\t\t\t<div class=\"elementor-column-wrap  elementor-element-populated\">\n\t\t\t\t\t<div class=\"elementor-widget-wrap\">\n\t\t\t\t<div class=\"elementor-element elementor-element-2723fc6 elementor-widget elementor-widget-menu-anchor\" data-id=\"2723fc6\" data-element_type=\"widget\" data-widget_type=\"menu-anchor.default\">\n\t\t\t\t<div class=\"elementor-widget-container\">\n\t\t\t\t\t<div id=\"sub\" class=\"elementor-menu-anchor\"><\/div>\n\t\t\t\t<\/div>\n\t\t\t\t<\/div>\n\t\t\t\t<div class=\"elementor-element elementor-element-72b8bd0 elementor-widget elementor-widget-heading\" data-id=\"72b8bd0\" data-element_type=\"widget\" data-widget_type=\"heading.default\">\n\t\t\t\t<div class=\"elementor-widget-container\">\n\t\t\t<h2 class=\"elementor-heading-title elementor-size-default\">Centros de producci\u00f3n<\/h2>\t\t<\/div>\n\t\t\t\t<\/div>\n\t\t\t\t\t\t<\/div>\n\t\t\t<\/div>\n\t\t<\/div>\n\t\t\t\t\t\t<\/div>\n\t\t\t<\/div>\n\t\t<\/section>\n\t\t\t\t<section class=\"elementor-element elementor-element-f805e12 elementor-section-boxed elementor-section-height-default elementor-section-height-default elementor-section elementor-top-section\" data-id=\"f805e12\" data-element_type=\"section\">\n\t\t\t\t\t\t<div class=\"elementor-container elementor-column-gap-default\">\n\t\t\t\t<div class=\"elementor-row\">\n\t\t\t\t<div class=\"elementor-element elementor-element-b43b46e elementor-column elementor-col-100 elementor-top-column\" data-id=\"b43b46e\" data-element_type=\"column\">\n\t\t\t<div class=\"elementor-column-wrap  elementor-element-populated\">\n\t\t\t\t\t<div class=\"elementor-widget-wrap\">\n\t\t\t\t<div class=\"elementor-element elementor-element-b10c3fb elementor-widget elementor-widget-text-editor\" data-id=\"b10c3fb\" data-element_type=\"widget\" data-widget_type=\"text-editor.default\">\n\t\t\t\t<div class=\"elementor-widget-container\">\n\t\t\t\t\t<div class=\"elementor-text-editor elementor-clearfix\"><div id=\"detalhe\"><p><span class=\"titulo1\">F\u00c1BRICA<\/span><br \/><span class=\"titulo1\">CENTRO DE PRODUCCION<br \/><\/span><br \/>Ocupa una superficie cubierta de 2800 m\u00b2 que incluye las siguientes secciones:<\/p><ul><li>Oficina de control - Bien equipada y con aire acondicionado.<\/li><li>Almac\u00e9n de Productos Terminados - Centralizado y computarizado.<\/li><li>Nave Principal - Mecanizados actualizados y espec\u00edficos para un buen desempe\u00f1o en la fabricaci\u00f3n de nuestra gama de productos.<\/li><li>Forja - Equipada para una carga de 350 toneladas.<\/li><li>Tratamiento t\u00e9rmico -<ul><li>Acero: recocido, cementaci\u00f3n, temple y revenido;<\/li><li>Aluminio: temple y revenido.<\/li><\/ul><\/li><li>Fundici\u00f3n de aluminio - Fundici\u00f3n por gravedad.<\/li><li>Tratamiento de superficies: fosfatado de aluminio.<\/li><li>Almac\u00e9n de Materias Primas - Centralizado e informatizado.<\/li><li>Oficina T\u00e9cnica - Red de Computadoras y Dise\u00f1o Asistido por Computadora<\/li><\/ul><div>\u00a0<\/div><\/div><\/div>\n\t\t\t\t<\/div>\n\t\t\t\t<\/div>\n\t\t\t\t\t\t<\/div>\n\t\t\t<\/div>\n\t\t<\/div>\n\t\t\t\t\t\t<\/div>\n\t\t\t<\/div>\n\t\t<\/section>\n\t\t\t\t\t\t<\/div>\n\t\t\t<\/div>\n\t\t<\/div>","protected":false},"excerpt":{"rendered":"<p>Subcontrata\u00e7\u00e3o TECNOLOGIA\u00a0 \u00a0\u00a0 A base deste conceito \u00e9 sustentada pelo \u201cknow how\u201d adquirido em mais de meio s\u00e9culo de actividade pelos nossos servi\u00e7os t\u00e9cnicos e demais<span class=\"excerpt-hellip\"> [\u2026]<\/span><\/p>","protected":false},"author":1,"featured_media":0,"parent":0,"menu_order":0,"comment_status":"closed","ping_status":"closed","template":"","meta":{"spay_email":""},"_links":{"self":[{"href":"http:\/\/www.rito.pt\/es\/wp-json\/wp\/v2\/pages\/635"}],"collection":[{"href":"http:\/\/www.rito.pt\/es\/wp-json\/wp\/v2\/pages"}],"about":[{"href":"http:\/\/www.rito.pt\/es\/wp-json\/wp\/v2\/types\/page"}],"author":[{"embeddable":true,"href":"http:\/\/www.rito.pt\/es\/wp-json\/wp\/v2\/users\/1"}],"replies":[{"embeddable":true,"href":"http:\/\/www.rito.pt\/es\/wp-json\/wp\/v2\/comments?post=635"}],"version-history":[{"count":6,"href":"http:\/\/www.rito.pt\/es\/wp-json\/wp\/v2\/pages\/635\/revisions"}],"predecessor-version":[{"id":808,"href":"http:\/\/www.rito.pt\/es\/wp-json\/wp\/v2\/pages\/635\/revisions\/808"}],"wp:attachment":[{"href":"http:\/\/www.rito.pt\/es\/wp-json\/wp\/v2\/media?parent=635"}],"curies":[{"name":"wp","href":"https:\/\/api.w.org\/{rel}","templated":true}]}}