{"id":172,"date":"2020-05-12T10:03:55","date_gmt":"2020-05-12T10:03:55","guid":{"rendered":"http:\/\/www.rito.pt\/rito\/?page_id=172"},"modified":"2023-05-19T15:33:51","modified_gmt":"2023-05-19T15:33:51","slug":"empresa","status":"publish","type":"page","link":"http:\/\/www.rito.pt\/fr\/empresa\/","title":{"rendered":"Empresa"},"content":{"rendered":"<div data-elementor-type=\"wp-page\" data-elementor-id=\"172\" class=\"elementor elementor-172\" data-elementor-settings=\"[]\">\n\t\t\t<div class=\"elementor-inner\">\n\t\t\t\t<div class=\"elementor-section-wrap\">\n\t\t\t\t\t\t\t<section class=\"elementor-element elementor-element-2dc6116 elementor-section-stretched elementor-section-full_width elementor-section-height-min-height elementor-section-content-middle elementor-section-height-default elementor-section-items-middle elementor-section elementor-top-section\" data-id=\"2dc6116\" data-element_type=\"section\" data-settings=\"{&quot;stretch_section&quot;:&quot;section-stretched&quot;,&quot;background_background&quot;:&quot;slideshow&quot;,&quot;background_slideshow_gallery&quot;:[{&quot;id&quot;:281,&quot;url&quot;:&quot;http:\\\/\\\/www.rito.pt\\\/wp-content\\\/uploads\\\/2020\\\/05\\\/rito.pt_.png&quot;}],&quot;background_slideshow_loop&quot;:&quot;yes&quot;,&quot;background_slideshow_slide_duration&quot;:5000,&quot;background_slideshow_slide_transition&quot;:&quot;fade&quot;,&quot;background_slideshow_transition_duration&quot;:500}\">\n\t\t\t\t\t\t\t<div class=\"elementor-background-overlay\"><\/div>\n\t\t\t\t\t\t\t<div class=\"elementor-container elementor-column-gap-wider\">\n\t\t\t\t<div class=\"elementor-row\">\n\t\t\t\t<div class=\"elementor-element elementor-element-151ca3d elementor-column elementor-col-100 elementor-top-column\" data-id=\"151ca3d\" data-element_type=\"column\">\n\t\t\t<div class=\"elementor-column-wrap  elementor-element-populated\">\n\t\t\t\t\t<div class=\"elementor-widget-wrap\">\n\t\t\t\t<div class=\"elementor-element elementor-element-9407041 elementor-widget elementor-widget-heading\" data-id=\"9407041\" data-element_type=\"widget\" data-widget_type=\"heading.default\">\n\t\t\t\t<div class=\"elementor-widget-container\">\n\t\t\t<h2 class=\"elementor-heading-title elementor-size-default\">HISTOIRE ET MISSION<\/h2>\t\t<\/div>\n\t\t\t\t<\/div>\n\t\t\t\t\t\t<\/div>\n\t\t\t<\/div>\n\t\t<\/div>\n\t\t\t\t\t\t<\/div>\n\t\t\t<\/div>\n\t\t<\/section>\n\t\t\t\t<section class=\"elementor-element elementor-element-2b9a2d6 elementor-section-boxed elementor-section-height-default elementor-section-height-default elementor-section elementor-top-section\" data-id=\"2b9a2d6\" data-element_type=\"section\">\n\t\t\t\t\t\t<div class=\"elementor-container elementor-column-gap-default\">\n\t\t\t\t<div class=\"elementor-row\">\n\t\t\t\t<div class=\"elementor-element elementor-element-be1b35f elementor-column elementor-col-100 elementor-top-column\" data-id=\"be1b35f\" data-element_type=\"column\">\n\t\t\t<div class=\"elementor-column-wrap  elementor-element-populated\">\n\t\t\t\t\t<div class=\"elementor-widget-wrap\">\n\t\t\t\t\t\t<\/div>\n\t\t\t<\/div>\n\t\t<\/div>\n\t\t\t\t\t\t<\/div>\n\t\t\t<\/div>\n\t\t<\/section>\n\t\t\t\t<section class=\"elementor-element elementor-element-e0c9f29 elementor-section-boxed elementor-section-height-default elementor-section-height-default elementor-section elementor-top-section\" data-id=\"e0c9f29\" data-element_type=\"section\">\n\t\t\t\t\t\t<div class=\"elementor-container elementor-column-gap-default\">\n\t\t\t\t<div class=\"elementor-row\">\n\t\t\t\t<div class=\"elementor-element elementor-element-1625a77 elementor-column elementor-col-50 elementor-top-column\" data-id=\"1625a77\" data-element_type=\"column\">\n\t\t\t<div class=\"elementor-column-wrap  elementor-element-populated\">\n\t\t\t\t\t<div class=\"elementor-widget-wrap\">\n\t\t\t\t<div class=\"elementor-element elementor-element-35fe72e elementor-widget elementor-widget-heading\" data-id=\"35fe72e\" data-element_type=\"widget\" data-widget_type=\"heading.default\">\n\t\t\t\t<div class=\"elementor-widget-container\">\n\t\t\t<h2 class=\"elementor-heading-title elementor-size-default\">HISTOIRE<\/h2>\t\t<\/div>\n\t\t\t\t<\/div>\n\t\t\t\t<div class=\"elementor-element elementor-element-d34f34e elementor-widget elementor-widget-text-editor\" data-id=\"d34f34e\" data-element_type=\"widget\" data-widget_type=\"text-editor.default\">\n\t\t\t\t<div class=\"elementor-widget-container\">\n\t\t\t\t\t<div class=\"elementor-text-editor elementor-clearfix\"><p><strong>1947<\/strong> <br \/>\u00a0\u00a0 Entreprise familiale fond\u00e9e en 1947 par Ant\u00f3nio Ferreira Rito et ses enfants avec l&#39;activit\u00e9 de reconditionnement de moteurs.<\/p><p class=\"font_8\"><strong>1951 &#8211; <span class=\"color_15\">MOTEUR TWIN 50cc (photo)<\/span><br \/><\/strong><br \/>\u00a0\u00a0 L&#39;un des premiers grands moments de l&#39;entreprise a \u00e9t\u00e9 la conception et la conception d&#39;un moteur 2 temps, d&#39;une cylindr\u00e9e de 50 cm3 et de deux cylindres.<\/p><p><strong>1960<\/strong><br \/>\u00a0\u00a0 Avec l&#39;acquisition d&#39;\u00e9quipements, la fabrication de pistons et d&#39;engrenages pour divers v\u00e9hicules automobiles commence.\u00a0\u00a0<\/p><\/div>\n\t\t\t\t<\/div>\n\t\t\t\t<\/div>\n\t\t\t\t\t\t<\/div>\n\t\t\t<\/div>\n\t\t<\/div>\n\t\t\t\t<div class=\"elementor-element elementor-element-02d8180 elementor-column elementor-col-50 elementor-top-column\" data-id=\"02d8180\" data-element_type=\"column\">\n\t\t\t<div class=\"elementor-column-wrap  elementor-element-populated\">\n\t\t\t\t\t<div class=\"elementor-widget-wrap\">\n\t\t\t\t<div class=\"elementor-element elementor-element-5f98822 elementor-widget elementor-widget-image\" data-id=\"5f98822\" data-element_type=\"widget\" data-widget_type=\"image.default\">\n\t\t\t\t<div class=\"elementor-widget-container\">\n\t\t\t\t\t<div class=\"elementor-image\">\n\t\t\t\t\t\t\t\t\t\t<img width=\"800\" height=\"600\" src=\"http:\/\/www.rito.pt\/wp-content\/uploads\/2020\/05\/Motor-de-2-Tempos-_50cc_Bicilindrico-do-Ano-1951__.jpg\" class=\"attachment-large size-large\" alt=\"\" loading=\"lazy\" srcset=\"http:\/\/www.rito.pt\/wp-content\/uploads\/2020\/05\/Motor-de-2-Tempos-_50cc_Bicilindrico-do-Ano-1951__.jpg 800w, http:\/\/www.rito.pt\/wp-content\/uploads\/2020\/05\/Motor-de-2-Tempos-_50cc_Bicilindrico-do-Ano-1951__-300x225.jpg 300w, http:\/\/www.rito.pt\/wp-content\/uploads\/2020\/05\/Motor-de-2-Tempos-_50cc_Bicilindrico-do-Ano-1951__-768x576.jpg 768w, http:\/\/www.rito.pt\/wp-content\/uploads\/2020\/05\/Motor-de-2-Tempos-_50cc_Bicilindrico-do-Ano-1951__-195x146.jpg 195w, http:\/\/www.rito.pt\/wp-content\/uploads\/2020\/05\/Motor-de-2-Tempos-_50cc_Bicilindrico-do-Ano-1951__-50x38.jpg 50w, http:\/\/www.rito.pt\/wp-content\/uploads\/2020\/05\/Motor-de-2-Tempos-_50cc_Bicilindrico-do-Ano-1951__-100x75.jpg 100w\" sizes=\"(max-width: 800px) 100vw, 800px\" \/>\t\t\t\t\t\t\t\t\t\t\t<\/div>\n\t\t\t\t<\/div>\n\t\t\t\t<\/div>\n\t\t\t\t\t\t<\/div>\n\t\t\t<\/div>\n\t\t<\/div>\n\t\t\t\t\t\t<\/div>\n\t\t\t<\/div>\n\t\t<\/section>\n\t\t\t\t<section class=\"elementor-element elementor-element-a7edac2 elementor-section-boxed elementor-section-height-default elementor-section-height-default elementor-section elementor-top-section\" data-id=\"a7edac2\" data-element_type=\"section\">\n\t\t\t\t\t\t<div class=\"elementor-container elementor-column-gap-default\">\n\t\t\t\t<div class=\"elementor-row\">\n\t\t\t\t<div class=\"elementor-element elementor-element-b7223bf elementor-column elementor-col-100 elementor-top-column\" data-id=\"b7223bf\" data-element_type=\"column\">\n\t\t\t<div class=\"elementor-column-wrap  elementor-element-populated\">\n\t\t\t\t\t<div class=\"elementor-widget-wrap\">\n\t\t\t\t<div class=\"elementor-element elementor-element-7320267 elementor-widget elementor-widget-text-editor\" data-id=\"7320267\" data-element_type=\"widget\" data-widget_type=\"text-editor.default\">\n\t\t\t\t<div class=\"elementor-widget-container\">\n\t\t\t\t\t<div class=\"elementor-text-editor elementor-clearfix\"><p><strong>1966<br \/><\/strong>\u00a0\u00a0 En 1966, il inaugure un nouveau centre de production \u00e9quip\u00e9 de machines automatiques, lui permettant de d\u00e9marrer un nouveau cycle de vie pour l&#39;entreprise: la fabrication en s\u00e9rie. La construction de machines-outils sp\u00e9ciales pour votre propre consommation et pour la commercialisation est sans aucun doute une \u00e9tape tr\u00e8s importante dans l&#39;affirmation de votre technologie.<\/p><p><strong>1980<\/strong> <br \/>\u00a0\u00a0 La premi\u00e8re machine CNC a \u00e9t\u00e9 acquise en 1980, r\u00e9sultat d&#39;une volont\u00e9 d&#39;\u00e9voluer avec le temps.\u00a0\u00a0<\/p><p><strong>1990<\/strong><br \/>\u00a0\u00a0 L&#39;affirmation sur le march\u00e9 europ\u00e9en exigeant avec des produits pour le premier \u00e9quipement et le remplacement a ouvert une nouvelle philosophie dans l&#39;entreprise.\u00a0\u00a0<\/p><p><strong>1998<br \/><\/strong>\u00a0\u00a0 L&#39;assemblage d&#39;un nouveau bureau de m\u00e9trologie en 1998, \u00e9quip\u00e9 de divers instruments de pr\u00e9cision ainsi que d&#39;un environnement climatis\u00e9, nous permet de faire un pas \u00e9norme dans la qualit\u00e9 de ses produits.<\/p><\/div>\n\t\t\t\t<\/div>\n\t\t\t\t<\/div>\n\t\t\t\t\t\t<\/div>\n\t\t\t<\/div>\n\t\t<\/div>\n\t\t\t\t\t\t<\/div>\n\t\t\t<\/div>\n\t\t<\/section>\n\t\t\t\t<section class=\"elementor-element elementor-element-b6dd319 elementor-section-boxed elementor-section-height-default elementor-section-height-default elementor-section elementor-top-section\" data-id=\"b6dd319\" data-element_type=\"section\">\n\t\t\t\t\t\t<div class=\"elementor-container elementor-column-gap-default\">\n\t\t\t\t<div class=\"elementor-row\">\n\t\t\t\t<div class=\"elementor-element elementor-element-0a603a0 elementor-column elementor-col-50 elementor-top-column\" data-id=\"0a603a0\" data-element_type=\"column\">\n\t\t\t<div class=\"elementor-column-wrap  elementor-element-populated\">\n\t\t\t\t\t<div class=\"elementor-widget-wrap\">\n\t\t\t\t<div class=\"elementor-element elementor-element-ceabb3d elementor-widget elementor-widget-image\" data-id=\"ceabb3d\" data-element_type=\"widget\" data-widget_type=\"image.default\">\n\t\t\t\t<div class=\"elementor-widget-container\">\n\t\t\t\t\t<div class=\"elementor-image\">\n\t\t\t\t\t\t\t\t\t\t<img src=\"http:\/\/www.rito.pt\/wp-content\/uploads\/2020\/09\/foto_hist.jpg\" title=\"foto_hist\" alt=\"foto_hist\" \/>\t\t\t\t\t\t\t\t\t\t\t<\/div>\n\t\t\t\t<\/div>\n\t\t\t\t<\/div>\n\t\t\t\t\t\t<\/div>\n\t\t\t<\/div>\n\t\t<\/div>\n\t\t\t\t<div class=\"elementor-element elementor-element-1da447e elementor-column elementor-col-50 elementor-top-column\" data-id=\"1da447e\" data-element_type=\"column\">\n\t\t\t<div class=\"elementor-column-wrap  elementor-element-populated\">\n\t\t\t\t\t<div class=\"elementor-widget-wrap\">\n\t\t\t\t<div class=\"elementor-element elementor-element-faa8856 elementor-widget elementor-widget-text-editor\" data-id=\"faa8856\" data-element_type=\"widget\" data-widget_type=\"text-editor.default\">\n\t\t\t\t<div class=\"elementor-widget-container\">\n\t\t\t\t\t<div class=\"elementor-text-editor elementor-clearfix\"><p><strong>2002 <br \/><\/strong>\u00a0\u00a0 En pensant \u00e0 l&#39;avenir, il initie la mise en \u0153uvre d&#39;un syst\u00e8me qualit\u00e9, obtenant la certification en ao\u00fbt 2002. L&#39;environnement, la formation professionnelle, la s\u00e9curit\u00e9, l&#39;hygi\u00e8ne et la sant\u00e9 au travail et m\u00eame les voies de communication sont les voies les plus importantes aujourd&#39;hui et dans une perspective future .\u00a0\u00a0\u00a0<\/p><p><strong>2007<br \/><\/strong>\u00a0\u00a0 Nous acqu\u00e9rons des machines CNC, \u00e9quip\u00e9es de la derni\u00e8re g\u00e9n\u00e9ration d&#39;outils motoris\u00e9s, dans le but d&#39;am\u00e9liorer la qualit\u00e9 dimensionnelle de nos produits, ainsi que de r\u00e9duire les d\u00e9lais.\u00a0<\/p><\/div>\n\t\t\t\t<\/div>\n\t\t\t\t<\/div>\n\t\t\t\t\t\t<\/div>\n\t\t\t<\/div>\n\t\t<\/div>\n\t\t\t\t\t\t<\/div>\n\t\t\t<\/div>\n\t\t<\/section>\n\t\t\t\t<section class=\"elementor-element elementor-element-62b5028 elementor-section-boxed elementor-section-height-default elementor-section-height-default elementor-section elementor-top-section\" data-id=\"62b5028\" data-element_type=\"section\">\n\t\t\t\t\t\t<div class=\"elementor-container elementor-column-gap-default\">\n\t\t\t\t<div class=\"elementor-row\">\n\t\t\t\t<div class=\"elementor-element elementor-element-711f6f4 elementor-column elementor-col-100 elementor-top-column\" data-id=\"711f6f4\" data-element_type=\"column\">\n\t\t\t<div class=\"elementor-column-wrap  elementor-element-populated\">\n\t\t\t\t\t<div class=\"elementor-widget-wrap\">\n\t\t\t\t<div class=\"elementor-element elementor-element-ce1faf1 elementor-widget elementor-widget-text-editor\" data-id=\"ce1faf1\" data-element_type=\"widget\" data-widget_type=\"text-editor.default\">\n\t\t\t\t<div class=\"elementor-widget-container\">\n\t\t\t\t\t<div class=\"elementor-text-editor elementor-clearfix\"><p><strong>2008<\/strong><br \/>\u00a0\u00a0 Mise en place d&#39;un syst\u00e8me d&#39;information pour la gestion de la production, MULTI Ind\u00fastria. MULTI Ind\u00fastria est d\u00e9velopp\u00e9 exclusivement par INFOS, (titulaire du statut de Microsoft Gold Partner), destin\u00e9 aux projets qui n\u00e9cessitent un haut niveau d&#39;intervention au niveau du produit. Ce syst\u00e8me nous a permis de mieux ma\u00eetriser les flux d&#39;informations et plus de rigueur dans le contr\u00f4le et la gestion de notre production.<\/p><p><strong>2009<\/strong><br \/>\u00a0\u00a0 Nous avons rejoint le programme QI PME, \u00e0 travers l&#39;Association Industrielle de Minho, en partenariat avec Oficina da Inova\u00e7\u00e3o, dans le but d&#39;am\u00e9liorer l&#39;organisation de l&#39;entreprise et d&#39;\u00e9lever la qualification de nos ressources humaines.<br \/>\u00a0\u00a0 Nous avons \u00e9galement mis\u00e9 sur le passage \u00e0 la norme de qualit\u00e9 NP EN ISO 9001: 2008, nous avons conclu ce processus le 3 septembre 2009.<\/p><\/div>\n\t\t\t\t<\/div>\n\t\t\t\t<\/div>\n\t\t\t\t\t\t<\/div>\n\t\t\t<\/div>\n\t\t<\/div>\n\t\t\t\t\t\t<\/div>\n\t\t\t<\/div>\n\t\t<\/section>\n\t\t\t\t\t\t<\/div>\n\t\t\t<\/div>\n\t\t<\/div>","protected":false},"excerpt":{"rendered":"<p>HIST\u00d3RIA E MISS\u00c3O HIST\u00d3RIA 1947 \u00a0\u00a0 Empresa familiar fundada em 1947 por Ant\u00f3nio Ferreira Rito e seus filhos com a actividade de reacondicionamento de motores. 1951<span class=\"excerpt-hellip\"> [\u2026]<\/span><\/p>","protected":false},"author":1,"featured_media":0,"parent":0,"menu_order":0,"comment_status":"closed","ping_status":"closed","template":"","meta":{"spay_email":""},"_links":{"self":[{"href":"http:\/\/www.rito.pt\/fr\/wp-json\/wp\/v2\/pages\/172"}],"collection":[{"href":"http:\/\/www.rito.pt\/fr\/wp-json\/wp\/v2\/pages"}],"about":[{"href":"http:\/\/www.rito.pt\/fr\/wp-json\/wp\/v2\/types\/page"}],"author":[{"embeddable":true,"href":"http:\/\/www.rito.pt\/fr\/wp-json\/wp\/v2\/users\/1"}],"replies":[{"embeddable":true,"href":"http:\/\/www.rito.pt\/fr\/wp-json\/wp\/v2\/comments?post=172"}],"version-history":[{"count":23,"href":"http:\/\/www.rito.pt\/fr\/wp-json\/wp\/v2\/pages\/172\/revisions"}],"predecessor-version":[{"id":840,"href":"http:\/\/www.rito.pt\/fr\/wp-json\/wp\/v2\/pages\/172\/revisions\/840"}],"wp:attachment":[{"href":"http:\/\/www.rito.pt\/fr\/wp-json\/wp\/v2\/media?parent=172"}],"curies":[{"name":"wp","href":"https:\/\/api.w.org\/{rel}","templated":true}]}}