{"id":328,"date":"2020-05-22T07:57:13","date_gmt":"2020-05-22T07:57:13","guid":{"rendered":"http:\/\/www.rito.pt\/rito\/?page_id=328"},"modified":"2020-11-02T11:33:37","modified_gmt":"2020-11-02T11:33:37","slug":"pistoes-e-camisas","status":"publish","type":"page","link":"http:\/\/www.rito.pt\/fr\/pistoes-e-camisas\/","title":{"rendered":"Pist\u00f5es e Camisas"},"content":{"rendered":"<div data-elementor-type=\"wp-page\" data-elementor-id=\"328\" class=\"elementor elementor-328\" data-elementor-settings=\"[]\">\n\t\t\t<div class=\"elementor-inner\">\n\t\t\t\t<div class=\"elementor-section-wrap\">\n\t\t\t\t\t\t\t<section class=\"elementor-element elementor-element-6d5915c elementor-section-boxed elementor-section-height-default elementor-section-height-default elementor-section elementor-top-section\" data-id=\"6d5915c\" data-element_type=\"section\">\n\t\t\t\t\t\t<div class=\"elementor-container elementor-column-gap-default\">\n\t\t\t\t<div class=\"elementor-row\">\n\t\t\t\t<div class=\"elementor-element elementor-element-707181d elementor-column elementor-col-100 elementor-top-column\" data-id=\"707181d\" data-element_type=\"column\">\n\t\t\t<div class=\"elementor-column-wrap  elementor-element-populated\">\n\t\t\t\t\t<div class=\"elementor-widget-wrap\">\n\t\t\t\t<div class=\"elementor-element elementor-element-45db104 elementor-widget elementor-widget-heading\" data-id=\"45db104\" data-element_type=\"widget\" data-widget_type=\"heading.default\">\n\t\t\t\t<div class=\"elementor-widget-container\">\n\t\t\t<h2 class=\"elementor-heading-title elementor-size-default\">PISTONS ET CHEMISES<\/h2>\t\t<\/div>\n\t\t\t\t<\/div>\n\t\t\t\t<div class=\"elementor-element elementor-element-266d903 elementor-grid-1 elementor-posts--thumbnail-left elementor-grid-tablet-2 elementor-grid-mobile-1 elementor-widget elementor-widget-posts\" data-id=\"266d903\" data-element_type=\"widget\" data-settings=\"{&quot;classic_columns&quot;:&quot;1&quot;,&quot;classic_columns_tablet&quot;:&quot;2&quot;,&quot;classic_columns_mobile&quot;:&quot;1&quot;,&quot;classic_row_gap&quot;:{&quot;unit&quot;:&quot;px&quot;,&quot;size&quot;:35,&quot;sizes&quot;:[]}}\" data-widget_type=\"posts.classic\">\n\t\t\t\t<div class=\"elementor-widget-container\">\n\t\t\t\t\t<div class=\"elementor-posts-container elementor-posts elementor-posts--skin-classic elementor-grid\">\n\t\t\t\t<article class=\"elementor-post elementor-grid-item post-392 post type-post status-publish format-standard has-post-thumbnail hentry category-pistoes-camisas category-produtos\">\n\t\t\t\t<a class=\"elementor-post__thumbnail__link\" href=\"http:\/\/www.rito.pt\/fr\/jogos-de-segmentos\/\" >\n\t\t\t<div class=\"elementor-post__thumbnail\"><img width=\"1027\" height=\"762\" src=\"http:\/\/www.rito.pt\/wp-content\/uploads\/2020\/05\/jogos-de-segmentos-copy.jpg\" class=\"attachment-full size-full\" alt=\"\" loading=\"lazy\" srcset=\"http:\/\/www.rito.pt\/wp-content\/uploads\/2020\/05\/jogos-de-segmentos-copy.jpg 1027w, http:\/\/www.rito.pt\/wp-content\/uploads\/2020\/05\/jogos-de-segmentos-copy-300x223.jpg 300w, http:\/\/www.rito.pt\/wp-content\/uploads\/2020\/05\/jogos-de-segmentos-copy-1024x760.jpg 1024w, http:\/\/www.rito.pt\/wp-content\/uploads\/2020\/05\/jogos-de-segmentos-copy-768x570.jpg 768w, http:\/\/www.rito.pt\/wp-content\/uploads\/2020\/05\/jogos-de-segmentos-copy-197x146.jpg 197w, http:\/\/www.rito.pt\/wp-content\/uploads\/2020\/05\/jogos-de-segmentos-copy-50x37.jpg 50w, http:\/\/www.rito.pt\/wp-content\/uploads\/2020\/05\/jogos-de-segmentos-copy-101x75.jpg 101w, http:\/\/www.rito.pt\/wp-content\/uploads\/2020\/05\/jogos-de-segmentos-copy-647x480.jpg 647w\" sizes=\"(max-width: 1027px) 100vw, 1027px\" \/><\/div>\n\t\t<\/a>\n\t\t\t\t<div class=\"elementor-post__text\">\n\t\t\t\t<h3 class=\"elementor-post__title\">\n\t\t\t<a href=\"http:\/\/www.rito.pt\/fr\/jogos-de-segmentos\/\" >\n\t\t\t\tJeux de segment\t\t\t<\/a>\n\t\t<\/h3>\n\t\t\t\t<div class=\"elementor-post__excerpt\">\n\t\t\t<p>\u00a0\u00a0 Nos pistons complets sont \u00e9quip\u00e9s de segments de divers fournisseurs de prestige international. Nos coachs choisissent un jeu en fonction de<\/p>\n\t\t<\/div>\n\t\t\t\t\t<a class=\"elementor-post__read-more\" href=\"http:\/\/www.rito.pt\/fr\/jogos-de-segmentos\/\" >\n\t\t\t\tLire la suite &quot;\t\t\t<\/a>\n\t\t\t\t<\/div>\n\t\t\t\t<\/article>\n\t\t\t\t<article class=\"elementor-post elementor-grid-item post-389 post type-post status-publish format-standard has-post-thumbnail hentry category-pistoes-camisas category-produtos\">\n\t\t\t\t<a class=\"elementor-post__thumbnail__link\" href=\"http:\/\/www.rito.pt\/fr\/camisas-de-cilindro\/\" >\n\t\t\t<div class=\"elementor-post__thumbnail\"><img width=\"800\" height=\"600\" src=\"http:\/\/www.rito.pt\/wp-content\/uploads\/2020\/05\/Camisas-de-CilindroFRAME.jpg\" class=\"attachment-full size-full\" alt=\"\" loading=\"lazy\" srcset=\"http:\/\/www.rito.pt\/wp-content\/uploads\/2020\/05\/Camisas-de-CilindroFRAME.jpg 800w, http:\/\/www.rito.pt\/wp-content\/uploads\/2020\/05\/Camisas-de-CilindroFRAME-300x225.jpg 300w, http:\/\/www.rito.pt\/wp-content\/uploads\/2020\/05\/Camisas-de-CilindroFRAME-768x576.jpg 768w, http:\/\/www.rito.pt\/wp-content\/uploads\/2020\/05\/Camisas-de-CilindroFRAME-195x146.jpg 195w, http:\/\/www.rito.pt\/wp-content\/uploads\/2020\/05\/Camisas-de-CilindroFRAME-50x38.jpg 50w, http:\/\/www.rito.pt\/wp-content\/uploads\/2020\/05\/Camisas-de-CilindroFRAME-100x75.jpg 100w\" sizes=\"(max-width: 800px) 100vw, 800px\" \/><\/div>\n\t\t<\/a>\n\t\t\t\t<div class=\"elementor-post__text\">\n\t\t\t\t<h3 class=\"elementor-post__title\">\n\t\t\t<a href=\"http:\/\/www.rito.pt\/fr\/camisas-de-cilindro\/\" >\n\t\t\t\tChemises cylindriques\t\t\t<\/a>\n\t\t<\/h3>\n\t\t\t\t<div class=\"elementor-post__excerpt\">\n\t\t\t<p>\u00a0\u00a0 Les chemises de bouteilles s\u00e8ches peuvent \u00eatre livr\u00e9es finies ou semi-finies, conditionn\u00e9es en cartons de 1 ou 4 unit\u00e9s correctement prot\u00e9g\u00e9es et identifi\u00e9es. Sont<\/p>\n\t\t<\/div>\n\t\t\t\t\t<a class=\"elementor-post__read-more\" href=\"http:\/\/www.rito.pt\/fr\/camisas-de-cilindro\/\" >\n\t\t\t\tLire la suite &quot;\t\t\t<\/a>\n\t\t\t\t<\/div>\n\t\t\t\t<\/article>\n\t\t\t\t<article class=\"elementor-post elementor-grid-item post-387 post type-post status-publish format-standard has-post-thumbnail hentry category-pistoes-camisas category-produtos\">\n\t\t\t\t<a class=\"elementor-post__thumbnail__link\" href=\"http:\/\/www.rito.pt\/fr\/pistoes-completos\/\" >\n\t\t\t<div class=\"elementor-post__thumbnail\"><img width=\"800\" height=\"600\" src=\"http:\/\/www.rito.pt\/wp-content\/uploads\/2020\/04\/pistoes-completosFRAME.jpg\" class=\"attachment-full size-full\" alt=\"\" loading=\"lazy\" srcset=\"http:\/\/www.rito.pt\/wp-content\/uploads\/2020\/04\/pistoes-completosFRAME.jpg 800w, http:\/\/www.rito.pt\/wp-content\/uploads\/2020\/04\/pistoes-completosFRAME-300x225.jpg 300w, http:\/\/www.rito.pt\/wp-content\/uploads\/2020\/04\/pistoes-completosFRAME-768x576.jpg 768w, http:\/\/www.rito.pt\/wp-content\/uploads\/2020\/04\/pistoes-completosFRAME-195x146.jpg 195w, http:\/\/www.rito.pt\/wp-content\/uploads\/2020\/04\/pistoes-completosFRAME-50x38.jpg 50w, http:\/\/www.rito.pt\/wp-content\/uploads\/2020\/04\/pistoes-completosFRAME-100x75.jpg 100w\" sizes=\"(max-width: 800px) 100vw, 800px\" \/><\/div>\n\t\t<\/a>\n\t\t\t\t<div class=\"elementor-post__text\">\n\t\t\t\t<h3 class=\"elementor-post__title\">\n\t\t\t<a href=\"http:\/\/www.rito.pt\/fr\/pistoes-completos\/\" >\n\t\t\t\tPistons complets\t\t\t<\/a>\n\t\t<\/h3>\n\t\t\t\t<div class=\"elementor-post__excerpt\">\n\t\t\t<p>\u00a0\u00a0 Tous les pistons sont livr\u00e9s d\u00e9j\u00e0 \u00e9quip\u00e9s des segments, chevilles et freins correspondants, d\u00fbment identifi\u00e9s et emball\u00e9s. Nous utilisons pour chaque piston l&#39;alliage de<\/p>\n\t\t<\/div>\n\t\t\t\t\t<a class=\"elementor-post__read-more\" href=\"http:\/\/www.rito.pt\/fr\/pistoes-completos\/\" >\n\t\t\t\tLire la suite &quot;\t\t\t<\/a>\n\t\t\t\t<\/div>\n\t\t\t\t<\/article>\n\t\t\t\t<article class=\"elementor-post elementor-grid-item post-384 post type-post status-publish format-standard has-post-thumbnail hentry category-pistoes-camisas category-produtos\">\n\t\t\t\t<a class=\"elementor-post__thumbnail__link\" href=\"http:\/\/www.rito.pt\/fr\/conj-de-pistao-e-camisa-de-cilindro\/\" >\n\t\t\t<div class=\"elementor-post__thumbnail\"><img width=\"800\" height=\"600\" src=\"http:\/\/www.rito.pt\/wp-content\/uploads\/2020\/05\/Comjuntos-de-Pistoes-e-Camisas-de-Cilindro-FRAME.jpg\" class=\"attachment-full size-full\" alt=\"\" loading=\"lazy\" srcset=\"http:\/\/www.rito.pt\/wp-content\/uploads\/2020\/05\/Comjuntos-de-Pistoes-e-Camisas-de-Cilindro-FRAME.jpg 800w, http:\/\/www.rito.pt\/wp-content\/uploads\/2020\/05\/Comjuntos-de-Pistoes-e-Camisas-de-Cilindro-FRAME-300x225.jpg 300w, http:\/\/www.rito.pt\/wp-content\/uploads\/2020\/05\/Comjuntos-de-Pistoes-e-Camisas-de-Cilindro-FRAME-768x576.jpg 768w, http:\/\/www.rito.pt\/wp-content\/uploads\/2020\/05\/Comjuntos-de-Pistoes-e-Camisas-de-Cilindro-FRAME-195x146.jpg 195w, http:\/\/www.rito.pt\/wp-content\/uploads\/2020\/05\/Comjuntos-de-Pistoes-e-Camisas-de-Cilindro-FRAME-50x38.jpg 50w, http:\/\/www.rito.pt\/wp-content\/uploads\/2020\/05\/Comjuntos-de-Pistoes-e-Camisas-de-Cilindro-FRAME-100x75.jpg 100w\" sizes=\"(max-width: 800px) 100vw, 800px\" \/><\/div>\n\t\t<\/a>\n\t\t\t\t<div class=\"elementor-post__text\">\n\t\t\t\t<h3 class=\"elementor-post__title\">\n\t\t\t<a href=\"http:\/\/www.rito.pt\/fr\/conj-de-pistao-e-camisa-de-cilindro\/\" >\n\t\t\t\tAssemblage du piston et du manchon de cylindre\t\t\t<\/a>\n\t\t<\/h3>\n\t\t\t\t<div class=\"elementor-post__excerpt\">\n\t\t\t<p>\u00a0\u00a0 L&#39;ensemble se compose d&#39;un piston complet et d&#39;une chemise de cylindre, qui sont pr\u00eats \u00e0 \u00eatre assembl\u00e9s sans aucune m\u00e9canisation.<\/p>\n\t\t<\/div>\n\t\t\t\t\t<a class=\"elementor-post__read-more\" href=\"http:\/\/www.rito.pt\/fr\/conj-de-pistao-e-camisa-de-cilindro\/\" >\n\t\t\t\tLire la suite &quot;\t\t\t<\/a>\n\t\t\t\t<\/div>\n\t\t\t\t<\/article>\n\t\t\t\t<\/div>\n\t\t\t\t<\/div>\n\t\t\t\t<\/div>\n\t\t\t\t\t\t<\/div>\n\t\t\t<\/div>\n\t\t<\/div>\n\t\t\t\t\t\t<\/div>\n\t\t\t<\/div>\n\t\t<\/section>\n\t\t\t\t\t\t<\/div>\n\t\t\t<\/div>\n\t\t<\/div>","protected":false},"excerpt":{"rendered":"<p>PISTONS ET CHEMISES<\/p>","protected":false},"author":1,"featured_media":0,"parent":0,"menu_order":0,"comment_status":"closed","ping_status":"closed","template":"","meta":{"spay_email":""},"_links":{"self":[{"href":"http:\/\/www.rito.pt\/fr\/wp-json\/wp\/v2\/pages\/328"}],"collection":[{"href":"http:\/\/www.rito.pt\/fr\/wp-json\/wp\/v2\/pages"}],"about":[{"href":"http:\/\/www.rito.pt\/fr\/wp-json\/wp\/v2\/types\/page"}],"author":[{"embeddable":true,"href":"http:\/\/www.rito.pt\/fr\/wp-json\/wp\/v2\/users\/1"}],"replies":[{"embeddable":true,"href":"http:\/\/www.rito.pt\/fr\/wp-json\/wp\/v2\/comments?post=328"}],"version-history":[{"count":8,"href":"http:\/\/www.rito.pt\/fr\/wp-json\/wp\/v2\/pages\/328\/revisions"}],"predecessor-version":[{"id":810,"href":"http:\/\/www.rito.pt\/fr\/wp-json\/wp\/v2\/pages\/328\/revisions\/810"}],"wp:attachment":[{"href":"http:\/\/www.rito.pt\/fr\/wp-json\/wp\/v2\/media?parent=328"}],"curies":[{"name":"wp","href":"https:\/\/api.w.org\/{rel}","templated":true}]}}