{"id":329,"date":"2020-05-22T07:57:18","date_gmt":"2020-05-22T07:57:18","guid":{"rendered":"http:\/\/www.rito.pt\/rito\/?page_id=329"},"modified":"2024-12-11T13:42:30","modified_gmt":"2024-12-11T13:42:30","slug":"competicao","status":"publish","type":"page","link":"http:\/\/www.rito.pt\/fr\/competicao\/","title":{"rendered":"Comp\u00e9tition"},"content":{"rendered":"<div data-elementor-type=\"wp-page\" data-elementor-id=\"329\" class=\"elementor elementor-329\" data-elementor-settings=\"[]\">\n\t\t\t<div class=\"elementor-inner\">\n\t\t\t\t<div class=\"elementor-section-wrap\">\n\t\t\t\t\t\t\t<section class=\"elementor-element elementor-element-e0e1880 elementor-section-boxed elementor-section-height-default elementor-section-height-default elementor-section elementor-top-section\" data-id=\"e0e1880\" data-element_type=\"section\">\n\t\t\t\t\t\t<div class=\"elementor-container elementor-column-gap-default\">\n\t\t\t\t<div class=\"elementor-row\">\n\t\t\t\t<div class=\"elementor-element elementor-element-fdf028a elementor-column elementor-col-100 elementor-top-column\" data-id=\"fdf028a\" data-element_type=\"column\">\n\t\t\t<div class=\"elementor-column-wrap  elementor-element-populated\">\n\t\t\t\t\t<div class=\"elementor-widget-wrap\">\n\t\t\t\t<div class=\"elementor-element elementor-element-45db104 elementor-widget elementor-widget-heading\" data-id=\"45db104\" data-element_type=\"widget\" data-widget_type=\"heading.default\">\n\t\t\t\t<div class=\"elementor-widget-container\">\n\t\t\t<h2 class=\"elementor-heading-title elementor-size-default\">COMP\u00c9TITION<\/h2>\t\t<\/div>\n\t\t\t\t<\/div>\n\t\t\t\t<section class=\"elementor-element elementor-element-61d7b36 elementor-section-boxed elementor-section-height-default elementor-section-height-default elementor-section elementor-inner-section\" data-id=\"61d7b36\" data-element_type=\"section\">\n\t\t\t\t\t\t<div class=\"elementor-container elementor-column-gap-default\">\n\t\t\t\t<div class=\"elementor-row\">\n\t\t\t\t<div class=\"elementor-element elementor-element-d392f18 elementor-column elementor-col-100 elementor-inner-column\" data-id=\"d392f18\" data-element_type=\"column\">\n\t\t\t<div class=\"elementor-column-wrap  elementor-element-populated\">\n\t\t\t\t\t<div class=\"elementor-widget-wrap\">\n\t\t\t\t<div class=\"elementor-element elementor-element-1107119 elementor-widget elementor-widget-text-editor\" data-id=\"1107119\" data-element_type=\"widget\" data-widget_type=\"text-editor.default\">\n\t\t\t\t<div class=\"elementor-widget-container\">\n\t\t\t\t\t<div class=\"elementor-text-editor elementor-clearfix\"><p>\u00a0\u00a0 Nous avons comme principaux produits que nous fabriquons les mentionn\u00e9s ci-dessous. Cependant, nos possibilit\u00e9s pour vous aider \u00e0 r\u00e9soudre vos probl\u00e8mes ne sont pas \u00e9puis\u00e9es. Veuillez nous consulter.<\/p><p>\u00a0\u00a0 -Bo\u00eetes de vitesses synchronis\u00e9es \/ Crabot Groupe A<br \/>\u00a0\u00a0 -Ensembles de roues de groupe et de pignon Groupe A<br \/>\u00a0\u00a0 -Diff\u00e9rentiels coulissants<br \/>\u00a0\u00a0 -Reducer avec Inverter et Autoblocante<br \/>\u00a0\u00a0 - R\u00e9ducteurs de direction assist\u00e9s<br \/>\u00a0\u00a0 -Jeux de commutateurs et pignons Groupe A<br \/>\u00a0\u00a0 -Arbres de transmission Sp \/ Semi - Arbres<br \/>\u00a0\u00a0 -Pistons complets, manchons de cylindre, jeux de segments<br \/>\u00a0\u00a0 - Motos pour motos<br \/>\u00a0\u00a0 -V\u00e9los pour motos<br \/>\u00a0\u00a0 -Ensembles de transmission \/ bo\u00eetes de vitesses pour motos<br \/>\u00a0\u00a0 -Etc<\/p><\/div>\n\t\t\t\t<\/div>\n\t\t\t\t<\/div>\n\t\t\t\t\t\t<\/div>\n\t\t\t<\/div>\n\t\t<\/div>\n\t\t\t\t\t\t<\/div>\n\t\t\t<\/div>\n\t\t<\/section>\n\t\t\t\t\t\t<\/div>\n\t\t\t<\/div>\n\t\t<\/div>\n\t\t\t\t\t\t<\/div>\n\t\t\t<\/div>\n\t\t<\/section>\n\t\t\t\t<section class=\"elementor-element elementor-element-1668fae elementor-section-boxed elementor-section-height-default elementor-section-height-default elementor-section elementor-top-section\" data-id=\"1668fae\" data-element_type=\"section\">\n\t\t\t\t\t\t<div class=\"elementor-container elementor-column-gap-default\">\n\t\t\t\t<div class=\"elementor-row\">\n\t\t\t\t<div class=\"elementor-element elementor-element-20e0741 elementor-column elementor-col-100 elementor-top-column\" data-id=\"20e0741\" data-element_type=\"column\">\n\t\t\t<div class=\"elementor-column-wrap  elementor-element-populated\">\n\t\t\t\t\t<div class=\"elementor-widget-wrap\">\n\t\t\t\t<div class=\"elementor-element elementor-element-266d903 elementor-grid-1 elementor-posts--thumbnail-left elementor-grid-tablet-2 elementor-grid-mobile-1 elementor-widget elementor-widget-posts\" data-id=\"266d903\" data-element_type=\"widget\" data-settings=\"{&quot;classic_columns&quot;:&quot;1&quot;,&quot;classic_columns_tablet&quot;:&quot;2&quot;,&quot;classic_columns_mobile&quot;:&quot;1&quot;,&quot;classic_row_gap&quot;:{&quot;unit&quot;:&quot;px&quot;,&quot;size&quot;:35,&quot;sizes&quot;:[]}}\" data-widget_type=\"posts.classic\">\n\t\t\t\t<div class=\"elementor-widget-container\">\n\t\t\t\t\t<div class=\"elementor-posts-container elementor-posts elementor-posts--skin-classic elementor-grid\">\n\t\t\t\t<article class=\"elementor-post elementor-grid-item post-554 post type-post status-publish format-standard has-post-thumbnail hentry category-competicao category-produtos\">\n\t\t\t\t<a class=\"elementor-post__thumbnail__link\" href=\"http:\/\/www.rito.pt\/fr\/conjunto-caixa-redutora-com-inversor-e-autoblocante-redutora-de-ligacao\/\" >\n\t\t\t<div class=\"elementor-post__thumbnail\"><img width=\"800\" height=\"600\" src=\"http:\/\/www.rito.pt\/wp-content\/uploads\/2020\/09\/caixavelocidadesengrenagens.jpg\" class=\"attachment-full size-full\" alt=\"\" loading=\"lazy\" srcset=\"http:\/\/www.rito.pt\/wp-content\/uploads\/2020\/09\/caixavelocidadesengrenagens.jpg 800w, http:\/\/www.rito.pt\/wp-content\/uploads\/2020\/09\/caixavelocidadesengrenagens-300x225.jpg 300w, http:\/\/www.rito.pt\/wp-content\/uploads\/2020\/09\/caixavelocidadesengrenagens-768x576.jpg 768w, http:\/\/www.rito.pt\/wp-content\/uploads\/2020\/09\/caixavelocidadesengrenagens-195x146.jpg 195w, http:\/\/www.rito.pt\/wp-content\/uploads\/2020\/09\/caixavelocidadesengrenagens-50x38.jpg 50w, http:\/\/www.rito.pt\/wp-content\/uploads\/2020\/09\/caixavelocidadesengrenagens-100x75.jpg 100w\" sizes=\"(max-width: 800px) 100vw, 800px\" \/><\/div>\n\t\t<\/a>\n\t\t\t\t<div class=\"elementor-post__text\">\n\t\t\t\t<h3 class=\"elementor-post__title\">\n\t\t\t<a href=\"http:\/\/www.rito.pt\/fr\/conjunto-caixa-redutora-com-inversor-e-autoblocante-redutora-de-ligacao\/\" >\n\t\t\t\tSet Reducer Box avec Inverter et Autoblocante + Reducer of Connection\t\t\t<\/a>\n\t\t<\/h3>\n\t\t\t\t<\/div>\n\t\t\t\t<\/article>\n\t\t\t\t<article class=\"elementor-post elementor-grid-item post-552 post type-post status-publish format-standard has-post-thumbnail hentry category-competicao category-produtos\">\n\t\t\t\t<a class=\"elementor-post__thumbnail__link\" href=\"http:\/\/www.rito.pt\/fr\/caixa-redutora-com-inversor-e-autoblocante-4wd\/\" >\n\t\t\t<div class=\"elementor-post__thumbnail\"><img width=\"800\" height=\"600\" src=\"http:\/\/www.rito.pt\/wp-content\/uploads\/2020\/09\/desenvolvimentoproduto.jpg\" class=\"attachment-full size-full\" alt=\"\" loading=\"lazy\" srcset=\"http:\/\/www.rito.pt\/wp-content\/uploads\/2020\/09\/desenvolvimentoproduto.jpg 800w, http:\/\/www.rito.pt\/wp-content\/uploads\/2020\/09\/desenvolvimentoproduto-300x225.jpg 300w, http:\/\/www.rito.pt\/wp-content\/uploads\/2020\/09\/desenvolvimentoproduto-768x576.jpg 768w, http:\/\/www.rito.pt\/wp-content\/uploads\/2020\/09\/desenvolvimentoproduto-195x146.jpg 195w, http:\/\/www.rito.pt\/wp-content\/uploads\/2020\/09\/desenvolvimentoproduto-50x38.jpg 50w, http:\/\/www.rito.pt\/wp-content\/uploads\/2020\/09\/desenvolvimentoproduto-100x75.jpg 100w\" sizes=\"(max-width: 800px) 100vw, 800px\" \/><\/div>\n\t\t<\/a>\n\t\t\t\t<div class=\"elementor-post__text\">\n\t\t\t\t<h3 class=\"elementor-post__title\">\n\t\t\t<a href=\"http:\/\/www.rito.pt\/fr\/caixa-redutora-com-inversor-e-autoblocante-4wd\/\" >\n\t\t\t\tR\u00e9ducteur avec Inverter et Autoblocante 4WD\t\t\t<\/a>\n\t\t<\/h3>\n\t\t\t\t<\/div>\n\t\t\t\t<\/article>\n\t\t\t\t<article class=\"elementor-post elementor-grid-item post-445 post type-post status-publish format-standard has-post-thumbnail hentry category-competicao category-produtos\">\n\t\t\t\t<a class=\"elementor-post__thumbnail__link\" href=\"http:\/\/www.rito.pt\/fr\/redutora-de-direccao\/\" >\n\t\t\t<div class=\"elementor-post__thumbnail\"><img width=\"800\" height=\"600\" src=\"http:\/\/www.rito.pt\/wp-content\/uploads\/2020\/05\/Redutora-de-direccao-assistida_FRAME.jpg\" class=\"attachment-full size-full\" alt=\"\" loading=\"lazy\" srcset=\"http:\/\/www.rito.pt\/wp-content\/uploads\/2020\/05\/Redutora-de-direccao-assistida_FRAME.jpg 800w, http:\/\/www.rito.pt\/wp-content\/uploads\/2020\/05\/Redutora-de-direccao-assistida_FRAME-300x225.jpg 300w, http:\/\/www.rito.pt\/wp-content\/uploads\/2020\/05\/Redutora-de-direccao-assistida_FRAME-768x576.jpg 768w, http:\/\/www.rito.pt\/wp-content\/uploads\/2020\/05\/Redutora-de-direccao-assistida_FRAME-195x146.jpg 195w, http:\/\/www.rito.pt\/wp-content\/uploads\/2020\/05\/Redutora-de-direccao-assistida_FRAME-50x38.jpg 50w, http:\/\/www.rito.pt\/wp-content\/uploads\/2020\/05\/Redutora-de-direccao-assistida_FRAME-100x75.jpg 100w\" sizes=\"(max-width: 800px) 100vw, 800px\" \/><\/div>\n\t\t<\/a>\n\t\t\t\t<div class=\"elementor-post__text\">\n\t\t\t\t<h3 class=\"elementor-post__title\">\n\t\t\t<a href=\"http:\/\/www.rito.pt\/fr\/redutora-de-direccao\/\" >\n\t\t\t\tR\u00e9ducteur de direction\t\t\t<\/a>\n\t\t<\/h3>\n\t\t\t\t<\/div>\n\t\t\t\t<\/article>\n\t\t\t\t<article class=\"elementor-post elementor-grid-item post-443 post type-post status-publish format-standard has-post-thumbnail hentry category-competicao category-produtos\">\n\t\t\t\t<a class=\"elementor-post__thumbnail__link\" href=\"http:\/\/www.rito.pt\/fr\/caixa-de-velocidade-sincronizada-grupo-a\/\" >\n\t\t\t<div class=\"elementor-post__thumbnail\"><img width=\"800\" height=\"600\" src=\"http:\/\/www.rito.pt\/wp-content\/uploads\/2020\/05\/Caixa-de-Velocidades-Sincronizada-Alfa-Romeo-Grupo-A-FRAME.jpg\" class=\"attachment-full size-full\" alt=\"\" loading=\"lazy\" srcset=\"http:\/\/www.rito.pt\/wp-content\/uploads\/2020\/05\/Caixa-de-Velocidades-Sincronizada-Alfa-Romeo-Grupo-A-FRAME.jpg 800w, http:\/\/www.rito.pt\/wp-content\/uploads\/2020\/05\/Caixa-de-Velocidades-Sincronizada-Alfa-Romeo-Grupo-A-FRAME-300x225.jpg 300w, http:\/\/www.rito.pt\/wp-content\/uploads\/2020\/05\/Caixa-de-Velocidades-Sincronizada-Alfa-Romeo-Grupo-A-FRAME-768x576.jpg 768w, http:\/\/www.rito.pt\/wp-content\/uploads\/2020\/05\/Caixa-de-Velocidades-Sincronizada-Alfa-Romeo-Grupo-A-FRAME-195x146.jpg 195w, http:\/\/www.rito.pt\/wp-content\/uploads\/2020\/05\/Caixa-de-Velocidades-Sincronizada-Alfa-Romeo-Grupo-A-FRAME-50x38.jpg 50w, http:\/\/www.rito.pt\/wp-content\/uploads\/2020\/05\/Caixa-de-Velocidades-Sincronizada-Alfa-Romeo-Grupo-A-FRAME-100x75.jpg 100w\" sizes=\"(max-width: 800px) 100vw, 800px\" \/><\/div>\n\t\t<\/a>\n\t\t\t\t<div class=\"elementor-post__text\">\n\t\t\t\t<h3 class=\"elementor-post__title\">\n\t\t\t<a href=\"http:\/\/www.rito.pt\/fr\/caixa-de-velocidade-sincronizada-grupo-a\/\" >\n\t\t\t\tBo\u00eete de vitesses synchronis\u00e9e du groupe A\t\t\t<\/a>\n\t\t<\/h3>\n\t\t\t\t<\/div>\n\t\t\t\t<\/article>\n\t\t\t\t<article class=\"elementor-post elementor-grid-item post-441 post type-post status-publish format-standard has-post-thumbnail hentry category-competicao category-produtos\">\n\t\t\t\t<a class=\"elementor-post__thumbnail__link\" href=\"http:\/\/www.rito.pt\/fr\/caixa-redutora-c-inversor-e-autoblocante\/\" >\n\t\t\t<div class=\"elementor-post__thumbnail\"><img width=\"800\" height=\"600\" src=\"http:\/\/www.rito.pt\/wp-content\/uploads\/2020\/05\/REDUTORA-NOVA.jpg\" class=\"attachment-full size-full\" alt=\"\" loading=\"lazy\" srcset=\"http:\/\/www.rito.pt\/wp-content\/uploads\/2020\/05\/REDUTORA-NOVA.jpg 800w, http:\/\/www.rito.pt\/wp-content\/uploads\/2020\/05\/REDUTORA-NOVA-300x225.jpg 300w, http:\/\/www.rito.pt\/wp-content\/uploads\/2020\/05\/REDUTORA-NOVA-768x576.jpg 768w, http:\/\/www.rito.pt\/wp-content\/uploads\/2020\/05\/REDUTORA-NOVA-195x146.jpg 195w, http:\/\/www.rito.pt\/wp-content\/uploads\/2020\/05\/REDUTORA-NOVA-50x38.jpg 50w, http:\/\/www.rito.pt\/wp-content\/uploads\/2020\/05\/REDUTORA-NOVA-100x75.jpg 100w\" sizes=\"(max-width: 800px) 100vw, 800px\" \/><\/div>\n\t\t<\/a>\n\t\t\t\t<div class=\"elementor-post__text\">\n\t\t\t\t<h3 class=\"elementor-post__title\">\n\t\t\t<a href=\"http:\/\/www.rito.pt\/fr\/caixa-redutora-c-inversor-e-autoblocante\/\" >\n\t\t\t\tBo\u00eete de r\u00e9duction avec inverseur et Autoblocante\t\t\t<\/a>\n\t\t<\/h3>\n\t\t\t\t<\/div>\n\t\t\t\t<\/article>\n\t\t\t\t<article class=\"elementor-post elementor-grid-item post-439 post type-post status-publish format-standard has-post-thumbnail hentry category-competicao category-produtos\">\n\t\t\t\t<a class=\"elementor-post__thumbnail__link\" href=\"http:\/\/www.rito.pt\/fr\/manga-de-eixo-porca-central-e-suporte-de-disco-de-travao-porsche\/\" >\n\t\t\t<div class=\"elementor-post__thumbnail\"><img width=\"800\" height=\"600\" src=\"http:\/\/www.rito.pt\/wp-content\/uploads\/2020\/05\/Manga-de-Eixo-Dianteira-e-Suporte-de-Disco-de-Travao-LOLA-T70.jpg\" class=\"attachment-full size-full\" alt=\"\" loading=\"lazy\" srcset=\"http:\/\/www.rito.pt\/wp-content\/uploads\/2020\/05\/Manga-de-Eixo-Dianteira-e-Suporte-de-Disco-de-Travao-LOLA-T70.jpg 800w, http:\/\/www.rito.pt\/wp-content\/uploads\/2020\/05\/Manga-de-Eixo-Dianteira-e-Suporte-de-Disco-de-Travao-LOLA-T70-300x225.jpg 300w, http:\/\/www.rito.pt\/wp-content\/uploads\/2020\/05\/Manga-de-Eixo-Dianteira-e-Suporte-de-Disco-de-Travao-LOLA-T70-768x576.jpg 768w, http:\/\/www.rito.pt\/wp-content\/uploads\/2020\/05\/Manga-de-Eixo-Dianteira-e-Suporte-de-Disco-de-Travao-LOLA-T70-195x146.jpg 195w, http:\/\/www.rito.pt\/wp-content\/uploads\/2020\/05\/Manga-de-Eixo-Dianteira-e-Suporte-de-Disco-de-Travao-LOLA-T70-50x38.jpg 50w, http:\/\/www.rito.pt\/wp-content\/uploads\/2020\/05\/Manga-de-Eixo-Dianteira-e-Suporte-de-Disco-de-Travao-LOLA-T70-100x75.jpg 100w\" sizes=\"(max-width: 800px) 100vw, 800px\" \/><\/div>\n\t\t<\/a>\n\t\t\t\t<div class=\"elementor-post__text\">\n\t\t\t\t<h3 class=\"elementor-post__title\">\n\t\t\t<a href=\"http:\/\/www.rito.pt\/fr\/manga-de-eixo-porca-central-e-suporte-de-disco-de-travao-porsche\/\" >\n\t\t\t\tDouille d&#39;essieu, \u00e9crou central et support de disque de frein Porsche\t\t\t<\/a>\n\t\t<\/h3>\n\t\t\t\t<\/div>\n\t\t\t\t<\/article>\n\t\t\t\t<article class=\"elementor-post elementor-grid-item post-437 post type-post status-publish format-standard has-post-thumbnail hentry category-competicao category-produtos\">\n\t\t\t\t<a class=\"elementor-post__thumbnail__link\" href=\"http:\/\/www.rito.pt\/fr\/diferencial-autoblocante\/\" >\n\t\t\t<div class=\"elementor-post__thumbnail\"><img width=\"800\" height=\"600\" src=\"http:\/\/www.rito.pt\/wp-content\/uploads\/2020\/05\/Autoblocante-Suzuki-Vitara-1.jpg\" class=\"attachment-full size-full\" alt=\"\" loading=\"lazy\" srcset=\"http:\/\/www.rito.pt\/wp-content\/uploads\/2020\/05\/Autoblocante-Suzuki-Vitara-1.jpg 800w, http:\/\/www.rito.pt\/wp-content\/uploads\/2020\/05\/Autoblocante-Suzuki-Vitara-1-300x225.jpg 300w, http:\/\/www.rito.pt\/wp-content\/uploads\/2020\/05\/Autoblocante-Suzuki-Vitara-1-768x576.jpg 768w, http:\/\/www.rito.pt\/wp-content\/uploads\/2020\/05\/Autoblocante-Suzuki-Vitara-1-195x146.jpg 195w, http:\/\/www.rito.pt\/wp-content\/uploads\/2020\/05\/Autoblocante-Suzuki-Vitara-1-50x38.jpg 50w, http:\/\/www.rito.pt\/wp-content\/uploads\/2020\/05\/Autoblocante-Suzuki-Vitara-1-100x75.jpg 100w\" sizes=\"(max-width: 800px) 100vw, 800px\" \/><\/div>\n\t\t<\/a>\n\t\t\t\t<div class=\"elementor-post__text\">\n\t\t\t\t<h3 class=\"elementor-post__title\">\n\t\t\t<a href=\"http:\/\/www.rito.pt\/fr\/diferencial-autoblocante\/\" >\n\t\t\t\tDiff\u00e9rentiel autobloquant\t\t\t<\/a>\n\t\t<\/h3>\n\t\t\t\t<\/div>\n\t\t\t\t<\/article>\n\t\t\t\t<article class=\"elementor-post elementor-grid-item post-435 post type-post status-publish format-standard has-post-thumbnail hentry category-caixas-de-velocidades-engrenagens category-competicao category-produtos\">\n\t\t\t\t<a class=\"elementor-post__thumbnail__link\" href=\"http:\/\/www.rito.pt\/fr\/caixa-peugeot-citroen-be-3-4\/\" >\n\t\t\t<div class=\"elementor-post__thumbnail\"><img width=\"800\" height=\"600\" src=\"http:\/\/www.rito.pt\/wp-content\/uploads\/2020\/05\/CAIXA-PEUGEOT-CRABOT-BE3_4-FRAME-1.jpg\" class=\"attachment-full size-full\" alt=\"\" loading=\"lazy\" srcset=\"http:\/\/www.rito.pt\/wp-content\/uploads\/2020\/05\/CAIXA-PEUGEOT-CRABOT-BE3_4-FRAME-1.jpg 800w, http:\/\/www.rito.pt\/wp-content\/uploads\/2020\/05\/CAIXA-PEUGEOT-CRABOT-BE3_4-FRAME-1-300x225.jpg 300w, http:\/\/www.rito.pt\/wp-content\/uploads\/2020\/05\/CAIXA-PEUGEOT-CRABOT-BE3_4-FRAME-1-768x576.jpg 768w, http:\/\/www.rito.pt\/wp-content\/uploads\/2020\/05\/CAIXA-PEUGEOT-CRABOT-BE3_4-FRAME-1-195x146.jpg 195w, http:\/\/www.rito.pt\/wp-content\/uploads\/2020\/05\/CAIXA-PEUGEOT-CRABOT-BE3_4-FRAME-1-50x38.jpg 50w, http:\/\/www.rito.pt\/wp-content\/uploads\/2020\/05\/CAIXA-PEUGEOT-CRABOT-BE3_4-FRAME-1-100x75.jpg 100w\" sizes=\"(max-width: 800px) 100vw, 800px\" \/><\/div>\n\t\t<\/a>\n\t\t\t\t<div class=\"elementor-post__text\">\n\t\t\t\t<h3 class=\"elementor-post__title\">\n\t\t\t<a href=\"http:\/\/www.rito.pt\/fr\/caixa-peugeot-citroen-be-3-4\/\" >\n\t\t\t\tBo\u00eete Peugeot \/ Citr\u00f6en BE 3\/4\t\t\t<\/a>\n\t\t<\/h3>\n\t\t\t\t<\/div>\n\t\t\t\t<\/article>\n\t\t\t\t<article class=\"elementor-post elementor-grid-item post-433 post type-post status-publish format-standard has-post-thumbnail hentry category-competicao category-produtos\">\n\t\t\t\t<a class=\"elementor-post__thumbnail__link\" href=\"http:\/\/www.rito.pt\/fr\/caixa-mitsubishi-lancer-evolution-iv-ix\/\" >\n\t\t\t<div class=\"elementor-post__thumbnail\"><img width=\"800\" height=\"600\" src=\"http:\/\/www.rito.pt\/wp-content\/uploads\/2020\/05\/CAIXA-MITSUBISHI-CRABOT-FRAME.jpg\" class=\"attachment-full size-full\" alt=\"\" loading=\"lazy\" srcset=\"http:\/\/www.rito.pt\/wp-content\/uploads\/2020\/05\/CAIXA-MITSUBISHI-CRABOT-FRAME.jpg 800w, http:\/\/www.rito.pt\/wp-content\/uploads\/2020\/05\/CAIXA-MITSUBISHI-CRABOT-FRAME-300x225.jpg 300w, http:\/\/www.rito.pt\/wp-content\/uploads\/2020\/05\/CAIXA-MITSUBISHI-CRABOT-FRAME-768x576.jpg 768w, http:\/\/www.rito.pt\/wp-content\/uploads\/2020\/05\/CAIXA-MITSUBISHI-CRABOT-FRAME-195x146.jpg 195w, http:\/\/www.rito.pt\/wp-content\/uploads\/2020\/05\/CAIXA-MITSUBISHI-CRABOT-FRAME-50x38.jpg 50w, http:\/\/www.rito.pt\/wp-content\/uploads\/2020\/05\/CAIXA-MITSUBISHI-CRABOT-FRAME-100x75.jpg 100w\" sizes=\"(max-width: 800px) 100vw, 800px\" \/><\/div>\n\t\t<\/a>\n\t\t\t\t<div class=\"elementor-post__text\">\n\t\t\t\t<h3 class=\"elementor-post__title\">\n\t\t\t<a href=\"http:\/\/www.rito.pt\/fr\/caixa-mitsubishi-lancer-evolution-iv-ix\/\" >\n\t\t\t\tBo\u00eetier Mitsubishi Lancer Evolution IV \/ IX\t\t\t<\/a>\n\t\t<\/h3>\n\t\t\t\t<\/div>\n\t\t\t\t<\/article>\n\t\t\t\t<article class=\"elementor-post elementor-grid-item post-395 post type-post status-publish format-standard has-post-thumbnail hentry category-competicao category-motociclismo category-produtos\">\n\t\t\t\t<a class=\"elementor-post__thumbnail__link\" href=\"http:\/\/www.rito.pt\/fr\/cambotas-completas-para-motociclos\/\" >\n\t\t\t<div class=\"elementor-post__thumbnail\"><img width=\"800\" height=\"600\" src=\"http:\/\/www.rito.pt\/wp-content\/uploads\/2020\/05\/CAMBOTA-TACOS-AND-FRAME.jpg\" class=\"attachment-full size-full\" alt=\"\" loading=\"lazy\" srcset=\"http:\/\/www.rito.pt\/wp-content\/uploads\/2020\/05\/CAMBOTA-TACOS-AND-FRAME.jpg 800w, http:\/\/www.rito.pt\/wp-content\/uploads\/2020\/05\/CAMBOTA-TACOS-AND-FRAME-300x225.jpg 300w, http:\/\/www.rito.pt\/wp-content\/uploads\/2020\/05\/CAMBOTA-TACOS-AND-FRAME-768x576.jpg 768w, http:\/\/www.rito.pt\/wp-content\/uploads\/2020\/05\/CAMBOTA-TACOS-AND-FRAME-195x146.jpg 195w, http:\/\/www.rito.pt\/wp-content\/uploads\/2020\/05\/CAMBOTA-TACOS-AND-FRAME-50x38.jpg 50w, http:\/\/www.rito.pt\/wp-content\/uploads\/2020\/05\/CAMBOTA-TACOS-AND-FRAME-100x75.jpg 100w\" sizes=\"(max-width: 800px) 100vw, 800px\" \/><\/div>\n\t\t<\/a>\n\t\t\t\t<div class=\"elementor-post__text\">\n\t\t\t\t<h3 class=\"elementor-post__title\">\n\t\t\t<a href=\"http:\/\/www.rito.pt\/fr\/cambotas-completas-para-motociclos\/\" >\n\t\t\t\tVilebrequins complets pour motos\t\t\t<\/a>\n\t\t<\/h3>\n\t\t\t\t<\/div>\n\t\t\t\t<\/article>\n\t\t\t\t<\/div>\n\t\t\t\t<\/div>\n\t\t\t\t<\/div>\n\t\t\t\t\t\t<\/div>\n\t\t\t<\/div>\n\t\t<\/div>\n\t\t\t\t\t\t<\/div>\n\t\t\t<\/div>\n\t\t<\/section>\n\t\t\t\t<section class=\"elementor-element elementor-element-6d5915c elementor-section-boxed elementor-section-height-default elementor-section-height-default elementor-section elementor-top-section\" data-id=\"6d5915c\" data-element_type=\"section\">\n\t\t\t\t\t\t<div class=\"elementor-container elementor-column-gap-default\">\n\t\t\t\t<div class=\"elementor-row\">\n\t\t\t\t<div class=\"elementor-element elementor-element-707181d elementor-column elementor-col-100 elementor-top-column\" data-id=\"707181d\" data-element_type=\"column\">\n\t\t\t<div class=\"elementor-column-wrap  elementor-element-populated\">\n\t\t\t\t\t<div class=\"elementor-widget-wrap\">\n\t\t\t\t<section class=\"elementor-element elementor-element-a945c13 elementor-section-boxed elementor-section-height-default elementor-section-height-default elementor-section elementor-inner-section\" data-id=\"a945c13\" data-element_type=\"section\">\n\t\t\t\t\t\t<div class=\"elementor-container elementor-column-gap-default\">\n\t\t\t\t<div class=\"elementor-row\">\n\t\t\t\t<div class=\"elementor-element elementor-element-a834fe1 elementor-column elementor-col-50 elementor-inner-column\" data-id=\"a834fe1\" data-element_type=\"column\">\n\t\t\t<div class=\"elementor-column-wrap  elementor-element-populated\">\n\t\t\t\t\t<div class=\"elementor-widget-wrap\">\n\t\t\t\t<div class=\"elementor-element elementor-element-fb5dac2 elementor-widget elementor-widget-heading\" data-id=\"fb5dac2\" data-element_type=\"widget\" data-widget_type=\"heading.default\">\n\t\t\t\t<div class=\"elementor-widget-container\">\n\t\t\t<h4 class=\"elementor-heading-title elementor-size-default\">Exp\u00e9rience<\/h4>\t\t<\/div>\n\t\t\t\t<\/div>\n\t\t\t\t<div class=\"elementor-element elementor-element-c6f3757 elementor-widget elementor-widget-text-editor\" data-id=\"c6f3757\" data-element_type=\"widget\" data-widget_type=\"text-editor.default\">\n\t\t\t\t<div class=\"elementor-widget-container\">\n\t\t\t\t\t<div class=\"elementor-text-editor elementor-clearfix\"><p>\u00a0\u00a0 Avec l&#39;enthousiasme et l&#39;engagement de son personnel technique dans la recherche de nouveaux d\u00e9fis et solutions, une nouvelle activit\u00e9 est n\u00e9e dans cette entreprise appel\u00e9e Concurrence. L&#39;id\u00e9e \u00e9tait d&#39;encourager l&#39;utilisation de nouvelles mati\u00e8res premi\u00e8res, de nouveaux proc\u00e9d\u00e9s de traitements thermiques, de nouvelles technologies, de nouveaux outils et de nouveaux proc\u00e9d\u00e9s de fabrication. Accompagn\u00e9s de quelques \u00e9quipes de marques et de nombreux formateurs, nous d\u00e9veloppons des solutions dont nous sommes tr\u00e8s fiers depuis plus d&#39;une d\u00e9cennie, transmettant une grande confiance \u00e0 nos partenaires.<\/p><p>\u00a0\u00a0 C&#39;est dans l&#39;automobile et la moto que, depuis plus d&#39;une d\u00e9cennie, toute notre exp\u00e9rience et notre cr\u00e9ativit\u00e9 se fondent pour valoriser le sport automobile.<\/p><\/div>\n\t\t\t\t<\/div>\n\t\t\t\t<\/div>\n\t\t\t\t\t\t<\/div>\n\t\t\t<\/div>\n\t\t<\/div>\n\t\t\t\t<div class=\"elementor-element elementor-element-97808f1 elementor-column elementor-col-50 elementor-inner-column\" data-id=\"97808f1\" data-element_type=\"column\">\n\t\t\t<div class=\"elementor-column-wrap  elementor-element-populated\">\n\t\t\t\t\t<div class=\"elementor-widget-wrap\">\n\t\t\t\t<div class=\"elementor-element elementor-element-44f5910 elementor-widget elementor-widget-heading\" data-id=\"44f5910\" data-element_type=\"widget\" data-widget_type=\"heading.default\">\n\t\t\t\t<div class=\"elementor-widget-container\">\n\t\t\t<h4 class=\"elementor-heading-title elementor-size-default\">Technologie appliqu\u00e9e<\/h4>\t\t<\/div>\n\t\t\t\t<\/div>\n\t\t\t\t<div class=\"elementor-element elementor-element-ad492bf elementor-widget elementor-widget-text-editor\" data-id=\"ad492bf\" data-element_type=\"widget\" data-widget_type=\"text-editor.default\">\n\t\t\t\t<div class=\"elementor-widget-container\">\n\t\t\t\t\t<div class=\"elementor-text-editor elementor-clearfix\"><p>\u00a0\u00a0 Les technologies de pointe appliqu\u00e9es qui m\u00e9ritent plus d&#39;attention sont, sans aucun doute, la projection plasma de divers mat\u00e9riaux, le soudeur laser sans d\u00e9formation dans les pi\u00e8ces d\u00e9j\u00e0 trait\u00e9es thermiquement, le fil coup\u00e9 par \u00e9lectro-fusion et le traitement choc pour augmenter consid\u00e9rablement la r\u00e9sistance \u00e0 Tirez sur la fatigue de Penning.<\/p><p>\u00a0\u00a0 \u00c0 l&#39;aide de logiciels de conception et de calcul assist\u00e9s par ordinateur, nous pouvons simuler diff\u00e9rentes solutions pour les objectifs propos\u00e9s et d\u00e9finir le meilleur processus.<\/p><p>\u00a0\u00a0 La charge de rupture support\u00e9e par les pi\u00e8ces est am\u00e9lior\u00e9e gr\u00e2ce \u00e0 l&#39;utilisation d&#39;outils burineurs avec des configurations sp\u00e9ciales. La qualit\u00e9 d&#39;ex\u00e9cution et de finition est tr\u00e8s \u00e9lev\u00e9e gr\u00e2ce \u00e0 l&#39;utilisation de machines CNC.<\/p><\/div>\n\t\t\t\t<\/div>\n\t\t\t\t<\/div>\n\t\t\t\t\t\t<\/div>\n\t\t\t<\/div>\n\t\t<\/div>\n\t\t\t\t\t\t<\/div>\n\t\t\t<\/div>\n\t\t<\/section>\n\t\t\t\t\t\t<\/div>\n\t\t\t<\/div>\n\t\t<\/div>\n\t\t\t\t\t\t<\/div>\n\t\t\t<\/div>\n\t\t<\/section>\n\t\t\t\t\t\t<\/div>\n\t\t\t<\/div>\n\t\t<\/div>","protected":false},"excerpt":{"rendered":"<p>COMPETI\u00c7\u00c3O &nbsp;&nbsp; Temos como principais produtos que fabricamos os abaixo mencionados. No entanto n\u00e3o se esgotam com eles as nossas possibilidades de o ajudar a resolver<\/p>","protected":false},"author":1,"featured_media":0,"parent":0,"menu_order":0,"comment_status":"closed","ping_status":"closed","template":"","meta":{"spay_email":""},"_links":{"self":[{"href":"http:\/\/www.rito.pt\/fr\/wp-json\/wp\/v2\/pages\/329"}],"collection":[{"href":"http:\/\/www.rito.pt\/fr\/wp-json\/wp\/v2\/pages"}],"about":[{"href":"http:\/\/www.rito.pt\/fr\/wp-json\/wp\/v2\/types\/page"}],"author":[{"embeddable":true,"href":"http:\/\/www.rito.pt\/fr\/wp-json\/wp\/v2\/users\/1"}],"replies":[{"embeddable":true,"href":"http:\/\/www.rito.pt\/fr\/wp-json\/wp\/v2\/comments?post=329"}],"version-history":[{"count":12,"href":"http:\/\/www.rito.pt\/fr\/wp-json\/wp\/v2\/pages\/329\/revisions"}],"predecessor-version":[{"id":896,"href":"http:\/\/www.rito.pt\/fr\/wp-json\/wp\/v2\/pages\/329\/revisions\/896"}],"wp:attachment":[{"href":"http:\/\/www.rito.pt\/fr\/wp-json\/wp\/v2\/media?parent=329"}],"curies":[{"name":"wp","href":"https:\/\/api.w.org\/{rel}","templated":true}]}}