{"id":330,"date":"2020-05-22T07:57:23","date_gmt":"2020-05-22T07:57:23","guid":{"rendered":"http:\/\/www.rito.pt\/rito\/?page_id=330"},"modified":"2024-12-11T13:49:25","modified_gmt":"2024-12-11T13:49:25","slug":"caixa-de-velocidades-e-engrenagens","status":"publish","type":"page","link":"http:\/\/www.rito.pt\/fr\/caixa-de-velocidades-e-engrenagens\/","title":{"rendered":"Caixa de Velocidades e Engrenagens"},"content":{"rendered":"<div data-elementor-type=\"wp-page\" data-elementor-id=\"330\" class=\"elementor elementor-330\" data-elementor-settings=\"[]\">\n\t\t\t<div class=\"elementor-inner\">\n\t\t\t\t<div class=\"elementor-section-wrap\">\n\t\t\t\t\t\t\t<section class=\"elementor-element elementor-element-6d5915c elementor-section-boxed elementor-section-height-default elementor-section-height-default elementor-section elementor-top-section\" data-id=\"6d5915c\" data-element_type=\"section\">\n\t\t\t\t\t\t<div class=\"elementor-container elementor-column-gap-default\">\n\t\t\t\t<div class=\"elementor-row\">\n\t\t\t\t<div class=\"elementor-element elementor-element-707181d elementor-column elementor-col-100 elementor-top-column\" data-id=\"707181d\" data-element_type=\"column\">\n\t\t\t<div class=\"elementor-column-wrap  elementor-element-populated\">\n\t\t\t\t\t<div class=\"elementor-widget-wrap\">\n\t\t\t\t<div class=\"elementor-element elementor-element-45db104 elementor-widget elementor-widget-heading\" data-id=\"45db104\" data-element_type=\"widget\" data-widget_type=\"heading.default\">\n\t\t\t\t<div class=\"elementor-widget-container\">\n\t\t\t<h2 class=\"elementor-heading-title elementor-size-default\">BO\u00ceTES DE VITESSE ET ENGRENAGES<\/h2>\t\t<\/div>\n\t\t\t\t<\/div>\n\t\t\t\t<div class=\"elementor-element elementor-element-266d903 elementor-grid-1 elementor-posts--thumbnail-left elementor-grid-tablet-2 elementor-grid-mobile-1 elementor-widget elementor-widget-posts\" data-id=\"266d903\" data-element_type=\"widget\" data-settings=\"{&quot;classic_columns&quot;:&quot;1&quot;,&quot;classic_columns_tablet&quot;:&quot;2&quot;,&quot;classic_columns_mobile&quot;:&quot;1&quot;,&quot;classic_row_gap&quot;:{&quot;unit&quot;:&quot;px&quot;,&quot;size&quot;:35,&quot;sizes&quot;:[]}}\" data-widget_type=\"posts.classic\">\n\t\t\t\t<div class=\"elementor-widget-container\">\n\t\t\t\t\t<div class=\"elementor-posts-container elementor-posts elementor-posts--skin-classic elementor-grid\">\n\t\t\t\t<article class=\"elementor-post elementor-grid-item post-435 post type-post status-publish format-standard has-post-thumbnail hentry category-caixas-de-velocidades-engrenagens category-competicao category-produtos\">\n\t\t\t\t<a class=\"elementor-post__thumbnail__link\" href=\"http:\/\/www.rito.pt\/fr\/caixa-peugeot-citroen-be-3-4\/\" >\n\t\t\t<div class=\"elementor-post__thumbnail\"><img width=\"800\" height=\"600\" src=\"http:\/\/www.rito.pt\/wp-content\/uploads\/2020\/05\/CAIXA-PEUGEOT-CRABOT-BE3_4-FRAME-1.jpg\" class=\"attachment-full size-full\" alt=\"\" loading=\"lazy\" srcset=\"http:\/\/www.rito.pt\/wp-content\/uploads\/2020\/05\/CAIXA-PEUGEOT-CRABOT-BE3_4-FRAME-1.jpg 800w, http:\/\/www.rito.pt\/wp-content\/uploads\/2020\/05\/CAIXA-PEUGEOT-CRABOT-BE3_4-FRAME-1-300x225.jpg 300w, http:\/\/www.rito.pt\/wp-content\/uploads\/2020\/05\/CAIXA-PEUGEOT-CRABOT-BE3_4-FRAME-1-768x576.jpg 768w, http:\/\/www.rito.pt\/wp-content\/uploads\/2020\/05\/CAIXA-PEUGEOT-CRABOT-BE3_4-FRAME-1-195x146.jpg 195w, http:\/\/www.rito.pt\/wp-content\/uploads\/2020\/05\/CAIXA-PEUGEOT-CRABOT-BE3_4-FRAME-1-50x38.jpg 50w, http:\/\/www.rito.pt\/wp-content\/uploads\/2020\/05\/CAIXA-PEUGEOT-CRABOT-BE3_4-FRAME-1-100x75.jpg 100w\" sizes=\"(max-width: 800px) 100vw, 800px\" \/><\/div>\n\t\t<\/a>\n\t\t\t\t<div class=\"elementor-post__text\">\n\t\t\t\t<h3 class=\"elementor-post__title\">\n\t\t\t<a href=\"http:\/\/www.rito.pt\/fr\/caixa-peugeot-citroen-be-3-4\/\" >\n\t\t\t\tBo\u00eete Peugeot \/ Citr\u00f6en BE 3\/4\t\t\t<\/a>\n\t\t<\/h3>\n\t\t\t\t<div class=\"elementor-post__excerpt\">\n\t\t\t\t\t<\/div>\n\t\t\t\t\t<a class=\"elementor-post__read-more\" href=\"http:\/\/www.rito.pt\/fr\/caixa-peugeot-citroen-be-3-4\/\" >\n\t\t\t\tLire la suite &quot;\t\t\t<\/a>\n\t\t\t\t<\/div>\n\t\t\t\t<\/article>\n\t\t\t\t<article class=\"elementor-post elementor-grid-item post-406 post type-post status-publish format-standard has-post-thumbnail hentry category-caixas-de-velocidades-engrenagens category-produtos\">\n\t\t\t\t<a class=\"elementor-post__thumbnail__link\" href=\"http:\/\/www.rito.pt\/fr\/engrenagens-em-geral\/\" >\n\t\t\t<div class=\"elementor-post__thumbnail\"><img width=\"1920\" height=\"1440\" src=\"http:\/\/www.rito.pt\/wp-content\/uploads\/2020\/05\/IMG_10465_Frame.jpg\" class=\"attachment-full size-full\" alt=\"\" loading=\"lazy\" srcset=\"http:\/\/www.rito.pt\/wp-content\/uploads\/2020\/05\/IMG_10465_Frame.jpg 1920w, http:\/\/www.rito.pt\/wp-content\/uploads\/2020\/05\/IMG_10465_Frame-300x225.jpg 300w, http:\/\/www.rito.pt\/wp-content\/uploads\/2020\/05\/IMG_10465_Frame-1024x768.jpg 1024w, http:\/\/www.rito.pt\/wp-content\/uploads\/2020\/05\/IMG_10465_Frame-768x576.jpg 768w, http:\/\/www.rito.pt\/wp-content\/uploads\/2020\/05\/IMG_10465_Frame-1536x1152.jpg 1536w, http:\/\/www.rito.pt\/wp-content\/uploads\/2020\/05\/IMG_10465_Frame-195x146.jpg 195w, http:\/\/www.rito.pt\/wp-content\/uploads\/2020\/05\/IMG_10465_Frame-50x38.jpg 50w, http:\/\/www.rito.pt\/wp-content\/uploads\/2020\/05\/IMG_10465_Frame-100x75.jpg 100w\" sizes=\"(max-width: 1920px) 100vw, 1920px\" \/><\/div>\n\t\t<\/a>\n\t\t\t\t<div class=\"elementor-post__text\">\n\t\t\t\t<h3 class=\"elementor-post__title\">\n\t\t\t<a href=\"http:\/\/www.rito.pt\/fr\/engrenagens-em-geral\/\" >\n\t\t\t\tEngrenages en g\u00e9n\u00e9ral\t\t\t<\/a>\n\t\t<\/h3>\n\t\t\t\t<div class=\"elementor-post__excerpt\">\n\t\t\t<p>\u00a0\u00a0 Cette entreprise au sein de son activit\u00e9 a les moyens de pouvoir fabriquer une infinit\u00e9 de produits et services. Nous sommes pr\u00eats<\/p>\n\t\t<\/div>\n\t\t\t\t\t<a class=\"elementor-post__read-more\" href=\"http:\/\/www.rito.pt\/fr\/engrenagens-em-geral\/\" >\n\t\t\t\tLire la suite &quot;\t\t\t<\/a>\n\t\t\t\t<\/div>\n\t\t\t\t<\/article>\n\t\t\t\t<article class=\"elementor-post elementor-grid-item post-381 post type-post status-publish format-standard has-post-thumbnail hentry category-caixas-de-velocidades-engrenagens category-produtos\">\n\t\t\t\t<a class=\"elementor-post__thumbnail__link\" href=\"http:\/\/www.rito.pt\/fr\/caixa-de-velocidades-3\/\" >\n\t\t\t<div class=\"elementor-post__thumbnail\"><img width=\"800\" height=\"600\" src=\"http:\/\/www.rito.pt\/wp-content\/uploads\/2020\/05\/Caixa-de-Velocidades-com-Redutora-Acoplada_2-1.jpg\" class=\"attachment-full size-full\" alt=\"\" loading=\"lazy\" srcset=\"http:\/\/www.rito.pt\/wp-content\/uploads\/2020\/05\/Caixa-de-Velocidades-com-Redutora-Acoplada_2-1.jpg 800w, http:\/\/www.rito.pt\/wp-content\/uploads\/2020\/05\/Caixa-de-Velocidades-com-Redutora-Acoplada_2-1-300x225.jpg 300w, http:\/\/www.rito.pt\/wp-content\/uploads\/2020\/05\/Caixa-de-Velocidades-com-Redutora-Acoplada_2-1-768x576.jpg 768w, http:\/\/www.rito.pt\/wp-content\/uploads\/2020\/05\/Caixa-de-Velocidades-com-Redutora-Acoplada_2-1-195x146.jpg 195w, http:\/\/www.rito.pt\/wp-content\/uploads\/2020\/05\/Caixa-de-Velocidades-com-Redutora-Acoplada_2-1-50x38.jpg 50w, http:\/\/www.rito.pt\/wp-content\/uploads\/2020\/05\/Caixa-de-Velocidades-com-Redutora-Acoplada_2-1-100x75.jpg 100w\" sizes=\"(max-width: 800px) 100vw, 800px\" \/><\/div>\n\t\t<\/a>\n\t\t\t\t<div class=\"elementor-post__text\">\n\t\t\t\t<h3 class=\"elementor-post__title\">\n\t\t\t<a href=\"http:\/\/www.rito.pt\/fr\/caixa-de-velocidades-3\/\" >\n\t\t\t\tBo\u00eete de vitesses\t\t\t<\/a>\n\t\t<\/h3>\n\t\t\t\t<div class=\"elementor-post__excerpt\">\n\t\t\t<p>\u00a0\u00a0 Bo\u00eete de vitesses avec r\u00e9ducteur coupl\u00e9 R\u00e9f. 9.600.20.0.000. Construction robuste pour des contraintes m\u00e9caniques \u00e9lev\u00e9es. Vitesses avant synchronis\u00e9es. Quatre roues motrices<\/p>\n\t\t<\/div>\n\t\t\t\t\t<a class=\"elementor-post__read-more\" href=\"http:\/\/www.rito.pt\/fr\/caixa-de-velocidades-3\/\" >\n\t\t\t\tLire la suite &quot;\t\t\t<\/a>\n\t\t\t\t<\/div>\n\t\t\t\t<\/article>\n\t\t\t\t<\/div>\n\t\t\t\t<\/div>\n\t\t\t\t<\/div>\n\t\t\t\t\t\t<\/div>\n\t\t\t<\/div>\n\t\t<\/div>\n\t\t\t\t\t\t<\/div>\n\t\t\t<\/div>\n\t\t<\/section>\n\t\t\t\t\t\t<\/div>\n\t\t\t<\/div>\n\t\t<\/div>","protected":false},"excerpt":{"rendered":"<p>BO\u00ceTES DE VITESSE ET ENGRENAGES<\/p>","protected":false},"author":1,"featured_media":0,"parent":0,"menu_order":0,"comment_status":"closed","ping_status":"closed","template":"","meta":{"spay_email":""},"_links":{"self":[{"href":"http:\/\/www.rito.pt\/fr\/wp-json\/wp\/v2\/pages\/330"}],"collection":[{"href":"http:\/\/www.rito.pt\/fr\/wp-json\/wp\/v2\/pages"}],"about":[{"href":"http:\/\/www.rito.pt\/fr\/wp-json\/wp\/v2\/types\/page"}],"author":[{"embeddable":true,"href":"http:\/\/www.rito.pt\/fr\/wp-json\/wp\/v2\/users\/1"}],"replies":[{"embeddable":true,"href":"http:\/\/www.rito.pt\/fr\/wp-json\/wp\/v2\/comments?post=330"}],"version-history":[{"count":7,"href":"http:\/\/www.rito.pt\/fr\/wp-json\/wp\/v2\/pages\/330\/revisions"}],"predecessor-version":[{"id":722,"href":"http:\/\/www.rito.pt\/fr\/wp-json\/wp\/v2\/pages\/330\/revisions\/722"}],"wp:attachment":[{"href":"http:\/\/www.rito.pt\/fr\/wp-json\/wp\/v2\/media?parent=330"}],"curies":[{"name":"wp","href":"https:\/\/api.w.org\/{rel}","templated":true}]}}