{"id":594,"date":"2020-09-23T14:17:09","date_gmt":"2020-09-23T14:17:09","guid":{"rendered":"http:\/\/www.rito.pt\/rito\/?page_id=594"},"modified":"2020-10-22T15:13:49","modified_gmt":"2020-10-22T15:13:49","slug":"desenvolvimento-de-produto","status":"publish","type":"page","link":"http:\/\/www.rito.pt\/fr\/desenvolvimento-de-produto\/","title":{"rendered":"D\u00e9veloppement produit"},"content":{"rendered":"<div data-elementor-type=\"wp-page\" data-elementor-id=\"594\" class=\"elementor elementor-594\" data-elementor-settings=\"[]\">\n\t\t\t<div class=\"elementor-inner\">\n\t\t\t\t<div class=\"elementor-section-wrap\">\n\t\t\t\t\t\t\t<section class=\"elementor-element elementor-element-8ab76ec elementor-section-boxed elementor-section-height-default elementor-section-height-default elementor-section elementor-top-section\" data-id=\"8ab76ec\" data-element_type=\"section\">\n\t\t\t\t\t\t<div class=\"elementor-container elementor-column-gap-default\">\n\t\t\t\t<div class=\"elementor-row\">\n\t\t\t\t<div class=\"elementor-element elementor-element-ec0339e elementor-column elementor-col-100 elementor-top-column\" data-id=\"ec0339e\" data-element_type=\"column\">\n\t\t\t<div class=\"elementor-column-wrap  elementor-element-populated\">\n\t\t\t\t\t<div class=\"elementor-widget-wrap\">\n\t\t\t\t<div class=\"elementor-element elementor-element-52ee384 elementor-widget elementor-widget-menu-anchor\" data-id=\"52ee384\" data-element_type=\"widget\" data-widget_type=\"menu-anchor.default\">\n\t\t\t\t<div class=\"elementor-widget-container\">\n\t\t\t\t\t<div id=\"des\" class=\"elementor-menu-anchor\"><\/div>\n\t\t\t\t<\/div>\n\t\t\t\t<\/div>\n\t\t\t\t<div class=\"elementor-element elementor-element-c07a78e elementor-widget elementor-widget-heading\" data-id=\"c07a78e\" data-element_type=\"widget\" data-widget_type=\"heading.default\">\n\t\t\t\t<div class=\"elementor-widget-container\">\n\t\t\t<h2 class=\"elementor-heading-title elementor-size-default\">D\u00e9veloppement produit<\/h2>\t\t<\/div>\n\t\t\t\t<\/div>\n\t\t\t\t\t\t<\/div>\n\t\t\t<\/div>\n\t\t<\/div>\n\t\t\t\t\t\t<\/div>\n\t\t\t<\/div>\n\t\t<\/section>\n\t\t\t\t<section class=\"elementor-element elementor-element-6cf6407 elementor-section-content-middle elementor-section-boxed elementor-section-height-default elementor-section-height-default elementor-section elementor-top-section\" data-id=\"6cf6407\" data-element_type=\"section\">\n\t\t\t\t\t\t<div class=\"elementor-container elementor-column-gap-default\">\n\t\t\t\t<div class=\"elementor-row\">\n\t\t\t\t<div class=\"elementor-element elementor-element-7bb3c25 elementor-column elementor-col-50 elementor-top-column\" data-id=\"7bb3c25\" data-element_type=\"column\">\n\t\t\t<div class=\"elementor-column-wrap  elementor-element-populated\">\n\t\t\t\t\t<div class=\"elementor-widget-wrap\">\n\t\t\t\t<div class=\"elementor-element elementor-element-a57cba1 elementor-widget elementor-widget-text-editor\" data-id=\"a57cba1\" data-element_type=\"widget\" data-widget_type=\"text-editor.default\">\n\t\t\t\t<div class=\"elementor-widget-container\">\n\t\t\t\t\t<div class=\"elementor-text-editor elementor-clearfix\"><div id=\"detalhe\"><p><span class=\"titulo1\">LA TECHNOLOGIE<\/span>\u00a0<\/p><p>\u00a0\u00a0 La base de ce concept s&#39;appuie sur le \u00absavoir-faire\u00bb acquis en plus d&#39;un demi-si\u00e8cle d&#39;activit\u00e9 par nos services techniques et autres collaborateurs.<\/p><p>\u00a0\u00a0 Les \u00e9quipements CNC \u00e0 la pointe de la technologie ont consid\u00e9rablement modifi\u00e9 les processus de fabrication tout en garantissant, encore plus, la qualit\u00e9 de la finition et des dimensions. Le soutien d&#39;un support informatique tel que le nouveau programme de production (Sipro-Ind\u00fastria), le programme de qualit\u00e9 (SIQA), le programme de contr\u00f4le des appareils de mesure et de surveillance (DMM) et la conception assist\u00e9e par ordinateur (Auto-Cad) sont une garantie le succ\u00e8s des processus et l&#39;avenir qui nous appartient.<\/p><\/div><\/div>\n\t\t\t\t<\/div>\n\t\t\t\t<\/div>\n\t\t\t\t\t\t<\/div>\n\t\t\t<\/div>\n\t\t<\/div>\n\t\t\t\t<div class=\"elementor-element elementor-element-cd8d5e7 elementor-column elementor-col-50 elementor-top-column\" data-id=\"cd8d5e7\" data-element_type=\"column\">\n\t\t\t<div class=\"elementor-column-wrap  elementor-element-populated\">\n\t\t\t\t\t<div class=\"elementor-widget-wrap\">\n\t\t\t\t<div class=\"elementor-element elementor-element-a406015 elementor-widget elementor-widget-image\" data-id=\"a406015\" data-element_type=\"widget\" data-widget_type=\"image.default\">\n\t\t\t\t<div class=\"elementor-widget-container\">\n\t\t\t\t\t<div class=\"elementor-image\">\n\t\t\t\t\t\t\t\t\t\t<img width=\"1000\" height=\"667\" src=\"http:\/\/www.rito.pt\/wp-content\/uploads\/2020\/05\/IMG_24290.jpg\" class=\"attachment-large size-large\" alt=\"\" loading=\"lazy\" srcset=\"http:\/\/www.rito.pt\/wp-content\/uploads\/2020\/05\/IMG_24290.jpg 1000w, http:\/\/www.rito.pt\/wp-content\/uploads\/2020\/05\/IMG_24290-300x200.jpg 300w, http:\/\/www.rito.pt\/wp-content\/uploads\/2020\/05\/IMG_24290-768x512.jpg 768w, http:\/\/www.rito.pt\/wp-content\/uploads\/2020\/05\/IMG_24290-219x146.jpg 219w, http:\/\/www.rito.pt\/wp-content\/uploads\/2020\/05\/IMG_24290-50x33.jpg 50w, http:\/\/www.rito.pt\/wp-content\/uploads\/2020\/05\/IMG_24290-112x75.jpg 112w\" sizes=\"(max-width: 1000px) 100vw, 1000px\" \/>\t\t\t\t\t\t\t\t\t\t\t<\/div>\n\t\t\t\t<\/div>\n\t\t\t\t<\/div>\n\t\t\t\t\t\t<\/div>\n\t\t\t<\/div>\n\t\t<\/div>\n\t\t\t\t\t\t<\/div>\n\t\t\t<\/div>\n\t\t<\/section>\n\t\t\t\t<section class=\"elementor-element elementor-element-5211310 elementor-section-content-middle elementor-section-boxed elementor-section-height-default elementor-section-height-default elementor-section elementor-top-section\" data-id=\"5211310\" data-element_type=\"section\">\n\t\t\t\t\t\t<div class=\"elementor-container elementor-column-gap-default\">\n\t\t\t\t<div class=\"elementor-row\">\n\t\t\t\t<div class=\"elementor-element elementor-element-b787005 elementor-column elementor-col-50 elementor-top-column\" data-id=\"b787005\" data-element_type=\"column\">\n\t\t\t<div class=\"elementor-column-wrap  elementor-element-populated\">\n\t\t\t\t\t<div class=\"elementor-widget-wrap\">\n\t\t\t\t<div class=\"elementor-element elementor-element-139f3f6 elementor-widget elementor-widget-image\" data-id=\"139f3f6\" data-element_type=\"widget\" data-widget_type=\"image.default\">\n\t\t\t\t<div class=\"elementor-widget-container\">\n\t\t\t\t\t<div class=\"elementor-image\">\n\t\t\t\t\t\t\t\t\t\t<img width=\"800\" height=\"600\" src=\"http:\/\/www.rito.pt\/wp-content\/uploads\/2020\/05\/Motor-de-2-Tempos-_50cc_Bicilindrico-do-Ano-1951__.jpg\" class=\"attachment-large size-large\" alt=\"\" loading=\"lazy\" srcset=\"http:\/\/www.rito.pt\/wp-content\/uploads\/2020\/05\/Motor-de-2-Tempos-_50cc_Bicilindrico-do-Ano-1951__.jpg 800w, http:\/\/www.rito.pt\/wp-content\/uploads\/2020\/05\/Motor-de-2-Tempos-_50cc_Bicilindrico-do-Ano-1951__-300x225.jpg 300w, http:\/\/www.rito.pt\/wp-content\/uploads\/2020\/05\/Motor-de-2-Tempos-_50cc_Bicilindrico-do-Ano-1951__-768x576.jpg 768w, http:\/\/www.rito.pt\/wp-content\/uploads\/2020\/05\/Motor-de-2-Tempos-_50cc_Bicilindrico-do-Ano-1951__-195x146.jpg 195w, http:\/\/www.rito.pt\/wp-content\/uploads\/2020\/05\/Motor-de-2-Tempos-_50cc_Bicilindrico-do-Ano-1951__-50x38.jpg 50w, http:\/\/www.rito.pt\/wp-content\/uploads\/2020\/05\/Motor-de-2-Tempos-_50cc_Bicilindrico-do-Ano-1951__-100x75.jpg 100w\" sizes=\"(max-width: 800px) 100vw, 800px\" \/>\t\t\t\t\t\t\t\t\t\t\t<\/div>\n\t\t\t\t<\/div>\n\t\t\t\t<\/div>\n\t\t\t\t\t\t<\/div>\n\t\t\t<\/div>\n\t\t<\/div>\n\t\t\t\t<div class=\"elementor-element elementor-element-1bb82bd elementor-column elementor-col-50 elementor-top-column\" data-id=\"1bb82bd\" data-element_type=\"column\">\n\t\t\t<div class=\"elementor-column-wrap  elementor-element-populated\">\n\t\t\t\t\t<div class=\"elementor-widget-wrap\">\n\t\t\t\t<div class=\"elementor-element elementor-element-e34d43b elementor-widget elementor-widget-text-editor\" data-id=\"e34d43b\" data-element_type=\"widget\" data-widget_type=\"text-editor.default\">\n\t\t\t\t<div class=\"elementor-widget-container\">\n\t\t\t\t\t<div class=\"elementor-text-editor elementor-clearfix\"><div id=\"detalhe\"><p><span class=\"titulo1\">INNOVATION<\/span><\/p><p>\u00a0\u00a0 L&#39;un des premiers grands moments de l&#39;entreprise a \u00e9t\u00e9 la conception et la conception d&#39;un moteur 2 temps, d&#39;une cylindr\u00e9e de 50 cm3 et deux cylindres en 1951.<\/p><p>\u00a0\u00a0 En collaboration avec la soci\u00e9t\u00e9 Entreposto, elle d\u00e9veloppe et fabrique un ensemble diff\u00e9rentiel et un bo\u00eetier de direction pour le mod\u00e8le de v\u00e9hicule automobile SADO. Aussi pour les machines industrielles des ann\u00e9es 80 et 90, nous concevons et fabriquons des bo\u00eetes de vitesses synchronis\u00e9es et des attelages lat\u00e9raux. Aujourd&#39;hui, ce type de bo\u00eetes fait toujours partie de notre fabrication.<\/p><p>\u00a0\u00a0 En raison de la morphologie du terrain sur l&#39;\u00eele de Mad\u00e8re, nous \u00e9tudions, calculons et ex\u00e9cutons des ensembles diff\u00e9rentiels et des bo\u00eetes de vitesses avec des rapports de d\u00e9multiplication appropri\u00e9s. Ces innovations sont destin\u00e9es aux v\u00e9hicules de tourisme l\u00e9gers et lourds de diff\u00e9rentes marques et mod\u00e8les avec z\u00e9ro kilom\u00e8tre.<\/p><p>\u00a0\u00a0 Dans le cadre du projet national de construction d&#39;un v\u00e9hicule \u00e0 moteur \u00e9lectrique, nous avons con\u00e7u et ex\u00e9cut\u00e9 un syst\u00e8me d&#39;entra\u00eenement totalement innovant pour les roues motrices.<\/p><\/div><\/div>\n\t\t\t\t<\/div>\n\t\t\t\t<\/div>\n\t\t\t\t\t\t<\/div>\n\t\t\t<\/div>\n\t\t<\/div>\n\t\t\t\t\t\t<\/div>\n\t\t\t<\/div>\n\t\t<\/section>\n\t\t\t\t<section class=\"elementor-element elementor-element-df35e0d elementor-section-boxed elementor-section-height-default elementor-section-height-default elementor-section elementor-top-section\" data-id=\"df35e0d\" data-element_type=\"section\">\n\t\t\t\t\t\t<div class=\"elementor-container elementor-column-gap-default\">\n\t\t\t\t<div class=\"elementor-row\">\n\t\t\t\t<div class=\"elementor-element elementor-element-af9bf09 elementor-column elementor-col-100 elementor-top-column\" data-id=\"af9bf09\" data-element_type=\"column\">\n\t\t\t<div class=\"elementor-column-wrap  elementor-element-populated\">\n\t\t\t\t\t<div class=\"elementor-widget-wrap\">\n\t\t\t\t<div class=\"elementor-element elementor-element-d419ed7 elementor-widget elementor-widget-text-editor\" data-id=\"d419ed7\" data-element_type=\"widget\" data-widget_type=\"text-editor.default\">\n\t\t\t\t<div class=\"elementor-widget-container\">\n\t\t\t\t\t<div class=\"elementor-text-editor elementor-clearfix\"><p>QUALIT\u00c9<\/p><p>LES <strong><em>Ant\u00f3nio Ferreira Rito et Filhos, L.da.<\/em><\/strong> il dispose de vastes connaissances et d&#39;une vaste exp\u00e9rience technologique et entend d\u00e9velopper son march\u00e9 et am\u00e9liorer ses produits et services afin d&#39;am\u00e9liorer en permanence son syst\u00e8me de gestion.<\/p><p>La maintenance du syst\u00e8me qualit\u00e9 chez Ant\u00f3nio Ferreira Rito &amp; Filhos, Lda nous permet d&#39;am\u00e9liorer et de d\u00e9velopper la communication interne et externe de notre organisation, afin de satisfaire les besoins du march\u00e9 et des parties prenantes concern\u00e9es, en garantissant le respect de toutes les exigences r\u00e9glementaires et r\u00e9glementaires. les exigences l\u00e9gales applicables.<\/p><p>L&#39;objectif est d&#39;augmenter la productivit\u00e9 et la qualit\u00e9 du produit final gr\u00e2ce \u00e0 l&#39;am\u00e9lioration des techniques et m\u00e9thodes dans les processus de fabrication et encore une meilleure gestion et formation des ressources humaines.<br \/>Il vise donc \u00e0 augmenter continuellement le degr\u00e9 de confiance et de satisfaction des clients ainsi qu&#39;\u00e0 am\u00e9liorer le support client.<\/p><p>L&#39;entreprise vise \u00e9galement \u00e0 augmenter la capacit\u00e9 d&#39;intervention technico-commerciale aupr\u00e8s du client, en recherchant de nouveaux march\u00e9s, en am\u00e9liorant syst\u00e9matiquement la relation avec nos fournisseurs externes, dans le but d&#39;am\u00e9liorer les exigences de nos produits et services.<br \/>Ce sont les lignes directrices pour la qualit\u00e9 que la direction et ses personnes les plus directement responsables soutiennent. Avec la collaboration de tous, il sera possible de mettre en \u0153uvre ces strat\u00e9gies avec succ\u00e8s.<\/p><\/div>\n\t\t\t\t<\/div>\n\t\t\t\t<\/div>\n\t\t\t\t\t\t<\/div>\n\t\t\t<\/div>\n\t\t<\/div>\n\t\t\t\t\t\t<\/div>\n\t\t\t<\/div>\n\t\t<\/section>\n\t\t\t\t<section class=\"elementor-element elementor-element-74d7dbc elementor-section-boxed elementor-section-height-default elementor-section-height-default elementor-section elementor-top-section\" data-id=\"74d7dbc\" data-element_type=\"section\">\n\t\t\t\t\t\t<div class=\"elementor-container elementor-column-gap-default\">\n\t\t\t\t<div class=\"elementor-row\">\n\t\t\t\t<div class=\"elementor-element elementor-element-dafbc5b elementor-column elementor-col-100 elementor-top-column\" data-id=\"dafbc5b\" data-element_type=\"column\">\n\t\t\t<div class=\"elementor-column-wrap  elementor-element-populated\">\n\t\t\t\t\t<div class=\"elementor-widget-wrap\">\n\t\t\t\t<div class=\"elementor-element elementor-element-fe80580 elementor-widget elementor-widget-gallery\" data-id=\"fe80580\" data-element_type=\"widget\" data-settings=\"{&quot;columns&quot;:5,&quot;gap&quot;:{&quot;unit&quot;:&quot;px&quot;,&quot;size&quot;:11,&quot;sizes&quot;:[]},&quot;aspect_ratio&quot;:&quot;4:3&quot;,&quot;lazyload&quot;:&quot;yes&quot;,&quot;gallery_layout&quot;:&quot;grid&quot;,&quot;columns_tablet&quot;:2,&quot;columns_mobile&quot;:1,&quot;gap_tablet&quot;:{&quot;unit&quot;:&quot;px&quot;,&quot;size&quot;:10,&quot;sizes&quot;:[]},&quot;gap_mobile&quot;:{&quot;unit&quot;:&quot;px&quot;,&quot;size&quot;:10,&quot;sizes&quot;:[]},&quot;link_to&quot;:&quot;file&quot;,&quot;overlay_background&quot;:&quot;yes&quot;,&quot;content_hover_animation&quot;:&quot;fade-in&quot;}\" data-widget_type=\"gallery.default\">\n\t\t\t\t<div class=\"elementor-widget-container\">\n\t\t\t\t\t<div class=\"elementor-gallery__container\">\n\t\t\t\t\t\t\t<a class=\"e-gallery-item elementor-gallery-item elementor-animated-content\" href=\"http:\/\/www.rito.pt\/wp-content\/uploads\/2020\/05\/CAIXA-MITSUBISHI-CRABOT-FRAME.jpg\" data-elementor-open-lightbox=\"yes\" data-elementor-lightbox-slideshow=\"all-fe80580\" data-elementor-lightbox-title=\"CAIXA MITSUBISHI CRABOT FRAME\">\n\t\t\t\t\t<div class=\"e-gallery-image elementor-gallery-item__image\" data-thumbnail=\"http:\/\/www.rito.pt\/wp-content\/uploads\/2020\/05\/CAIXA-MITSUBISHI-CRABOT-FRAME-300x225.jpg\" data-width=\"300\" data-height=\"225\" alt=\"\" ><\/div>\n\t\t\t\t\t\t\t\t\t\t<div class=\"elementor-gallery-item__overlay\"><\/div>\n\t\t\t\t\t\t\t\t\t\t\t\t\t\t<\/a>\n\t\t\t\t\t\t\t<a class=\"e-gallery-item elementor-gallery-item elementor-animated-content\" href=\"http:\/\/www.rito.pt\/wp-content\/uploads\/2020\/05\/CAMBOTA-TACOS-AND-FRAME.jpg\" data-elementor-open-lightbox=\"yes\" data-elementor-lightbox-slideshow=\"all-fe80580\" data-elementor-lightbox-title=\"CAMBOTA TACOS AND FRAME\">\n\t\t\t\t\t<div class=\"e-gallery-image elementor-gallery-item__image\" data-thumbnail=\"http:\/\/www.rito.pt\/wp-content\/uploads\/2020\/05\/CAMBOTA-TACOS-AND-FRAME-300x225.jpg\" data-width=\"300\" data-height=\"225\" alt=\"\" ><\/div>\n\t\t\t\t\t\t\t\t\t\t<div class=\"elementor-gallery-item__overlay\"><\/div>\n\t\t\t\t\t\t\t\t\t\t\t\t\t\t<\/a>\n\t\t\t\t\t\t\t<a class=\"e-gallery-item elementor-gallery-item elementor-animated-content\" href=\"http:\/\/www.rito.pt\/wp-content\/uploads\/2020\/05\/Bielas-Motociclismo-FRAME.jpg\" data-elementor-open-lightbox=\"yes\" data-elementor-lightbox-slideshow=\"all-fe80580\" data-elementor-lightbox-title=\"Bielas Motociclismo FRAME\">\n\t\t\t\t\t<div class=\"e-gallery-image elementor-gallery-item__image\" data-thumbnail=\"http:\/\/www.rito.pt\/wp-content\/uploads\/2020\/05\/Bielas-Motociclismo-FRAME-300x225.jpg\" data-width=\"300\" data-height=\"225\" alt=\"\" ><\/div>\n\t\t\t\t\t\t\t\t\t\t<div class=\"elementor-gallery-item__overlay\"><\/div>\n\t\t\t\t\t\t\t\t\t\t\t\t\t\t<\/a>\n\t\t\t\t\t\t\t<a class=\"e-gallery-item elementor-gallery-item elementor-animated-content\" href=\"http:\/\/www.rito.pt\/wp-content\/uploads\/2020\/05\/Cambotas-Completas-para-Motociclos-de-CompeticaoFRAME.jpg\" data-elementor-open-lightbox=\"yes\" data-elementor-lightbox-slideshow=\"all-fe80580\" data-elementor-lightbox-title=\"Cambotas Completas para Motociclos de CompeticaoFRAME\">\n\t\t\t\t\t<div class=\"e-gallery-image elementor-gallery-item__image\" data-thumbnail=\"http:\/\/www.rito.pt\/wp-content\/uploads\/2020\/05\/Cambotas-Completas-para-Motociclos-de-CompeticaoFRAME-300x225.jpg\" data-width=\"300\" data-height=\"225\" alt=\"\" ><\/div>\n\t\t\t\t\t\t\t\t\t\t<div class=\"elementor-gallery-item__overlay\"><\/div>\n\t\t\t\t\t\t\t\t\t\t\t\t\t\t<\/a>\n\t\t\t\t\t\t\t<a class=\"e-gallery-item elementor-gallery-item elementor-animated-content\" href=\"http:\/\/www.rito.pt\/wp-content\/uploads\/2020\/04\/pistoes-completosFRAME.jpg\" data-elementor-open-lightbox=\"yes\" data-elementor-lightbox-slideshow=\"all-fe80580\" data-elementor-lightbox-title=\"pistoes completosFRAME\">\n\t\t\t\t\t<div class=\"e-gallery-image elementor-gallery-item__image\" data-thumbnail=\"http:\/\/www.rito.pt\/wp-content\/uploads\/2020\/04\/pistoes-completosFRAME-300x225.jpg\" data-width=\"300\" data-height=\"225\" alt=\"\" ><\/div>\n\t\t\t\t\t\t\t\t\t\t<div class=\"elementor-gallery-item__overlay\"><\/div>\n\t\t\t\t\t\t\t\t\t\t\t\t\t\t<\/a>\n\t\t\t\t\t<\/div>\n\t\t\t<\/div>\n\t\t\t\t<\/div>\n\t\t\t\t\t\t<\/div>\n\t\t\t<\/div>\n\t\t<\/div>\n\t\t\t\t\t\t<\/div>\n\t\t\t<\/div>\n\t\t<\/section>\n\t\t\t\t\t\t<\/div>\n\t\t\t<\/div>\n\t\t<\/div>","protected":false},"excerpt":{"rendered":"<p>Desenvolvimento de Produto TECNOLOGIA\u00a0 \u00a0\u00a0 A base deste conceito \u00e9 sustentada pelo \u201cknow how\u201d adquirido em mais de meio s\u00e9culo de actividade pelos nossos servi\u00e7os t\u00e9cnicos<span class=\"excerpt-hellip\"> [\u2026]<\/span><\/p>","protected":false},"author":1,"featured_media":0,"parent":0,"menu_order":0,"comment_status":"closed","ping_status":"closed","template":"","meta":{"spay_email":""},"_links":{"self":[{"href":"http:\/\/www.rito.pt\/fr\/wp-json\/wp\/v2\/pages\/594"}],"collection":[{"href":"http:\/\/www.rito.pt\/fr\/wp-json\/wp\/v2\/pages"}],"about":[{"href":"http:\/\/www.rito.pt\/fr\/wp-json\/wp\/v2\/types\/page"}],"author":[{"embeddable":true,"href":"http:\/\/www.rito.pt\/fr\/wp-json\/wp\/v2\/users\/1"}],"replies":[{"embeddable":true,"href":"http:\/\/www.rito.pt\/fr\/wp-json\/wp\/v2\/comments?post=594"}],"version-history":[{"count":9,"href":"http:\/\/www.rito.pt\/fr\/wp-json\/wp\/v2\/pages\/594\/revisions"}],"predecessor-version":[{"id":809,"href":"http:\/\/www.rito.pt\/fr\/wp-json\/wp\/v2\/pages\/594\/revisions\/809"}],"wp:attachment":[{"href":"http:\/\/www.rito.pt\/fr\/wp-json\/wp\/v2\/media?parent=594"}],"curies":[{"name":"wp","href":"https:\/\/api.w.org\/{rel}","templated":true}]}}