{"id":634,"date":"2020-09-25T09:21:45","date_gmt":"2020-09-25T09:21:45","guid":{"rendered":"http:\/\/www.rito.pt\/rito\/?page_id=634"},"modified":"2020-10-22T15:10:35","modified_gmt":"2020-10-22T15:10:35","slug":"reacondicionamento-de-motores","status":"publish","type":"page","link":"http:\/\/www.rito.pt\/fr\/reacondicionamento-de-motores\/","title":{"rendered":"Reconditionnement du moteur"},"content":{"rendered":"<div data-elementor-type=\"wp-page\" data-elementor-id=\"634\" class=\"elementor elementor-634\" data-elementor-settings=\"[]\">\n\t\t\t<div class=\"elementor-inner\">\n\t\t\t\t<div class=\"elementor-section-wrap\">\n\t\t\t\t\t\t\t<section class=\"elementor-element elementor-element-e5ef9d8 elementor-section-boxed elementor-section-height-default elementor-section-height-default elementor-section elementor-top-section\" data-id=\"e5ef9d8\" data-element_type=\"section\">\n\t\t\t\t\t\t<div class=\"elementor-container elementor-column-gap-default\">\n\t\t\t\t<div class=\"elementor-row\">\n\t\t\t\t<div class=\"elementor-element elementor-element-e3b7ed1 elementor-column elementor-col-100 elementor-top-column\" data-id=\"e3b7ed1\" data-element_type=\"column\">\n\t\t\t<div class=\"elementor-column-wrap  elementor-element-populated\">\n\t\t\t\t\t<div class=\"elementor-widget-wrap\">\n\t\t\t\t<div class=\"elementor-element elementor-element-c212923 elementor-widget elementor-widget-menu-anchor\" data-id=\"c212923\" data-element_type=\"widget\" data-widget_type=\"menu-anchor.default\">\n\t\t\t\t<div class=\"elementor-widget-container\">\n\t\t\t\t\t<div id=\"rea\" class=\"elementor-menu-anchor\"><\/div>\n\t\t\t\t<\/div>\n\t\t\t\t<\/div>\n\t\t\t\t<div class=\"elementor-element elementor-element-c2ed5a2 elementor-widget elementor-widget-heading\" data-id=\"c2ed5a2\" data-element_type=\"widget\" data-widget_type=\"heading.default\">\n\t\t\t\t<div class=\"elementor-widget-container\">\n\t\t\t<h2 class=\"elementor-heading-title elementor-size-default\">Reconditionnement du moteur<\/h2>\t\t<\/div>\n\t\t\t\t<\/div>\n\t\t\t\t\t\t<\/div>\n\t\t\t<\/div>\n\t\t<\/div>\n\t\t\t\t\t\t<\/div>\n\t\t\t<\/div>\n\t\t<\/section>\n\t\t\t\t<section class=\"elementor-element elementor-element-b368ec3 elementor-section-boxed elementor-section-height-default elementor-section-height-default elementor-section elementor-top-section\" data-id=\"b368ec3\" data-element_type=\"section\">\n\t\t\t\t\t\t<div class=\"elementor-container elementor-column-gap-default\">\n\t\t\t\t<div class=\"elementor-row\">\n\t\t\t\t<div class=\"elementor-element elementor-element-00d4c09 elementor-column elementor-col-50 elementor-top-column\" data-id=\"00d4c09\" data-element_type=\"column\">\n\t\t\t<div class=\"elementor-column-wrap  elementor-element-populated\">\n\t\t\t\t\t<div class=\"elementor-widget-wrap\">\n\t\t\t\t<div class=\"elementor-element elementor-element-7d23111 elementor-widget elementor-widget-text-editor\" data-id=\"7d23111\" data-element_type=\"widget\" data-widget_type=\"text-editor.default\">\n\t\t\t\t<div class=\"elementor-widget-container\">\n\t\t\t\t\t<div class=\"elementor-text-editor elementor-clearfix\"><p>\u00a0\u00a0 Notre service de remise en \u00e9tat de moteurs existe depuis la cr\u00e9ation de l&#39;entreprise en 1947, nous avons donc de l&#39;exp\u00e9rience dans la reconstruction de tous les types de moteurs \u00e0 combustion interne.<\/p><p align=\"justify\">\u00a0\u00a0 Nous avons \u00e9galement une vaste exp\u00e9rience dans la pr\u00e9paration de moteurs pour la comp\u00e9tition de vitesse, tout terrain (Rally, Ralicross, Autocross), motocyclisme, entre autres.<\/p><p align=\"justify\">\u00a0\u00a0 Dans le domaine des voitures historiques, nous effectuons tous types de r\u00e9parations, en conservant les caract\u00e9ristiques d&#39;origine des moteurs, mais en les valorisant avec l&#39;introduction d&#39;une technologie de pointe qui leur offre une plus grande performance et fiabilit\u00e9. Ces services ont m\u00e9rit\u00e9 une grande reconnaissance nationale et internationale, notamment par des collectionneurs et des professionnels sp\u00e9cialis\u00e9s de pays ayant une grande exp\u00e9rience dans la restauration de voitures anciennes, comme l&#39;Espagne, la France, l&#39;Allemagne et l&#39;Angleterre.<\/p><p align=\"justify\">\u00a0<\/p><\/div>\n\t\t\t\t<\/div>\n\t\t\t\t<\/div>\n\t\t\t\t\t\t<\/div>\n\t\t\t<\/div>\n\t\t<\/div>\n\t\t\t\t<div class=\"elementor-element elementor-element-a5d650e elementor-column elementor-col-50 elementor-top-column\" data-id=\"a5d650e\" data-element_type=\"column\">\n\t\t\t<div class=\"elementor-column-wrap  elementor-element-populated\">\n\t\t\t\t\t<div class=\"elementor-widget-wrap\">\n\t\t\t\t<div class=\"elementor-element elementor-element-c8e7493 elementor-widget elementor-widget-image\" data-id=\"c8e7493\" data-element_type=\"widget\" data-widget_type=\"image.default\">\n\t\t\t\t<div class=\"elementor-widget-container\">\n\t\t\t\t\t<div class=\"elementor-image\">\n\t\t\t\t\t\t\t\t\t\t<img width=\"408\" height=\"306\" src=\"http:\/\/www.rito.pt\/wp-content\/uploads\/2020\/09\/3-0-copy.jpg\" class=\"attachment-full size-full\" alt=\"\" loading=\"lazy\" srcset=\"http:\/\/www.rito.pt\/wp-content\/uploads\/2020\/09\/3-0-copy.jpg 408w, http:\/\/www.rito.pt\/wp-content\/uploads\/2020\/09\/3-0-copy-300x225.jpg 300w, http:\/\/www.rito.pt\/wp-content\/uploads\/2020\/09\/3-0-copy-195x146.jpg 195w, http:\/\/www.rito.pt\/wp-content\/uploads\/2020\/09\/3-0-copy-50x38.jpg 50w, http:\/\/www.rito.pt\/wp-content\/uploads\/2020\/09\/3-0-copy-100x75.jpg 100w\" sizes=\"(max-width: 408px) 100vw, 408px\" \/>\t\t\t\t\t\t\t\t\t\t\t<\/div>\n\t\t\t\t<\/div>\n\t\t\t\t<\/div>\n\t\t\t\t\t\t<\/div>\n\t\t\t<\/div>\n\t\t<\/div>\n\t\t\t\t\t\t<\/div>\n\t\t\t<\/div>\n\t\t<\/section>\n\t\t\t\t<section class=\"elementor-element elementor-element-2b2eee5 elementor-section-boxed elementor-section-height-default elementor-section-height-default elementor-section elementor-top-section\" data-id=\"2b2eee5\" data-element_type=\"section\">\n\t\t\t\t\t\t<div class=\"elementor-container elementor-column-gap-default\">\n\t\t\t\t<div class=\"elementor-row\">\n\t\t\t\t<div class=\"elementor-element elementor-element-f794e78 elementor-column elementor-col-100 elementor-top-column\" data-id=\"f794e78\" data-element_type=\"column\">\n\t\t\t<div class=\"elementor-column-wrap  elementor-element-populated\">\n\t\t\t\t\t<div class=\"elementor-widget-wrap\">\n\t\t\t\t<section class=\"elementor-element elementor-element-5bbc0fc elementor-section-boxed elementor-section-height-default elementor-section-height-default elementor-section elementor-inner-section\" data-id=\"5bbc0fc\" data-element_type=\"section\">\n\t\t\t\t\t\t<div class=\"elementor-container elementor-column-gap-default\">\n\t\t\t\t<div class=\"elementor-row\">\n\t\t\t\t<div class=\"elementor-element elementor-element-8f54e25 elementor-column elementor-col-100 elementor-inner-column\" data-id=\"8f54e25\" data-element_type=\"column\">\n\t\t\t<div class=\"elementor-column-wrap  elementor-element-populated\">\n\t\t\t\t\t<div class=\"elementor-widget-wrap\">\n\t\t\t\t<div class=\"elementor-element elementor-element-b2c4190 elementor-widget elementor-widget-text-editor\" data-id=\"b2c4190\" data-element_type=\"widget\" data-widget_type=\"text-editor.default\">\n\t\t\t\t<div class=\"elementor-widget-container\">\n\t\t\t\t\t<div class=\"elementor-text-editor elementor-clearfix\"><p align=\"justify\">\u00a0\u00a0 Toujours en respectant les recommandations des fabricants et en ajoutant de la valeur en utilisant les derni\u00e8res technologies, nous r\u00e9alisons les op\u00e9rations suivantes.\u00a0<\/p><p align=\"justify\">COLA\u00c7AS:<br \/>D\u00e9carbonisation, test d&#39;\u00e9tanch\u00e9it\u00e9, rectification de si\u00e8ge, vannes et r\u00e9glage.<\/p><p align=\"justify\">BLOCS MOTEUR:<br \/>Test, dressage, redressage des cylindres, gainage et al\u00e9sage en ligne.<\/p><p align=\"justify\">TIGES:<br \/>Rectification des roulements, pose des oeillets et des bielles.<\/p><p align=\"justify\">CAMBOTS:<br \/>Rectification, montage et r\u00e9glage.<\/p><p align=\"justify\">MOTEUR:<br \/>Pr\u00e9-assemblage final pour les tests et les r\u00e9glages.<\/p><p align=\"justify\">COUPLES:<br \/>D\u00e9montage, \u00e9valuation et reconstruction.<\/p><p align=\"justify\">\u00a0\u00a0 Reconstruction partielle de pi\u00e8ces endommag\u00e9es telles que: arbres secondaires et primaires, pignons d&#39;entra\u00eenement, paliers diff\u00e9rentiels, transmissions, pompes \u00e0 huile et autres. En cas d&#39;impossibilit\u00e9 de r\u00e9paration, nous pouvons \u00e9galement recourir \u00e0 la fabrication de pi\u00e8ces neuves dans notre centre de production.<\/p><\/div>\n\t\t\t\t<\/div>\n\t\t\t\t<\/div>\n\t\t\t\t\t\t<\/div>\n\t\t\t<\/div>\n\t\t<\/div>\n\t\t\t\t\t\t<\/div>\n\t\t\t<\/div>\n\t\t<\/section>\n\t\t\t\t\t\t<\/div>\n\t\t\t<\/div>\n\t\t<\/div>\n\t\t\t\t\t\t<\/div>\n\t\t\t<\/div>\n\t\t<\/section>\n\t\t\t\t\t\t<\/div>\n\t\t\t<\/div>\n\t\t<\/div>","protected":false},"excerpt":{"rendered":"<p>Reacondicionamento de Motores \u00a0\u00a0 O nosso Departamento de Reacondicionamento de motores existe desde a funda\u00e7\u00e3o da empresa em 1947, tendo por isso experi\u00eancia na reconstru\u00e7\u00e3o de<span class=\"excerpt-hellip\"> [\u2026]<\/span><\/p>","protected":false},"author":1,"featured_media":0,"parent":0,"menu_order":0,"comment_status":"closed","ping_status":"closed","template":"","meta":{"spay_email":""},"_links":{"self":[{"href":"http:\/\/www.rito.pt\/fr\/wp-json\/wp\/v2\/pages\/634"}],"collection":[{"href":"http:\/\/www.rito.pt\/fr\/wp-json\/wp\/v2\/pages"}],"about":[{"href":"http:\/\/www.rito.pt\/fr\/wp-json\/wp\/v2\/types\/page"}],"author":[{"embeddable":true,"href":"http:\/\/www.rito.pt\/fr\/wp-json\/wp\/v2\/users\/1"}],"replies":[{"embeddable":true,"href":"http:\/\/www.rito.pt\/fr\/wp-json\/wp\/v2\/comments?post=634"}],"version-history":[{"count":9,"href":"http:\/\/www.rito.pt\/fr\/wp-json\/wp\/v2\/pages\/634\/revisions"}],"predecessor-version":[{"id":807,"href":"http:\/\/www.rito.pt\/fr\/wp-json\/wp\/v2\/pages\/634\/revisions\/807"}],"wp:attachment":[{"href":"http:\/\/www.rito.pt\/fr\/wp-json\/wp\/v2\/media?parent=634"}],"curies":[{"name":"wp","href":"https:\/\/api.w.org\/{rel}","templated":true}]}}