{"id":635,"date":"2020-09-25T09:35:46","date_gmt":"2020-09-25T09:35:46","guid":{"rendered":"http:\/\/www.rito.pt\/rito\/?page_id=635"},"modified":"2020-10-22T15:12:39","modified_gmt":"2020-10-22T15:12:39","slug":"subcontratacao","status":"publish","type":"page","link":"http:\/\/www.rito.pt\/fr\/subcontratacao\/","title":{"rendered":"Sous-traitant"},"content":{"rendered":"<div data-elementor-type=\"wp-page\" data-elementor-id=\"635\" class=\"elementor elementor-635\" data-elementor-settings=\"[]\">\n\t\t\t<div class=\"elementor-inner\">\n\t\t\t\t<div class=\"elementor-section-wrap\">\n\t\t\t\t\t\t\t<section class=\"elementor-element elementor-element-8ab76ec elementor-section-boxed elementor-section-height-default elementor-section-height-default elementor-section elementor-top-section\" data-id=\"8ab76ec\" data-element_type=\"section\">\n\t\t\t\t\t\t<div class=\"elementor-container elementor-column-gap-default\">\n\t\t\t\t<div class=\"elementor-row\">\n\t\t\t\t<div class=\"elementor-element elementor-element-ec0339e elementor-column elementor-col-100 elementor-top-column\" data-id=\"ec0339e\" data-element_type=\"column\">\n\t\t\t<div class=\"elementor-column-wrap  elementor-element-populated\">\n\t\t\t\t\t<div class=\"elementor-widget-wrap\">\n\t\t\t\t<div class=\"elementor-element elementor-element-52ee384 elementor-widget elementor-widget-menu-anchor\" data-id=\"52ee384\" data-element_type=\"widget\" data-widget_type=\"menu-anchor.default\">\n\t\t\t\t<div class=\"elementor-widget-container\">\n\t\t\t\t\t<div id=\"des\" class=\"elementor-menu-anchor\"><\/div>\n\t\t\t\t<\/div>\n\t\t\t\t<\/div>\n\t\t\t\t<div class=\"elementor-element elementor-element-c07a78e elementor-widget elementor-widget-heading\" data-id=\"c07a78e\" data-element_type=\"widget\" data-widget_type=\"heading.default\">\n\t\t\t\t<div class=\"elementor-widget-container\">\n\t\t\t<h2 class=\"elementor-heading-title elementor-size-default\">Sous-traitant<\/h2>\t\t<\/div>\n\t\t\t\t<\/div>\n\t\t\t\t\t\t<\/div>\n\t\t\t<\/div>\n\t\t<\/div>\n\t\t\t\t\t\t<\/div>\n\t\t\t<\/div>\n\t\t<\/section>\n\t\t\t\t<section class=\"elementor-element elementor-element-6cf6407 elementor-section-content-middle elementor-section-boxed elementor-section-height-default elementor-section-height-default elementor-section elementor-top-section\" data-id=\"6cf6407\" data-element_type=\"section\">\n\t\t\t\t\t\t<div class=\"elementor-container elementor-column-gap-default\">\n\t\t\t\t<div class=\"elementor-row\">\n\t\t\t\t<div class=\"elementor-element elementor-element-7bb3c25 elementor-column elementor-col-50 elementor-top-column\" data-id=\"7bb3c25\" data-element_type=\"column\">\n\t\t\t<div class=\"elementor-column-wrap  elementor-element-populated\">\n\t\t\t\t\t<div class=\"elementor-widget-wrap\">\n\t\t\t\t<div class=\"elementor-element elementor-element-a57cba1 elementor-widget elementor-widget-text-editor\" data-id=\"a57cba1\" data-element_type=\"widget\" data-widget_type=\"text-editor.default\">\n\t\t\t\t<div class=\"elementor-widget-container\">\n\t\t\t\t\t<div class=\"elementor-text-editor elementor-clearfix\"><div id=\"detalhe\"><p><span class=\"titulo1\">LA TECHNOLOGIE<\/span>\u00a0<\/p><p>\u00a0\u00a0 La base de ce concept s&#39;appuie sur le \u00absavoir-faire\u00bb acquis en plus d&#39;un demi-si\u00e8cle d&#39;activit\u00e9 par nos services techniques et autres collaborateurs.<\/p><p>\u00a0\u00a0 Les \u00e9quipements CNC \u00e0 la pointe de la technologie ont consid\u00e9rablement modifi\u00e9 les processus de fabrication tout en garantissant, encore plus, la qualit\u00e9 de la finition et des dimensions. Le soutien d&#39;un support informatique tel que le nouveau programme de production (Sipro-Ind\u00fastria), le programme de qualit\u00e9 (SIQA), le programme de contr\u00f4le des appareils de mesure et de surveillance (DMM) et la conception assist\u00e9e par ordinateur (Auto-Cad) sont une garantie le succ\u00e8s des processus et l&#39;avenir qui nous appartient.<\/p><\/div><\/div>\n\t\t\t\t<\/div>\n\t\t\t\t<\/div>\n\t\t\t\t\t\t<\/div>\n\t\t\t<\/div>\n\t\t<\/div>\n\t\t\t\t<div class=\"elementor-element elementor-element-cd8d5e7 elementor-column elementor-col-50 elementor-top-column\" data-id=\"cd8d5e7\" data-element_type=\"column\">\n\t\t\t<div class=\"elementor-column-wrap  elementor-element-populated\">\n\t\t\t\t\t<div class=\"elementor-widget-wrap\">\n\t\t\t\t<div class=\"elementor-element elementor-element-12974d6 elementor-widget elementor-widget-image\" data-id=\"12974d6\" data-element_type=\"widget\" data-widget_type=\"image.default\">\n\t\t\t\t<div class=\"elementor-widget-container\">\n\t\t\t\t\t<div class=\"elementor-image\">\n\t\t\t\t\t\t\t\t\t\t<img width=\"1024\" height=\"512\" src=\"http:\/\/www.rito.pt\/wp-content\/uploads\/2020\/09\/IMG_6319-copy-1024x512.jpg\" class=\"attachment-large size-large\" alt=\"\" loading=\"lazy\" srcset=\"http:\/\/www.rito.pt\/wp-content\/uploads\/2020\/09\/IMG_6319-copy-1024x512.jpg 1024w, http:\/\/www.rito.pt\/wp-content\/uploads\/2020\/09\/IMG_6319-copy-300x150.jpg 300w, http:\/\/www.rito.pt\/wp-content\/uploads\/2020\/09\/IMG_6319-copy-768x384.jpg 768w, http:\/\/www.rito.pt\/wp-content\/uploads\/2020\/09\/IMG_6319-copy-1536x768.jpg 1536w, http:\/\/www.rito.pt\/wp-content\/uploads\/2020\/09\/IMG_6319-copy-260x130.jpg 260w, http:\/\/www.rito.pt\/wp-content\/uploads\/2020\/09\/IMG_6319-copy-50x25.jpg 50w, http:\/\/www.rito.pt\/wp-content\/uploads\/2020\/09\/IMG_6319-copy-150x75.jpg 150w, http:\/\/www.rito.pt\/wp-content\/uploads\/2020\/09\/IMG_6319-copy.jpg 1920w\" sizes=\"(max-width: 1024px) 100vw, 1024px\" \/>\t\t\t\t\t\t\t\t\t\t\t<\/div>\n\t\t\t\t<\/div>\n\t\t\t\t<\/div>\n\t\t\t\t\t\t<\/div>\n\t\t\t<\/div>\n\t\t<\/div>\n\t\t\t\t\t\t<\/div>\n\t\t\t<\/div>\n\t\t<\/section>\n\t\t\t\t<section class=\"elementor-element elementor-element-6781f81 elementor-section-boxed elementor-section-height-default elementor-section-height-default elementor-section elementor-top-section\" data-id=\"6781f81\" data-element_type=\"section\">\n\t\t\t\t\t\t<div class=\"elementor-container elementor-column-gap-default\">\n\t\t\t\t<div class=\"elementor-row\">\n\t\t\t\t<div class=\"elementor-element elementor-element-f85ab82 elementor-column elementor-col-100 elementor-top-column\" data-id=\"f85ab82\" data-element_type=\"column\">\n\t\t\t<div class=\"elementor-column-wrap  elementor-element-populated\">\n\t\t\t\t\t<div class=\"elementor-widget-wrap\">\n\t\t\t\t<div class=\"elementor-element elementor-element-2723fc6 elementor-widget elementor-widget-menu-anchor\" data-id=\"2723fc6\" data-element_type=\"widget\" data-widget_type=\"menu-anchor.default\">\n\t\t\t\t<div class=\"elementor-widget-container\">\n\t\t\t\t\t<div id=\"sub\" class=\"elementor-menu-anchor\"><\/div>\n\t\t\t\t<\/div>\n\t\t\t\t<\/div>\n\t\t\t\t<div class=\"elementor-element elementor-element-72b8bd0 elementor-widget elementor-widget-heading\" data-id=\"72b8bd0\" data-element_type=\"widget\" data-widget_type=\"heading.default\">\n\t\t\t\t<div class=\"elementor-widget-container\">\n\t\t\t<h2 class=\"elementor-heading-title elementor-size-default\">Centres de production<\/h2>\t\t<\/div>\n\t\t\t\t<\/div>\n\t\t\t\t\t\t<\/div>\n\t\t\t<\/div>\n\t\t<\/div>\n\t\t\t\t\t\t<\/div>\n\t\t\t<\/div>\n\t\t<\/section>\n\t\t\t\t<section class=\"elementor-element elementor-element-f805e12 elementor-section-boxed elementor-section-height-default elementor-section-height-default elementor-section elementor-top-section\" data-id=\"f805e12\" data-element_type=\"section\">\n\t\t\t\t\t\t<div class=\"elementor-container elementor-column-gap-default\">\n\t\t\t\t<div class=\"elementor-row\">\n\t\t\t\t<div class=\"elementor-element elementor-element-b43b46e elementor-column elementor-col-100 elementor-top-column\" data-id=\"b43b46e\" data-element_type=\"column\">\n\t\t\t<div class=\"elementor-column-wrap  elementor-element-populated\">\n\t\t\t\t\t<div class=\"elementor-widget-wrap\">\n\t\t\t\t<div class=\"elementor-element elementor-element-b10c3fb elementor-widget elementor-widget-text-editor\" data-id=\"b10c3fb\" data-element_type=\"widget\" data-widget_type=\"text-editor.default\">\n\t\t\t\t<div class=\"elementor-widget-container\">\n\t\t\t\t\t<div class=\"elementor-text-editor elementor-clearfix\"><div id=\"detalhe\"><p><span class=\"titulo1\">USINE<\/span><br \/><span class=\"titulo1\">CENTRE DE PRODUCTION<br \/><\/span><br \/>Il occupe une superficie couverte de 2800 m\u00b2 qui comprend les sections suivantes:<\/p><ul><li>Bureau de contr\u00f4le - Bien \u00e9quip\u00e9 et climatis\u00e9.<\/li><li>Entrep\u00f4t de produits finis - Centralis\u00e9 et informatis\u00e9.<\/li><li>Navire principal - Usinage mis \u00e0 jour et sp\u00e9cifique pour de bonnes performances dans la fabrication de notre gamme de produits.<\/li><li>Forgeage - \u00c9quip\u00e9 pour une charge de 350 tonnes.<\/li><li>Traitement thermique -<ul><li>Acier - Recuit, cimentation, trempe et revenu;<\/li><li>Aluminium - Trempe et revenu.<\/li><\/ul><\/li><li>Moulage d&#39;aluminium - Moulage par gravit\u00e9.<\/li><li>Traitement de surface - Phosphatation d&#39;aluminium.<\/li><li>Entrep\u00f4t de mati\u00e8res premi\u00e8res - Centralis\u00e9 et informatis\u00e9.<\/li><li>Bureau technique - R\u00e9seau informatique et conception assist\u00e9e par ordinateur<\/li><\/ul><div>\u00a0<\/div><\/div><\/div>\n\t\t\t\t<\/div>\n\t\t\t\t<\/div>\n\t\t\t\t\t\t<\/div>\n\t\t\t<\/div>\n\t\t<\/div>\n\t\t\t\t\t\t<\/div>\n\t\t\t<\/div>\n\t\t<\/section>\n\t\t\t\t\t\t<\/div>\n\t\t\t<\/div>\n\t\t<\/div>","protected":false},"excerpt":{"rendered":"<p>Subcontrata\u00e7\u00e3o TECNOLOGIA\u00a0 \u00a0\u00a0 A base deste conceito \u00e9 sustentada pelo \u201cknow how\u201d adquirido em mais de meio s\u00e9culo de actividade pelos nossos servi\u00e7os t\u00e9cnicos e demais<span class=\"excerpt-hellip\"> [\u2026]<\/span><\/p>","protected":false},"author":1,"featured_media":0,"parent":0,"menu_order":0,"comment_status":"closed","ping_status":"closed","template":"","meta":{"spay_email":""},"_links":{"self":[{"href":"http:\/\/www.rito.pt\/fr\/wp-json\/wp\/v2\/pages\/635"}],"collection":[{"href":"http:\/\/www.rito.pt\/fr\/wp-json\/wp\/v2\/pages"}],"about":[{"href":"http:\/\/www.rito.pt\/fr\/wp-json\/wp\/v2\/types\/page"}],"author":[{"embeddable":true,"href":"http:\/\/www.rito.pt\/fr\/wp-json\/wp\/v2\/users\/1"}],"replies":[{"embeddable":true,"href":"http:\/\/www.rito.pt\/fr\/wp-json\/wp\/v2\/comments?post=635"}],"version-history":[{"count":6,"href":"http:\/\/www.rito.pt\/fr\/wp-json\/wp\/v2\/pages\/635\/revisions"}],"predecessor-version":[{"id":808,"href":"http:\/\/www.rito.pt\/fr\/wp-json\/wp\/v2\/pages\/635\/revisions\/808"}],"wp:attachment":[{"href":"http:\/\/www.rito.pt\/fr\/wp-json\/wp\/v2\/media?parent=635"}],"curies":[{"name":"wp","href":"https:\/\/api.w.org\/{rel}","templated":true}]}}